{"id":11928,"date":"2024-03-14T13:32:35","date_gmt":"2024-03-14T12:32:35","guid":{"rendered":"http:\/\/delikatesy.wineport.pl\/?product=wino-porto-casa-antiga-075l"},"modified":"2026-05-10T18:28:25","modified_gmt":"2026-05-10T16:28:25","slug":"wino-porto-casa-antiga-075l","status":"publish","type":"product","link":"http:\/\/delikatesy.wineport.pl\/?product=wino-porto-casa-antiga-075l","title":{"rendered":"Wino Porto Casa Antiga 0,75L"},"content":{"rendered":"<p><span class=\"Apple-style-span\" style=\"color: #580a0a; font-family: Verdana, Arial, Helvetica, sans-serif; font-size: 11px; -webkit-border-horizontal-spacing: 8px; -webkit-border-vertical-spacing: 8px;\"><span style=\"color: #ff0000;\">UWAGA!!! NIE WYSY\u0141AMY ALKOHOLU KURIEREM W PRZYPADKU ZAM\u00d3WIE\u0143 OD OS\u00d3B PRYWATNYCH, TYLKO ODBI\u00d3R OSOBISTY NA UL. \u015aW. STANIS\u0141AWA 12 W WARSZAWIE!!! W przypadku op\u0142acenia zam\u00f3wienia alkoholu z wysy\u0142k\u0105, przy zwrocie pieni\u0119dzy zostanie potr\u0105cona prowizja\u00a0<\/span><strong style=\"color: #ff0000;\">DOTPAY<\/strong><span style=\"color: #ff0000;\">!<\/span><\/span><\/p>\n<p><span class=\"Apple-style-span\" style=\"color: #580a0a; font-family: Verdana, Arial, Helvetica, sans-serif; font-size: 11px; -webkit-border-horizontal-spacing: 8px; -webkit-border-vertical-spacing: 8px;\">Szczepy: Touriga Nacional, Tinta Roriz, Tinta Barroca, Touriga Franca<\/span> <span class=\"Apple-style-span\" style=\"color: #580a0a; font-family: Verdana, Arial, Helvetica, sans-serif; font-size: 11px; -webkit-border-horizontal-spacing: 8px; -webkit-border-vertical-spacing: 8px;\"><br \/> <\/span> <span class=\"Apple-style-span\" style=\"color: #580a0a; font-family: Verdana, Arial, Helvetica, sans-serif; font-size: 11px; -webkit-border-horizontal-spacing: 8px; -webkit-border-vertical-spacing: 8px;\">Wino o rubinowym kolorze i aromacie czerwonych owoc\u00f3w takich jak wi\u015bnie, porzeczki. Pe\u0142ne, g\u0119ste, dobrze zr\u00f3wnowa\u017cona s\u0142odycz.<\/span><\/p>\n","protected":false},"excerpt":{"rendered":"<p>Szczepy: Touriga Nacional, Tinta Roriz, Tinta Barroca, Touriga Franca Wino o rubinowym kolorze i aromacie czerwonych owoc\u00f3w takich jak wi\u015bnie, porzeczki. Pe\u0142ne, g\u0119ste, dobrze zr\u00f3wnowa\u017cona s\u0142odycz.<\/p>\n","protected":false},"featured_media":11927,"comment_status":"open","ping_status":"closed","template":"","meta":[],"product_cat":[94,80],"product_tag":[],"class_list":{"0":"post-11928","1":"product","2":"type-product","3":"status-publish","4":"has-post-thumbnail","6":"product_cat-portugalia","7":"product_cat-wina-swiata","9":"first","10":"instock","11":"shipping-taxable","12":"purchasable","13":"product-type-simple"},"_links":{"self":[{"href":"http:\/\/delikatesy.wineport.pl\/index.php?rest_route=\/wp\/v2\/product\/11928","targetHints":{"allow":["GET"]}}],"collection":[{"href":"http:\/\/delikatesy.wineport.pl\/index.php?rest_route=\/wp\/v2\/product"}],"about":[{"href":"http:\/\/delikatesy.wineport.pl\/index.php?rest_route=\/wp\/v2\/types\/product"}],"replies":[{"embeddable":true,"href":"http:\/\/delikatesy.wineport.pl\/index.php?rest_route=%2Fwp%2Fv2%2Fcomments&post=11928"}],"wp:featuredmedia":[{"embeddable":true,"href":"http:\/\/delikatesy.wineport.pl\/index.php?rest_route=\/wp\/v2\/media\/11927"}],"wp:attachment":[{"href":"http:\/\/delikatesy.wineport.pl\/index.php?rest_route=%2Fwp%2Fv2%2Fmedia&parent=11928"}],"wp:term":[{"taxonomy":"product_cat","embeddable":true,"href":"http:\/\/delikatesy.wineport.pl\/index.php?rest_route=%2Fwp%2Fv2%2Fproduct_cat&post=11928"},{"taxonomy":"product_tag","embeddable":true,"href":"http:\/\/delikatesy.wineport.pl\/index.php?rest_route=%2Fwp%2Fv2%2Fproduct_tag&post=11928"}],"curies":[{"name":"wp","href":"https:\/\/api.w.org\/{rel}","templated":true}]}}