{"id":11952,"date":"2024-03-14T13:32:45","date_gmt":"2024-03-14T12:32:45","guid":{"rendered":"http:\/\/delikatesy.wineport.pl\/?product=wino-nuwang-ume-pflaume-50-cl"},"modified":"2026-05-10T18:29:12","modified_gmt":"2026-05-10T16:29:12","slug":"wino-nuwang-ume-pflaume-50-cl","status":"publish","type":"product","link":"http:\/\/delikatesy.wineport.pl\/?product=wino-nuwang-ume-pflaume-50-cl","title":{"rendered":"WINO NUWANG UME -PFLAUME (50 CL)"},"content":{"rendered":"<p><span class=\"Apple-style-span\" style=\"color: #222222; font-family: Verdana, Helvetica, Arial, sans-serif; font-size: 12px; -webkit-border-horizontal-spacing: 1px; -webkit-border-vertical-spacing: 1px;\"><span style=\"color: #ff0000;\">UWAGA!!! NIE WYSY\u0141AMY ALKOHOLU KURIEREM W PRZYPADKU ZAM\u00d3WIE\u0143 OD OS\u00d3B PRYWATNYCH, TYLKO ODBI\u00d3R OSOBISTY NA UL. \u015aW. STANIS\u0141AWA 12 W WARSZAWIE!!! W przypadku op\u0142acenia zam\u00f3wienia alkoholu z wysy\u0142k\u0105, przy zwrocie pieni\u0119dzy zostanie potr\u0105cona prowizja\u00a0<\/span><strong style=\"color: #ff0000;\">DOTPAY<\/strong><span style=\"color: #ff0000;\">!<\/span><\/span><\/p>\n<p><span class=\"Apple-style-span\" style=\"color: #222222; font-family: Verdana, Helvetica, Arial, sans-serif; font-size: 12px; -webkit-border-horizontal-spacing: 1px; -webkit-border-vertical-spacing: 1px;\">Doskona\u0142e wino z \u015bliwki Ume, z charakterystcznym d\u0142ugim finiszem. Doskona\u0142e jako aperitif- idealna temperatura serwowania- 8-10 stop. C.<\/span><\/p>\n","protected":false},"excerpt":{"rendered":"<p>Doskona\u0142e wino z \u015bliwki Ume, z charakterystcznym d\u0142ugim finiszem. Doskona\u0142e jako aperitif- idealna temperatura serwowania- 8-10 stop. C.<\/p>\n","protected":false},"featured_media":11951,"comment_status":"open","ping_status":"closed","template":"","meta":[],"product_cat":[179,80],"product_tag":[],"class_list":{"0":"post-11952","1":"product","2":"type-product","3":"status-publish","4":"has-post-thumbnail","6":"product_cat-chiny","7":"product_cat-wina-swiata","9":"first","10":"instock","11":"shipping-taxable","12":"purchasable","13":"product-type-simple"},"_links":{"self":[{"href":"http:\/\/delikatesy.wineport.pl\/index.php?rest_route=\/wp\/v2\/product\/11952","targetHints":{"allow":["GET"]}}],"collection":[{"href":"http:\/\/delikatesy.wineport.pl\/index.php?rest_route=\/wp\/v2\/product"}],"about":[{"href":"http:\/\/delikatesy.wineport.pl\/index.php?rest_route=\/wp\/v2\/types\/product"}],"replies":[{"embeddable":true,"href":"http:\/\/delikatesy.wineport.pl\/index.php?rest_route=%2Fwp%2Fv2%2Fcomments&post=11952"}],"wp:featuredmedia":[{"embeddable":true,"href":"http:\/\/delikatesy.wineport.pl\/index.php?rest_route=\/wp\/v2\/media\/11951"}],"wp:attachment":[{"href":"http:\/\/delikatesy.wineport.pl\/index.php?rest_route=%2Fwp%2Fv2%2Fmedia&parent=11952"}],"wp:term":[{"taxonomy":"product_cat","embeddable":true,"href":"http:\/\/delikatesy.wineport.pl\/index.php?rest_route=%2Fwp%2Fv2%2Fproduct_cat&post=11952"},{"taxonomy":"product_tag","embeddable":true,"href":"http:\/\/delikatesy.wineport.pl\/index.php?rest_route=%2Fwp%2Fv2%2Fproduct_tag&post=11952"}],"curies":[{"name":"wp","href":"https:\/\/api.w.org\/{rel}","templated":true}]}}