{"id":11964,"date":"2024-03-14T13:32:47","date_gmt":"2024-03-14T12:32:47","guid":{"rendered":"http:\/\/delikatesy.wineport.pl\/?product=chateau-de-mercues-cahors-a-c-075l"},"modified":"2026-05-10T18:29:15","modified_gmt":"2026-05-10T16:29:15","slug":"chateau-de-mercues-cahors-a-c-075l","status":"publish","type":"product","link":"http:\/\/delikatesy.wineport.pl\/?product=chateau-de-mercues-cahors-a-c-075l","title":{"rendered":"CHATEAU DE MERCUES, CAHORS A.C. 0,75l"},"content":{"rendered":"<ul style=\"font-family: Verdana; font-size: 11px;\">\n<li><span style=\"color: #ff0000;\">UWAGA!!! NIE WYSY\u0141AMY ALKOHOLU KURIEREM W PRZYPADKU ZAM\u00d3WIE\u0143 OD OS\u00d3B PRYWATNYCH, TYLKO ODBI\u00d3R OSOBISTY NA UL. \u015aW. STANIS\u0141AWA 12 W WARSZAWIE!!! W przypadku op\u0142acenia zam\u00f3wienia alkoholu z wysy\u0142k\u0105, przy zwrocie pieni\u0119dzy zostanie potr\u0105cona prowizja\u00a0<\/span><strong style=\"color: #ff0000;\">DOTPAY<\/strong><span style=\"color: #ff0000;\">!<\/span><\/li>\n<li>wspania\u0142e wino w 100% ze szczepu Malbec\u00a0d\u0142ugie dojrzewanie w beczkach z francuskiego d\u0119bu od 18 do 24 miesi\u0119cy. Wyczuwalne aromaty czarnych i czerwonych owoc\u00f3w,je\u017cyna,malina i czarna porzeczka,kt\u00f3re nast\u0119pnie pozostawiaj\u0105 d\u0142ugi skoncentrowany smak na podniebieniu\u00a0\u015bwietnie komponuje si\u0119 z czerwonymi mi\u0119sami i kozimi serami.<\/li>\n<\/ul>\n","protected":false},"excerpt":{"rendered":"<p>wspania\u0142e wino w 100% ze szczepu Malbec d\u0142ugie dojrzewanie w beczkach z francuskiego d\u0119bu od 18 do 24 miesi\u0119cy. Wyczuwalne aromaty czarnych i czerwonych owoc\u00f3w,je\u017cyna,malina i czarna porzeczka,kt\u00f3re nast\u0119pnie pozostawiaj\u0105 d\u0142ugi skoncentrowany smak na&#8230;<\/p>\n","protected":false},"featured_media":11963,"comment_status":"open","ping_status":"closed","template":"","meta":[],"product_cat":[83,180,80],"product_tag":[],"class_list":{"0":"post-11964","1":"product","2":"type-product","3":"status-publish","4":"has-post-thumbnail","6":"product_cat-francja","7":"product_cat-francja-cahors","8":"product_cat-wina-swiata","10":"first","11":"instock","12":"shipping-taxable","13":"purchasable","14":"product-type-simple"},"_links":{"self":[{"href":"http:\/\/delikatesy.wineport.pl\/index.php?rest_route=\/wp\/v2\/product\/11964","targetHints":{"allow":["GET"]}}],"collection":[{"href":"http:\/\/delikatesy.wineport.pl\/index.php?rest_route=\/wp\/v2\/product"}],"about":[{"href":"http:\/\/delikatesy.wineport.pl\/index.php?rest_route=\/wp\/v2\/types\/product"}],"replies":[{"embeddable":true,"href":"http:\/\/delikatesy.wineport.pl\/index.php?rest_route=%2Fwp%2Fv2%2Fcomments&post=11964"}],"wp:featuredmedia":[{"embeddable":true,"href":"http:\/\/delikatesy.wineport.pl\/index.php?rest_route=\/wp\/v2\/media\/11963"}],"wp:attachment":[{"href":"http:\/\/delikatesy.wineport.pl\/index.php?rest_route=%2Fwp%2Fv2%2Fmedia&parent=11964"}],"wp:term":[{"taxonomy":"product_cat","embeddable":true,"href":"http:\/\/delikatesy.wineport.pl\/index.php?rest_route=%2Fwp%2Fv2%2Fproduct_cat&post=11964"},{"taxonomy":"product_tag","embeddable":true,"href":"http:\/\/delikatesy.wineport.pl\/index.php?rest_route=%2Fwp%2Fv2%2Fproduct_tag&post=11964"}],"curies":[{"name":"wp","href":"https:\/\/api.w.org\/{rel}","templated":true}]}}