{"id":11966,"date":"2024-03-14T13:32:47","date_gmt":"2024-03-14T12:32:47","guid":{"rendered":"http:\/\/delikatesy.wineport.pl\/?product=wino-jean-dorsene-demi-sec-vin-mousseux-075-l"},"modified":"2026-05-10T18:29:16","modified_gmt":"2026-05-10T16:29:16","slug":"wino-jean-dorsene-demi-sec-vin-mousseux-075-l","status":"publish","type":"product","link":"http:\/\/delikatesy.wineport.pl\/?product=wino-jean-dorsene-demi-sec-vin-mousseux-075-l","title":{"rendered":"Wino Jean Dorsene demi-sec, Vin Mousseux, 0,75 l"},"content":{"rendered":"<h3 style=\"font-size: 15px; color: #b66d1f; width: 300px; font-family: Arial, Verdana, sans-serif; padding: 0px; margin: 0px;\"><span class=\"Apple-style-span\" style=\"color: #68514a; font-size: 12px; line-height: 16px; font-weight: normal;\"><span style=\"color: #ff0000;\">UWAGA!!! NIE WYSY\u0141AMY ALKOHOLU KURIEREM W PRZYPADKU ZAM\u00d3WIE\u0143 OD OS\u00d3B PRYWATNYCH, TYLKO ODBI\u00d3R OSOBISTY NA UL. \u015aW. STANIS\u0141AWA 12 W WARSZAWIE!!! W przypadku op\u0142acenia zam\u00f3wienia alkoholu z wysy\u0142k\u0105, przy zwrocie pieni\u0119dzy zostanie potr\u0105cona prowizja\u00a0<\/span><strong style=\"color: #ff0000;\">DOTPAY<\/strong><span style=\"color: #ff0000;\">!<\/span><\/span><\/h3>\n<h3 style=\"font-size: 15px; color: #b66d1f; width: 300px; font-family: Arial, Verdana, sans-serif; padding: 0px; margin: 0px;\">\u00a0<\/h3>\n<h3 style=\"font-size: 15px; color: #b66d1f; width: 300px; font-family: Arial, Verdana, sans-serif; padding: 0px; margin: 0px;\"><span class=\"Apple-style-span\" style=\"color: #68514a; font-size: 12px; line-height: 16px; font-weight: normal;\">Wino musuj\u0105ce p\u00f3\u0142wytrawne o bardzo bogatej owocowej nucie w smaku. \u015awie\u017ce, o d\u0142ugim, przyjemnym zako\u0144czeniu. \u015awietne jako aperitif oraz do delikatnych da\u0144 i do deser\u00f3w. Podawa\u0107 sch\u0142odzone.<\/span><\/h3>\n","protected":false},"excerpt":{"rendered":"<p>Wino musuj\u0105ce p\u00f3\u0142wytrawne o bardzo bogatej owocowej nucie w smaku. \u015awie\u017ce, o d\u0142ugim, przyjemnym zako\u0144czeniu. \u015awietne jako aperitif oraz do delikatnych da\u0144 i do deser\u00f3w. Podawa\u0107 sch\u0142odzone.<\/p>\n","protected":false},"featured_media":11965,"comment_status":"open","ping_status":"closed","template":"","meta":[],"product_cat":[83,87,80],"product_tag":[],"class_list":{"0":"post-11966","1":"product","2":"type-product","3":"status-publish","4":"has-post-thumbnail","6":"product_cat-francja","7":"product_cat-francja-dolina-loary","8":"product_cat-wina-swiata","10":"first","11":"instock","12":"shipping-taxable","13":"purchasable","14":"product-type-simple"},"_links":{"self":[{"href":"http:\/\/delikatesy.wineport.pl\/index.php?rest_route=\/wp\/v2\/product\/11966","targetHints":{"allow":["GET"]}}],"collection":[{"href":"http:\/\/delikatesy.wineport.pl\/index.php?rest_route=\/wp\/v2\/product"}],"about":[{"href":"http:\/\/delikatesy.wineport.pl\/index.php?rest_route=\/wp\/v2\/types\/product"}],"replies":[{"embeddable":true,"href":"http:\/\/delikatesy.wineport.pl\/index.php?rest_route=%2Fwp%2Fv2%2Fcomments&post=11966"}],"wp:featuredmedia":[{"embeddable":true,"href":"http:\/\/delikatesy.wineport.pl\/index.php?rest_route=\/wp\/v2\/media\/11965"}],"wp:attachment":[{"href":"http:\/\/delikatesy.wineport.pl\/index.php?rest_route=%2Fwp%2Fv2%2Fmedia&parent=11966"}],"wp:term":[{"taxonomy":"product_cat","embeddable":true,"href":"http:\/\/delikatesy.wineport.pl\/index.php?rest_route=%2Fwp%2Fv2%2Fproduct_cat&post=11966"},{"taxonomy":"product_tag","embeddable":true,"href":"http:\/\/delikatesy.wineport.pl\/index.php?rest_route=%2Fwp%2Fv2%2Fproduct_tag&post=11966"}],"curies":[{"name":"wp","href":"https:\/\/api.w.org\/{rel}","templated":true}]}}