{"id":11988,"date":"2024-03-14T13:32:55","date_gmt":"2024-03-14T12:32:55","guid":{"rendered":"http:\/\/delikatesy.wineport.pl\/?product=wino-riverview-merlot-cabernet-sauvignon-075l"},"modified":"2026-05-10T18:29:20","modified_gmt":"2026-05-10T16:29:20","slug":"wino-riverview-merlot-cabernet-sauvignon-075l","status":"publish","type":"product","link":"http:\/\/delikatesy.wineport.pl\/?product=wino-riverview-merlot-cabernet-sauvignon-075l","title":{"rendered":"Wino Riverview Merlot\/Cabernet Sauvignon 0,75l"},"content":{"rendered":"<p class=\"MsoNormal\" style=\"mso-layout-grid-align: none; text-autospace: none;\"><span style=\"font-size: 9.0pt; font-family: ChiantiPL-Roman; mso-bidi-font-family: ChiantiPL-Roman;\"><span style=\"color: #ff0000;\">UWAGA!!! NIE WYSY\u0141AMY ALKOHOLU KURIEREM W PRZYPADKU ZAM\u00d3WIE\u0143 OD OS\u00d3B PRYWATNYCH, TYLKO ODBI\u00d3R OSOBISTY NA UL. \u015aW. STANIS\u0141AWA 12 W WARSZAWIE!!! W przypadku op\u0142acenia zam\u00f3wienia alkoholu z wysy\u0142k\u0105, przy zwrocie pieni\u0119dzy zostanie potr\u0105cona prowizja\u00a0<\/span><strong style=\"color: #ff0000;\">DOTPAY<\/strong><span style=\"color: #ff0000;\">!<\/span><\/span><\/p>\n<p class=\"MsoNormal\" style=\"mso-layout-grid-align: none; text-autospace: none;\"><span style=\"font-size: 9.0pt; font-family: ChiantiPL-Roman; mso-bidi-font-family: ChiantiPL-Roman;\">Wino: Czerwone, wytrawne, gronowe <\/span><\/p>\n<p class=\"MsoNormal\" style=\"mso-layout-grid-align: none; text-autospace: none;\"><span style=\"font-size: 9.0pt; font-family: ChiantiPL-Roman; mso-bidi-font-family: ChiantiPL-Roman;\">Pochodzenie: W\u0119gry <\/span><\/p>\n<p class=\"MsoNormal\" style=\"mso-layout-grid-align: none; text-autospace: none;\"><span style=\"font-size: 9.0pt; font-family: ChiantiPL-Roman; mso-bidi-font-family: ChiantiPL-Roman;\">Alkohol: 12,5% <\/span><\/p>\n<p class=\"MsoNormal\" style=\"mso-layout-grid-align: none; text-autospace: none;\"><span style=\"font-size: 9.0pt; font-family: ChiantiPL-Roman; mso-bidi-font-family: ChiantiPL-Roman;\">Opakowanie: butelka 0,75L <\/span><\/p>\n<p class=\"MsoNormal\" style=\"mso-layout-grid-align: none; text-autospace: none;\"><span style=\"font-size: 9.0pt; font-family: ChiantiPL-Roman; mso-bidi-font-family: ChiantiPL-Roman;\">Karton: 6 butelek <\/span><\/p>\n<p class=\"MsoNormal\" style=\"mso-layout-grid-align: none; text-autospace: none;\"><span class=\"Apple-style-span\" style=\"font-size: 12px; font-family: ChiantiPL-Roman;\"><br \/> <\/span><\/p>\n<p class=\"MsoNormal\" style=\"mso-layout-grid-align: none; text-autospace: none;\"><span style=\"font-size: 9.0pt; font-family: ChiantiPL-Roman; mso-bidi-font-family: ChiantiPL-Roman;\">Nowoczesne wino o lekkim charakterze pochodz\u0105ce <\/span><\/p>\n<p class=\"MsoNormal\" style=\"mso-layout-grid-align: none; text-autospace: none;\"><span style=\"font-size: 9.0pt; font-family: ChiantiPL-Roman; mso-bidi-font-family: ChiantiPL-Roman;\">ze wzg\u00f3rz nad brzegiem Dunaju. Doskona\u0142e do <\/span><\/p>\n<p class=\"MsoNormal\" style=\"mso-layout-grid-align: none; text-autospace: none;\"><span style=\"font-size: 9.0pt; font-family: ChiantiPL-Roman; mso-bidi-font-family: ChiantiPL-Roman;\">makaron\u00f3w, pizzy, mi\u0119s grillowanych i potraw <\/span><\/p>\n<p><span style=\"font-size: 9.0pt; font-family: ChiantiPL-Roman;\">warzywnych<\/span><\/p>\n","protected":false},"excerpt":{"rendered":"<p>Wino: Czerwone, wytrawne, gronowe Pochodzenie: W\u0119gry Alkohol: 12,5% Opakowanie: butelka 0,75L Karton: 6 butelek Nowoczesne wino o lekkim charakterze pochodz\u0105ce ze wzg\u00f3rz nad brzegiem Dunaju. Doskona\u0142e do makaron\u00f3w, pizzy, mi\u0119s grillowanych i potraw w&#8230;<\/p>\n","protected":false},"featured_media":11987,"comment_status":"open","ping_status":"closed","template":"","meta":[],"product_cat":[122,80],"product_tag":[],"class_list":{"0":"post-11988","1":"product","2":"type-product","3":"status-publish","4":"has-post-thumbnail","6":"product_cat-wegry","7":"product_cat-wina-swiata","9":"first","10":"instock","11":"shipping-taxable","12":"purchasable","13":"product-type-simple"},"_links":{"self":[{"href":"http:\/\/delikatesy.wineport.pl\/index.php?rest_route=\/wp\/v2\/product\/11988","targetHints":{"allow":["GET"]}}],"collection":[{"href":"http:\/\/delikatesy.wineport.pl\/index.php?rest_route=\/wp\/v2\/product"}],"about":[{"href":"http:\/\/delikatesy.wineport.pl\/index.php?rest_route=\/wp\/v2\/types\/product"}],"replies":[{"embeddable":true,"href":"http:\/\/delikatesy.wineport.pl\/index.php?rest_route=%2Fwp%2Fv2%2Fcomments&post=11988"}],"wp:featuredmedia":[{"embeddable":true,"href":"http:\/\/delikatesy.wineport.pl\/index.php?rest_route=\/wp\/v2\/media\/11987"}],"wp:attachment":[{"href":"http:\/\/delikatesy.wineport.pl\/index.php?rest_route=%2Fwp%2Fv2%2Fmedia&parent=11988"}],"wp:term":[{"taxonomy":"product_cat","embeddable":true,"href":"http:\/\/delikatesy.wineport.pl\/index.php?rest_route=%2Fwp%2Fv2%2Fproduct_cat&post=11988"},{"taxonomy":"product_tag","embeddable":true,"href":"http:\/\/delikatesy.wineport.pl\/index.php?rest_route=%2Fwp%2Fv2%2Fproduct_tag&post=11988"}],"curies":[{"name":"wp","href":"https:\/\/api.w.org\/{rel}","templated":true}]}}