{"id":11992,"date":"2024-03-14T13:32:55","date_gmt":"2024-03-14T12:32:55","guid":{"rendered":"http:\/\/delikatesy.wineport.pl\/?product=wino-riverview-chardonnay-pinot-grigio-075l"},"modified":"2026-05-10T18:29:21","modified_gmt":"2026-05-10T16:29:21","slug":"wino-riverview-chardonnay-pinot-grigio-075l","status":"publish","type":"product","link":"http:\/\/delikatesy.wineport.pl\/?product=wino-riverview-chardonnay-pinot-grigio-075l","title":{"rendered":"Wino Riverview Chardonnay\/Pinot Grigio 0,75l"},"content":{"rendered":"<p class=\"MsoNormal\" style=\"mso-layout-grid-align: none; text-autospace: none;\"><span style=\"font-size: 9.0pt; font-family: ChiantiPL-Roman; mso-bidi-font-family: ChiantiPL-Roman;\"><span style=\"color: #ff0000;\">UWAGA!!! NIE WYSY\u0141AMY ALKOHOLU KURIEREM W PRZYPADKU ZAM\u00d3WIE\u0143 OD OS\u00d3B PRYWATNYCH, TYLKO ODBI\u00d3R OSOBISTY NA UL. \u015aW. STANIS\u0141AWA 12 W WARSZAWIE!!! W przypadku op\u0142acenia zam\u00f3wienia alkoholu z wysy\u0142k\u0105, przy zwrocie pieni\u0119dzy zostanie potr\u0105cona prowizja\u00a0<\/span><strong style=\"color: #ff0000;\">DOTPAY<\/strong><span style=\"color: #ff0000;\">!<\/span><\/span><\/p>\n<p class=\"MsoNormal\" style=\"mso-layout-grid-align: none; text-autospace: none;\"><span style=\"font-size: 9.0pt; font-family: ChiantiPL-Roman; mso-bidi-font-family: ChiantiPL-Roman;\">Wino: Bia\u0142e, wytrawne, gronowe <\/span><\/p>\n<p class=\"MsoNormal\" style=\"mso-layout-grid-align: none; text-autospace: none;\"><span style=\"font-size: 9.0pt; font-family: ChiantiPL-Roman; mso-bidi-font-family: ChiantiPL-Roman;\">Pochodzenie: W\u0119gry <\/span><\/p>\n<p class=\"MsoNormal\" style=\"mso-layout-grid-align: none; text-autospace: none;\"><span style=\"font-size: 9.0pt; font-family: ChiantiPL-Roman; mso-bidi-font-family: ChiantiPL-Roman;\">Alkohol: 12,5% <\/span><\/p>\n<p class=\"MsoNormal\" style=\"mso-layout-grid-align: none; text-autospace: none;\"><span style=\"font-size: 9.0pt; font-family: ChiantiPL-Roman; mso-bidi-font-family: ChiantiPL-Roman;\">Opakowanie: butelka 0,75L <\/span><\/p>\n<p class=\"MsoNormal\" style=\"mso-layout-grid-align: none; text-autospace: none;\"><span style=\"font-size: 9.0pt; font-family: ChiantiPL-Roman; mso-bidi-font-family: ChiantiPL-Roman;\">Karton: 6 butelek <\/span><\/p>\n<p class=\"MsoNormal\" style=\"mso-layout-grid-align: none; text-autospace: none;\"><span class=\"Apple-style-span\" style=\"font-size: 12px; font-family: ChiantiPL-Roman;\"><br \/> <\/span><\/p>\n<p class=\"MsoNormal\" style=\"mso-layout-grid-align: none; text-autospace: none;\"><span style=\"font-size: 9.0pt; font-family: ChiantiPL-Roman; mso-bidi-font-family: ChiantiPL-Roman;\">To nowoczesne wino o cudownym lekkim <\/span><\/p>\n<p class=\"MsoNormal\" style=\"mso-layout-grid-align: none; text-autospace: none;\"><span style=\"font-size: 9.0pt; font-family: ChiantiPL-Roman; mso-bidi-font-family: ChiantiPL-Roman;\">charakterze nadaj\u0105ce si\u0119 na ka\u017cd\u0105 okazj\u0119. Doskona\u0142e <\/span><\/p>\n<p class=\"MsoNormal\" style=\"mso-layout-grid-align: none; text-autospace: none;\"><span style=\"font-size: 9.0pt; font-family: ChiantiPL-Roman; mso-bidi-font-family: ChiantiPL-Roman;\">do bia\u0142ego mi\u0119sa, makaron\u00f3w, pizzy oraz ryb. <\/span><\/p>\n","protected":false},"excerpt":{"rendered":"<p>Wino: Bia\u0142e, wytrawne, gronowe Pochodzenie: W\u0119gry Alkohol: 12,5% Opakowanie: butelka 0,75L Karton: 6 butelek To nowoczesne wino o cudownym lekkim charakterze nadaj\u0105ce si\u0119 na ka\u017cd\u0105 okazj\u0119. Doskona\u0142e do bia\u0142ego mi\u0119sa, makaron\u00f3w, pizzy oraz ryb.<\/p>\n","protected":false},"featured_media":11991,"comment_status":"open","ping_status":"closed","template":"","meta":[],"product_cat":[122,80],"product_tag":[],"class_list":{"0":"post-11992","1":"product","2":"type-product","3":"status-publish","4":"has-post-thumbnail","6":"product_cat-wegry","7":"product_cat-wina-swiata","9":"first","10":"instock","11":"shipping-taxable","12":"purchasable","13":"product-type-simple"},"_links":{"self":[{"href":"http:\/\/delikatesy.wineport.pl\/index.php?rest_route=\/wp\/v2\/product\/11992","targetHints":{"allow":["GET"]}}],"collection":[{"href":"http:\/\/delikatesy.wineport.pl\/index.php?rest_route=\/wp\/v2\/product"}],"about":[{"href":"http:\/\/delikatesy.wineport.pl\/index.php?rest_route=\/wp\/v2\/types\/product"}],"replies":[{"embeddable":true,"href":"http:\/\/delikatesy.wineport.pl\/index.php?rest_route=%2Fwp%2Fv2%2Fcomments&post=11992"}],"wp:featuredmedia":[{"embeddable":true,"href":"http:\/\/delikatesy.wineport.pl\/index.php?rest_route=\/wp\/v2\/media\/11991"}],"wp:attachment":[{"href":"http:\/\/delikatesy.wineport.pl\/index.php?rest_route=%2Fwp%2Fv2%2Fmedia&parent=11992"}],"wp:term":[{"taxonomy":"product_cat","embeddable":true,"href":"http:\/\/delikatesy.wineport.pl\/index.php?rest_route=%2Fwp%2Fv2%2Fproduct_cat&post=11992"},{"taxonomy":"product_tag","embeddable":true,"href":"http:\/\/delikatesy.wineport.pl\/index.php?rest_route=%2Fwp%2Fv2%2Fproduct_tag&post=11992"}],"curies":[{"name":"wp","href":"https:\/\/api.w.org\/{rel}","templated":true}]}}