{"id":11996,"date":"2024-03-14T13:32:56","date_gmt":"2024-03-14T12:32:56","guid":{"rendered":"http:\/\/delikatesy.wineport.pl\/?product=wino-la-chase-du-pape-merlot-rouge-075l"},"modified":"2026-05-10T18:29:23","modified_gmt":"2026-05-10T16:29:23","slug":"wino-la-chase-du-pape-merlot-rouge-075l","status":"publish","type":"product","link":"http:\/\/delikatesy.wineport.pl\/?product=wino-la-chase-du-pape-merlot-rouge-075l","title":{"rendered":"Wino La Ch\u00e2se Du Pape Merlot Rouge 0,75l"},"content":{"rendered":"<p class=\"MsoNormal\" style=\"mso-layout-grid-align: none; text-autospace: none;\"><span style=\"font-size: 9.0pt; font-family: ChiantiPL-Roman; mso-bidi-font-family: ChiantiPL-Roman;\"><span style=\"color: #ff0000;\">UWAGA!!! NIE WYSY\u0141AMY ALKOHOLU KURIEREM W PRZYPADKU ZAM\u00d3WIE\u0143 OD OS\u00d3B PRYWATNYCH, TYLKO ODBI\u00d3R OSOBISTY NA UL. \u015aW. STANIS\u0141AWA 12 W WARSZAWIE!!! W przypadku op\u0142acenia zam\u00f3wienia alkoholu z wysy\u0142k\u0105, przy zwrocie pieni\u0119dzy zostanie potr\u0105cona prowizja\u00a0<\/span><strong style=\"color: #ff0000;\">DOTPAY<\/strong><span style=\"color: #ff0000;\">!<\/span><\/span><\/p>\n<p class=\"MsoNormal\" style=\"mso-layout-grid-align: none; text-autospace: none;\"><span style=\"font-size: 9.0pt; font-family: ChiantiPL-Roman; mso-bidi-font-family: ChiantiPL-Roman;\">Wino: czerwone, wytrawne, gronowe <\/span><\/p>\n<p class=\"MsoNormal\" style=\"mso-layout-grid-align: none; text-autospace: none;\"><span style=\"font-size: 9.0pt; font-family: ChiantiPL-Roman; mso-bidi-font-family: ChiantiPL-Roman;\">Pochodzenie: Francja <\/span><\/p>\n<p class=\"MsoNormal\" style=\"mso-layout-grid-align: none; text-autospace: none;\"><span style=\"font-size: 9.0pt; font-family: ChiantiPL-Roman; mso-bidi-font-family: ChiantiPL-Roman;\">Alkohol: 13,5% <\/span><\/p>\n<p class=\"MsoNormal\" style=\"mso-layout-grid-align: none; text-autospace: none;\"><span style=\"font-size: 9.0pt; font-family: ChiantiPL-Roman; mso-bidi-font-family: ChiantiPL-Roman;\">Opakowanie: butelka 0,75L <\/span><\/p>\n<p class=\"MsoNormal\" style=\"mso-layout-grid-align: none; text-autospace: none;\"><span style=\"font-size: 9.0pt; font-family: ChiantiPL-Roman; mso-bidi-font-family: ChiantiPL-Roman;\">Karton: 6 butelek<\/span><\/p>\n<p class=\"MsoNormal\" style=\"mso-layout-grid-align: none; text-autospace: none;\"><span style=\"font-size: 9.0pt; font-family: ChiantiPL-Roman; mso-bidi-font-family: ChiantiPL-Roman;\"><br \/> <\/span><\/p>\n<p class=\"MsoNormal\" style=\"mso-layout-grid-align: none; text-autospace: none;\"><span style=\"font-size: 9.0pt; font-family: ChiantiPL-Roman; mso-bidi-font-family: ChiantiPL-Roman;\"><br \/> <\/span><\/p>\n<p class=\"MsoNormal\" style=\"mso-layout-grid-align: none; text-autospace: none;\"><span style=\"font-size: 9.0pt; font-family: ChiantiPL-Roman; mso-bidi-font-family: ChiantiPL-Roman;\">La Ch\u00e2sse du Pape Merlot pochodzi z najlepszych <\/span><\/p>\n<p class=\"MsoNormal\" style=\"mso-layout-grid-align: none; text-autospace: none;\"><span style=\"font-size: 9.0pt; font-family: ChiantiPL-Roman; mso-bidi-font-family: ChiantiPL-Roman;\">winnic Langwedocji na po\u0142udniu Francji. <\/span><\/p>\n<p class=\"MsoNormal\" style=\"mso-layout-grid-align: none; text-autospace: none;\"><span style=\"font-size: 9.0pt; font-family: ChiantiPL-Roman; mso-bidi-font-family: ChiantiPL-Roman;\">To szlachetne, kr\u0105g\u0142e, czerwone wino o wyczuwalnym <\/span><\/p>\n<p class=\"MsoNormal\" style=\"mso-layout-grid-align: none; text-autospace: none;\"><span style=\"font-size: 9.0pt; font-family: ChiantiPL-Roman; mso-bidi-font-family: ChiantiPL-Roman;\">smaku \u015bliwki i czarnej porzeczki, delikatnie <\/span><\/p>\n<p class=\"MsoNormal\" style=\"mso-layout-grid-align: none; text-autospace: none;\"><span style=\"font-size: 9.0pt; font-family: ChiantiPL-Roman; mso-bidi-font-family: ChiantiPL-Roman;\">owocowe, lekko taninowe o doskona\u0142ym, d\u0142ugim <\/span><\/p>\n<p class=\"MsoNormal\" style=\"mso-layout-grid-align: none; text-autospace: none;\"><span style=\"font-size: 9.0pt; font-family: ChiantiPL-Roman; mso-bidi-font-family: ChiantiPL-Roman;\">satysfakcjonuj\u0105cym finiszu g\u0142aszcz\u0105cym podniebienie. <\/span><\/p>\n<p class=\"MsoNormal\" style=\"mso-layout-grid-align: none; text-autospace: none;\"><span style=\"font-size: 9.0pt; font-family: ChiantiPL-Roman; mso-bidi-font-family: ChiantiPL-Roman;\">Doskona\u0142e jako same lub do mi\u0119s z grilla, kaczki oraz <\/span><\/p>\n<p class=\"MsoNormal\" style=\"mso-layout-grid-align: none; text-autospace: none;\"><span style=\"font-size: 9.0pt; font-family: ChiantiPL-Roman; mso-bidi-font-family: ChiantiPL-Roman;\">ser\u00f3w. Podawa\u0107 w temp. 15-16\u00b0C. Doskona\u0142e do picia <\/span><\/p>\n<p class=\"MsoNormal\" style=\"mso-layout-grid-align: none; text-autospace: none;\"><span style=\"font-size: 9.0pt; font-family: ChiantiPL-Roman; mso-bidi-font-family: ChiantiPL-Roman;\">tu\u017c po zakupie lub przechowywania w piwnicy do 4 <\/span><\/p>\n<p><span style=\"font-size: 9.0pt; font-family: ChiantiPL-Roman;\">lat.\u00a0<\/span><\/p>\n","protected":false},"excerpt":{"rendered":"<p>Wino: czerwone, wytrawne, gronowe Pochodzenie: Francja Alkohol: 13,5% Opakowanie: butelka 0,75L Karton: 6 butelek La Ch\u00e2sse du Pape Merlot pochodzi z najlepszych winnic Langwedocji na po\u0142udniu Francji. To szlachetne, kr\u0105g\u0142e, czerwone wino o wyczuwaln&#8230;<\/p>\n","protected":false},"featured_media":11995,"comment_status":"open","ping_status":"closed","template":"","meta":[],"product_cat":[83,88,80],"product_tag":[],"class_list":{"0":"post-11996","1":"product","2":"type-product","3":"status-publish","4":"has-post-thumbnail","6":"product_cat-francja","7":"product_cat-francja-langwedocja-roussillion","8":"product_cat-wina-swiata","10":"first","11":"instock","12":"shipping-taxable","13":"purchasable","14":"product-type-simple"},"_links":{"self":[{"href":"http:\/\/delikatesy.wineport.pl\/index.php?rest_route=\/wp\/v2\/product\/11996","targetHints":{"allow":["GET"]}}],"collection":[{"href":"http:\/\/delikatesy.wineport.pl\/index.php?rest_route=\/wp\/v2\/product"}],"about":[{"href":"http:\/\/delikatesy.wineport.pl\/index.php?rest_route=\/wp\/v2\/types\/product"}],"replies":[{"embeddable":true,"href":"http:\/\/delikatesy.wineport.pl\/index.php?rest_route=%2Fwp%2Fv2%2Fcomments&post=11996"}],"wp:featuredmedia":[{"embeddable":true,"href":"http:\/\/delikatesy.wineport.pl\/index.php?rest_route=\/wp\/v2\/media\/11995"}],"wp:attachment":[{"href":"http:\/\/delikatesy.wineport.pl\/index.php?rest_route=%2Fwp%2Fv2%2Fmedia&parent=11996"}],"wp:term":[{"taxonomy":"product_cat","embeddable":true,"href":"http:\/\/delikatesy.wineport.pl\/index.php?rest_route=%2Fwp%2Fv2%2Fproduct_cat&post=11996"},{"taxonomy":"product_tag","embeddable":true,"href":"http:\/\/delikatesy.wineport.pl\/index.php?rest_route=%2Fwp%2Fv2%2Fproduct_tag&post=11996"}],"curies":[{"name":"wp","href":"https:\/\/api.w.org\/{rel}","templated":true}]}}