{"id":11998,"date":"2024-03-14T13:32:56","date_gmt":"2024-03-14T12:32:56","guid":{"rendered":"http:\/\/delikatesy.wineport.pl\/?product=wino-la-chase-du-pape-syrah-rose-075l"},"modified":"2026-05-10T18:29:24","modified_gmt":"2026-05-10T16:29:24","slug":"wino-la-chase-du-pape-syrah-rose-075l","status":"publish","type":"product","link":"http:\/\/delikatesy.wineport.pl\/?product=wino-la-chase-du-pape-syrah-rose-075l","title":{"rendered":"Wino La Ch\u00e2se Du Pape Syrah Ros\u00e9 0,75l"},"content":{"rendered":"<p class=\"MsoNormal\" style=\"mso-layout-grid-align: none; text-autospace: none;\"><span style=\"font-size: 9.0pt; font-family: ChiantiPL-Roman; mso-bidi-font-family: ChiantiPL-Roman;\"><span style=\"color: #ff0000;\">UWAGA!!! NIE WYSY\u0141AMY ALKOHOLU KURIEREM W PRZYPADKU ZAM\u00d3WIE\u0143 OD OS\u00d3B PRYWATNYCH, TYLKO ODBI\u00d3R OSOBISTY NA UL. \u015aW. STANIS\u0141AWA 12 W WARSZAWIE!!! W przypadku op\u0142acenia zam\u00f3wienia alkoholu z wysy\u0142k\u0105, przy zwrocie pieni\u0119dzy zostanie potr\u0105cona prowizja\u00a0<\/span><strong style=\"color: #ff0000;\">DOTPAY<\/strong><span style=\"color: #ff0000;\">!<\/span><\/span><\/p>\n<p class=\"MsoNormal\" style=\"mso-layout-grid-align: none; text-autospace: none;\"><span style=\"font-size: 9.0pt; font-family: ChiantiPL-Roman; mso-bidi-font-family: ChiantiPL-Roman;\">Wino: R\u00f3\u017cowe, wytrawne, gronowe <\/span><\/p>\n<p class=\"MsoNormal\" style=\"mso-layout-grid-align: none; text-autospace: none;\"><span style=\"font-size: 9.0pt; font-family: ChiantiPL-Roman; mso-bidi-font-family: ChiantiPL-Roman;\">Pochodzenie: Francja <\/span><\/p>\n<p class=\"MsoNormal\" style=\"mso-layout-grid-align: none; text-autospace: none;\"><span style=\"font-size: 9.0pt; font-family: ChiantiPL-Roman; mso-bidi-font-family: ChiantiPL-Roman;\">Alkohol: 12% <\/span><\/p>\n<p class=\"MsoNormal\" style=\"mso-layout-grid-align: none; text-autospace: none;\"><span style=\"font-size: 9.0pt; font-family: ChiantiPL-Roman; mso-bidi-font-family: ChiantiPL-Roman;\">Opakowanie: butelka 0,75L <\/span><\/p>\n<p class=\"MsoNormal\" style=\"mso-layout-grid-align: none; text-autospace: none;\"><span style=\"font-size: 9.0pt; font-family: ChiantiPL-Roman; mso-bidi-font-family: ChiantiPL-Roman;\">Karton: 6 butelek <\/span><\/p>\n<p class=\"MsoNormal\" style=\"mso-layout-grid-align: none; text-autospace: none;\"><span class=\"Apple-style-span\" style=\"font-size: 12px; font-family: ChiantiPL-Roman;\"><br \/> <\/span><\/p>\n<p class=\"MsoNormal\" style=\"mso-layout-grid-align: none; text-autospace: none;\"><span style=\"font-size: 9.0pt; font-family: ChiantiPL-Roman; mso-bidi-font-family: ChiantiPL-Roman;\">La Ch\u00e2sse du Pape Syrah ros\u00e9 pochodzi z najlepszych <\/span><\/p>\n<p class=\"MsoNormal\" style=\"mso-layout-grid-align: none; text-autospace: none;\"><span style=\"font-size: 9.0pt; font-family: ChiantiPL-Roman; mso-bidi-font-family: ChiantiPL-Roman;\">winnic Langwedocji na po\u0142udniu Francji. <\/span><\/p>\n<p class=\"MsoNormal\" style=\"mso-layout-grid-align: none; text-autospace: none;\"><span style=\"font-size: 9.0pt; font-family: ChiantiPL-Roman; mso-bidi-font-family: ChiantiPL-Roman;\">To doskonale zharmonizowane, szlachetne, r\u00f3\u017cowe <\/span><\/p>\n<p class=\"MsoNormal\" style=\"mso-layout-grid-align: none; text-autospace: none;\"><span style=\"font-size: 9.0pt; font-family: ChiantiPL-Roman; mso-bidi-font-family: ChiantiPL-Roman;\">wino o wyczuwalnym aromacie malin, z delikatn\u0105 <\/span><\/p>\n<p class=\"MsoNormal\" style=\"mso-layout-grid-align: none; text-autospace: none;\"><span style=\"font-size: 9.0pt; font-family: ChiantiPL-Roman; mso-bidi-font-family: ChiantiPL-Roman;\">nut\u0105 \u015bwie\u017cych owoc\u00f3w na podniebieniu. Doskona\u0142e <\/span><\/p>\n<p class=\"MsoNormal\" style=\"mso-layout-grid-align: none; text-autospace: none;\"><span style=\"font-size: 9.0pt; font-family: ChiantiPL-Roman; mso-bidi-font-family: ChiantiPL-Roman;\">jako same lub do zimnych przystawek, barbecue, <\/span><\/p>\n<p class=\"MsoNormal\" style=\"mso-layout-grid-align: none; text-autospace: none;\"><span style=\"font-size: 9.0pt; font-family: ChiantiPL-Roman; mso-bidi-font-family: ChiantiPL-Roman;\">sa\u0142atek oraz mi\u0119kkich ser\u00f3w. Podawa\u0107 w temp. <\/span><\/p>\n<p class=\"MsoNormal\" style=\"mso-layout-grid-align: none; text-autospace: none;\"><span style=\"font-size: 9.0pt; font-family: ChiantiPL-Roman; mso-bidi-font-family: ChiantiPL-Roman;\">15-16\u00b0C. Doskona\u0142e do picia tu\u017c po zakupie <\/span><\/p>\n<p class=\"MsoNormal\" style=\"mso-layout-grid-align: none; text-autospace: none;\"><span style=\"font-size: 9.0pt; font-family: ChiantiPL-Roman; mso-bidi-font-family: ChiantiPL-Roman;\">lub przechowywania w piwnicy do 2 lat. <\/span><\/p>\n","protected":false},"excerpt":{"rendered":"<p>Wino: R\u00f3\u017cowe, wytrawne, gronowe Pochodzenie: Francja Alkohol: 12% Opakowanie: butelka 0,75L Karton: 6 butelek La Ch\u00e2sse du Pape Syrah ros\u00e9 pochodzi z najlepszych winnic Langwedocji na po\u0142udniu Francji. To doskonale zharmonizowane, szlachetne, r\u00f3\u017cowe &#8230;<\/p>\n","protected":false},"featured_media":11997,"comment_status":"open","ping_status":"closed","template":"","meta":[],"product_cat":[83,88,80],"product_tag":[],"class_list":{"0":"post-11998","1":"product","2":"type-product","3":"status-publish","4":"has-post-thumbnail","6":"product_cat-francja","7":"product_cat-francja-langwedocja-roussillion","8":"product_cat-wina-swiata","10":"first","11":"instock","12":"shipping-taxable","13":"purchasable","14":"product-type-simple"},"_links":{"self":[{"href":"http:\/\/delikatesy.wineport.pl\/index.php?rest_route=\/wp\/v2\/product\/11998","targetHints":{"allow":["GET"]}}],"collection":[{"href":"http:\/\/delikatesy.wineport.pl\/index.php?rest_route=\/wp\/v2\/product"}],"about":[{"href":"http:\/\/delikatesy.wineport.pl\/index.php?rest_route=\/wp\/v2\/types\/product"}],"replies":[{"embeddable":true,"href":"http:\/\/delikatesy.wineport.pl\/index.php?rest_route=%2Fwp%2Fv2%2Fcomments&post=11998"}],"wp:featuredmedia":[{"embeddable":true,"href":"http:\/\/delikatesy.wineport.pl\/index.php?rest_route=\/wp\/v2\/media\/11997"}],"wp:attachment":[{"href":"http:\/\/delikatesy.wineport.pl\/index.php?rest_route=%2Fwp%2Fv2%2Fmedia&parent=11998"}],"wp:term":[{"taxonomy":"product_cat","embeddable":true,"href":"http:\/\/delikatesy.wineport.pl\/index.php?rest_route=%2Fwp%2Fv2%2Fproduct_cat&post=11998"},{"taxonomy":"product_tag","embeddable":true,"href":"http:\/\/delikatesy.wineport.pl\/index.php?rest_route=%2Fwp%2Fv2%2Fproduct_tag&post=11998"}],"curies":[{"name":"wp","href":"https:\/\/api.w.org\/{rel}","templated":true}]}}