{"id":12052,"date":"2024-03-14T13:33:19","date_gmt":"2024-03-14T12:33:19","guid":{"rendered":"http:\/\/delikatesy.wineport.pl\/?product=nalewka-babuni-pigwa-075l"},"modified":"2026-05-10T18:30:03","modified_gmt":"2026-05-10T16:30:03","slug":"nalewka-babuni-pigwa-075l","status":"publish","type":"product","link":"http:\/\/delikatesy.wineport.pl\/?product=nalewka-babuni-pigwa-075l","title":{"rendered":"NALEWKA BABUNI pigwa 0,75l"},"content":{"rendered":"<p>\u00a0<\/p>\n<p><span style=\"color: #ff0000; font-size: 16px; font-family: arial, helvetica, sans-serif;\">UWAGA!!! NIE WYSY\u0141AMY ALKOHOLU W PRZYPADKU ZAM\u00d3WIE\u0143 OD OS\u00d3B PRYWATNYCH, TYLKO ODBI\u00d3R OSOBISTY NA UL. \u015aW. STANIS\u0141AWA 12 W WARSZAWIE!!! W przypadku op\u0142acenia zam\u00f3wienia alkoholu z wysy\u0142k\u0105, przy zwrocie pieni\u0119dzy zostanie potr\u0105cona prowizja\u00a0DOTPAY!<\/span><\/p>\n<p>\u00a0<\/p>\n<p><span style=\"color: #ff0000; font-size: 16px; font-family: arial, helvetica, sans-serif;\">\u00a0<\/span><\/p>\n<p><span class=\"Apple-style-span\" style=\"font-family: Verdana, Arial, Helvetica, sans-serif; font-size: 11px; line-height: 17px; background-color: #fafaf7;\">Wino deserowe o naturalnym, pe\u0142nym smaku dojrza\u0142ych wi\u015bni, brzoskwi\u0144, malin, aromacie miodu oraz pigwy. Produkt wielokrotnie nagradzany za wysok\u0105 jako\u015b\u0107 i polski charakter. Lider w segmencie win deserowych kategorii premium w Polsce.<\/span><\/p>\n<div><span class=\"Apple-style-span\" style=\"font-family: Verdana, Arial, Helvetica, sans-serif; font-size: 11px; line-height: 17px; background-color: #fafaf7;\"><br \/> <\/span><\/div>\n<div><span class=\"Apple-style-span\" style=\"font-family: Verdana, Arial, Helvetica, sans-serif; font-size: 11px; line-height: 17px; background-color: #fafaf7;\"> <span class=\"Apple-style-span\" style=\"color: #333333; line-height: 15px; background-color: #ffffff;\">pigwa<br style=\"text-indent: 0px; padding: 0px; margin: 0px; border: 0px initial initial;\" \/> 18% 0,75l<br style=\"text-indent: 0px; padding: 0px; margin: 0px; border: 0px initial initial;\" \/> wino deserowe o<br style=\"text-indent: 0px; padding: 0px; margin: 0px; border: 0px initial initial;\" \/> smaku pigwy<\/span><\/span><\/div>\n","protected":false},"excerpt":{"rendered":"<p>Wino deserowe o naturalnym, pe\u0142nym smaku dojrza\u0142ych wi\u015bni, brzoskwi\u0144, malin, aromacie miodu oraz pigwy. Produkt wielokrotnie nagradzany za wysok\u0105 jako\u015b\u0107 i polski charakter. Lider w segmencie win deserowych kategorii premium w Polsce. pigwa 18% 0,75l &#8230;<\/p>\n","protected":false},"featured_media":12051,"comment_status":"open","ping_status":"closed","template":"","meta":[],"product_cat":[105,104,183,106],"product_tag":[],"class_list":{"0":"post-12052","1":"product","2":"type-product","3":"status-publish","4":"has-post-thumbnail","6":"product_cat-kremy","7":"product_cat-likiery","8":"product_cat-nalewki","9":"product_cat-nalewki-i-miody","11":"first","12":"instock","13":"shipping-taxable","14":"purchasable","15":"product-type-simple"},"_links":{"self":[{"href":"http:\/\/delikatesy.wineport.pl\/index.php?rest_route=\/wp\/v2\/product\/12052","targetHints":{"allow":["GET"]}}],"collection":[{"href":"http:\/\/delikatesy.wineport.pl\/index.php?rest_route=\/wp\/v2\/product"}],"about":[{"href":"http:\/\/delikatesy.wineport.pl\/index.php?rest_route=\/wp\/v2\/types\/product"}],"replies":[{"embeddable":true,"href":"http:\/\/delikatesy.wineport.pl\/index.php?rest_route=%2Fwp%2Fv2%2Fcomments&post=12052"}],"wp:featuredmedia":[{"embeddable":true,"href":"http:\/\/delikatesy.wineport.pl\/index.php?rest_route=\/wp\/v2\/media\/12051"}],"wp:attachment":[{"href":"http:\/\/delikatesy.wineport.pl\/index.php?rest_route=%2Fwp%2Fv2%2Fmedia&parent=12052"}],"wp:term":[{"taxonomy":"product_cat","embeddable":true,"href":"http:\/\/delikatesy.wineport.pl\/index.php?rest_route=%2Fwp%2Fv2%2Fproduct_cat&post=12052"},{"taxonomy":"product_tag","embeddable":true,"href":"http:\/\/delikatesy.wineport.pl\/index.php?rest_route=%2Fwp%2Fv2%2Fproduct_tag&post=12052"}],"curies":[{"name":"wp","href":"https:\/\/api.w.org\/{rel}","templated":true}]}}