{"id":12112,"date":"2024-03-14T13:33:40","date_gmt":"2024-03-14T12:33:40","guid":{"rendered":"http:\/\/delikatesy.wineport.pl\/?product=wino-salton-flowers-aromatico-075l"},"modified":"2026-05-10T18:31:18","modified_gmt":"2026-05-10T16:31:18","slug":"wino-salton-flowers-aromatico-075l","status":"publish","type":"product","link":"http:\/\/delikatesy.wineport.pl\/?product=wino-salton-flowers-aromatico-075l","title":{"rendered":"Wino SALTON FLOWERS AROMATICO 0,75L"},"content":{"rendered":"<p>\u00a0<span style=\"color: #ff0000;\">UWAGA!!! NIE WYSY\u0141AMY ALKOHOLU KURIEREM W PRZYPADKU ZAM\u00d3WIE\u0143 OD OS\u00d3B PRYWATNYCH, TYLKO ODBI\u00d3R OSOBISTY NA UL. \u015aW. STANIS\u0141AWA 12 W WARSZAWIE!!! W przypadku op\u0142acenia zam\u00f3wienia alkoholu z wysy\u0142k\u0105, przy zwrocie pieni\u0119dzy zostanie potr\u0105cona prowizja\u00a0<\/span><strong style=\"color: #ff0000;\">DOTPAY<\/strong><span style=\"color: #ff0000;\">!<\/span><\/p>\n<p>\u00a0 \u00a0 Dzi\u0119ki po\u0142\u0105czeniu \u00a0trzech szczep\u00f3w: \u00a0Gewurztraminer, Malvasia, Muscat Giallo wino to skupia w sobie najbardziej wyraziste i przyjemne aromaty natury: przypominaj\u0105ce zapach r\u00f3\u017c, geramium, go\u017adzik\u00f3w, ja\u015bminu oraz aromaty \u015bwie\u017cych owoc\u00f3w tj. brzoskwinie, ananasy, jab\u0142ka, banany i morele.<\/p>\n","protected":false},"excerpt":{"rendered":"<p>Dzi\u0119ki po\u0142\u0105czeniu trzech szczep\u00f3w: Gewurztraminer, Malvasia, Muscat Giallo wino to skupia w sobie najbardziej wyraziste i przyjemne aromaty natury: przypominaj\u0105ce zapach r\u00f3\u017c, geramium, go\u017adzik\u00f3w, ja\u015bminu oraz aromaty \u015bwie\u017cych owoc\u00f3w tj. brzoskwinie, &#8230;<\/p>\n","protected":false},"featured_media":12111,"comment_status":"open","ping_status":"closed","template":"","meta":[],"product_cat":[127,80],"product_tag":[],"class_list":{"0":"post-12112","1":"product","2":"type-product","3":"status-publish","4":"has-post-thumbnail","6":"product_cat-brazylia","7":"product_cat-wina-swiata","9":"first","10":"instock","11":"shipping-taxable","12":"purchasable","13":"product-type-simple"},"_links":{"self":[{"href":"http:\/\/delikatesy.wineport.pl\/index.php?rest_route=\/wp\/v2\/product\/12112","targetHints":{"allow":["GET"]}}],"collection":[{"href":"http:\/\/delikatesy.wineport.pl\/index.php?rest_route=\/wp\/v2\/product"}],"about":[{"href":"http:\/\/delikatesy.wineport.pl\/index.php?rest_route=\/wp\/v2\/types\/product"}],"replies":[{"embeddable":true,"href":"http:\/\/delikatesy.wineport.pl\/index.php?rest_route=%2Fwp%2Fv2%2Fcomments&post=12112"}],"wp:featuredmedia":[{"embeddable":true,"href":"http:\/\/delikatesy.wineport.pl\/index.php?rest_route=\/wp\/v2\/media\/12111"}],"wp:attachment":[{"href":"http:\/\/delikatesy.wineport.pl\/index.php?rest_route=%2Fwp%2Fv2%2Fmedia&parent=12112"}],"wp:term":[{"taxonomy":"product_cat","embeddable":true,"href":"http:\/\/delikatesy.wineport.pl\/index.php?rest_route=%2Fwp%2Fv2%2Fproduct_cat&post=12112"},{"taxonomy":"product_tag","embeddable":true,"href":"http:\/\/delikatesy.wineport.pl\/index.php?rest_route=%2Fwp%2Fv2%2Fproduct_tag&post=12112"}],"curies":[{"name":"wp","href":"https:\/\/api.w.org\/{rel}","templated":true}]}}