{"id":12118,"date":"2024-03-14T13:33:41","date_gmt":"2024-03-14T12:33:41","guid":{"rendered":"http:\/\/delikatesy.wineport.pl\/?product=wino-sparkling-wine-terranowa-moscatel-2008-075l"},"modified":"2026-05-10T18:31:19","modified_gmt":"2026-05-10T16:31:19","slug":"wino-sparkling-wine-terranowa-moscatel-2008-075l","status":"publish","type":"product","link":"http:\/\/delikatesy.wineport.pl\/?product=wino-sparkling-wine-terranowa-moscatel-2008-075l","title":{"rendered":"Wino SPARKLING WINE TERRANOWA MOSCATEL-2008 0,75L"},"content":{"rendered":"<p>Lekkie, delikatnie s\u0142odkie wino musuj\u0105ce o zielonkawej barwie i intensywnym, \u015bwie\u017cym, kwiatowym bukiecie charakterystycznym dla szczepu Muscat.&nbsp;  <\/p>\n<div>  \t<\/div>\n<div>Bia\u0142e, p\u00f3\u0142s\u0142odkie, premium<\/div>\n<p>    UWAGA!!! NIE WYSY\u0141AMY ALKOHOLU KURIEREM W PRZYPADKU ZAM\u00d3WIE\u0143 OD OS\u00d3B PRYWATNYCH, TYLKO ODBI\u00d3R OSOBISTY NA UL. \u015aW. STANIS\u0141AWA 12 W WARSZAWIE!!! W przypadku op\u0142acenia zam\u00f3wienia alkoholu z wysy\u0142k\u0105, przy zwrocie pieni\u0119dzy zostanie potr\u0105cona prowizja DOTPAY!<\/p>\n","protected":false},"excerpt":{"rendered":"<p>Lekkie, delikatnie s\u0142odkie wino musuj\u0105ce o zielonkawej barwie i intensywnym, \u015bwie\u017cym, kwiatowym bukiecie charakterystycznym dla szczepu Muscat. Bia\u0142e, p\u00f3\u0142s\u0142odkie, premium    UWAGA!!! NIE WYSY\u0141AMY ALKOHOLU KURIEREM W PRZYPADKU ZAM\u00d3WIE\u0143 OD OS\u00d3B PRYWATNYCH, TYLKO ODBI\u00d3R OSOBISTY NA UL. \u015aW. STANIS\u0141AWA 12 W WARSZAWIE!!! W przypadku op\u0142acenia zam\u00f3wienia alkoholu z wysy\u0142k\u0105, przy zwrocie pieni\u0119dzy zostanie potr\u0105cona prowizja DOTPAY!<\/p>\n","protected":false},"featured_media":12117,"comment_status":"open","ping_status":"closed","template":"","meta":[],"product_cat":[127,80],"product_tag":[],"class_list":{"0":"post-12118","1":"product","2":"type-product","3":"status-publish","4":"has-post-thumbnail","6":"product_cat-brazylia","7":"product_cat-wina-swiata","9":"first","10":"instock","11":"shipping-taxable","12":"purchasable","13":"product-type-simple"},"_links":{"self":[{"href":"http:\/\/delikatesy.wineport.pl\/index.php?rest_route=\/wp\/v2\/product\/12118","targetHints":{"allow":["GET"]}}],"collection":[{"href":"http:\/\/delikatesy.wineport.pl\/index.php?rest_route=\/wp\/v2\/product"}],"about":[{"href":"http:\/\/delikatesy.wineport.pl\/index.php?rest_route=\/wp\/v2\/types\/product"}],"replies":[{"embeddable":true,"href":"http:\/\/delikatesy.wineport.pl\/index.php?rest_route=%2Fwp%2Fv2%2Fcomments&post=12118"}],"wp:featuredmedia":[{"embeddable":true,"href":"http:\/\/delikatesy.wineport.pl\/index.php?rest_route=\/wp\/v2\/media\/12117"}],"wp:attachment":[{"href":"http:\/\/delikatesy.wineport.pl\/index.php?rest_route=%2Fwp%2Fv2%2Fmedia&parent=12118"}],"wp:term":[{"taxonomy":"product_cat","embeddable":true,"href":"http:\/\/delikatesy.wineport.pl\/index.php?rest_route=%2Fwp%2Fv2%2Fproduct_cat&post=12118"},{"taxonomy":"product_tag","embeddable":true,"href":"http:\/\/delikatesy.wineport.pl\/index.php?rest_route=%2Fwp%2Fv2%2Fproduct_tag&post=12118"}],"curies":[{"name":"wp","href":"https:\/\/api.w.org\/{rel}","templated":true}]}}