{"id":12120,"date":"2024-03-14T13:33:41","date_gmt":"2024-03-14T12:33:41","guid":{"rendered":"http:\/\/delikatesy.wineport.pl\/?product=wino-sparkling-wine-terranowa-demi-sec-2008-075l"},"modified":"2026-05-17T20:42:00","modified_gmt":"2026-05-17T18:42:00","slug":"wino-sparkling-wine-terranowa-demi-sec-2008-075l","status":"publish","type":"product","link":"http:\/\/delikatesy.wineport.pl\/?product=wino-sparkling-wine-terranowa-demi-sec-2008-075l","title":{"rendered":"Wino SPARKLING WINE TERRANOWA DEMI-SEC -2008 0,75L"},"content":{"rendered":"<p>&nbsp; &nbsp; &nbsp; &nbsp;Z kompozycji szczep\u00f3w: Chenin Blanc, Sauvignon Blanc i Verdejo powstaje musuj\u0105ce wino o \u017c\u00f3\u0142to-zielonej barwie i owocowo-kwiatowym aromacie z dodatkiem miodu i wanilii.  <\/p>\n<div>  \t<\/div>\n<div>Bia\u0142e, p\u00f3\u0142wytrawne, premium<\/div>\n<p>    UWAGA!!! NIE WYSY\u0141AMY ALKOHOLU KURIEREM W PRZYPADKU ZAM\u00d3WIE\u0143 OD OS\u00d3B PRYWATNYCH, TYLKO ODBI\u00d3R OSOBISTY NA UL. \u015aW. STANIS\u0141AWA 12 W WARSZAWIE!!! W przypadku op\u0142acenia zam\u00f3wienia alkoholu z wysy\u0142k\u0105, przy zwrocie pieni\u0119dzy zostanie potr\u0105cona prowizja DOTPAY!<\/p>\n","protected":false},"excerpt":{"rendered":"<p>Z kompozycji szczep\u00f3w: Chenin Blanc, Sauvignon Blanc i Verdejo powstaje musuj\u0105ce wino o \u017c\u00f3\u0142to-zielonej barwie i owocowo-kwiatowym aromacie z dodatkiem miodu i wanilii. Bia\u0142e, p\u00f3\u0142wytrawne, premium    UWAGA!!! NIE WYSY\u0141AMY ALKOHOLU KURIEREM W PRZYPADKU ZAM\u00d3WIE\u0143 OD OS\u00d3B PRYWATNYCH, TYLKO ODBI\u00d3R OSOBISTY NA UL. \u015aW. STANIS\u0141AWA 12 W WARSZAWIE!!! W przypadku op\u0142acenia zam\u00f3wienia alkoholu z wysy\u0142k\u0105, przy zwrocie pieni\u0119dzy zostanie potr\u0105cona prowizja DOTPAY!<\/p>\n","protected":false},"featured_media":12119,"comment_status":"open","ping_status":"closed","template":"","meta":[],"product_cat":[127,80],"product_tag":[],"class_list":{"0":"post-12120","1":"product","2":"type-product","3":"status-publish","4":"has-post-thumbnail","6":"product_cat-brazylia","7":"product_cat-wina-swiata","9":"first","10":"instock","11":"shipping-taxable","12":"purchasable","13":"product-type-simple"},"_links":{"self":[{"href":"http:\/\/delikatesy.wineport.pl\/index.php?rest_route=\/wp\/v2\/product\/12120","targetHints":{"allow":["GET"]}}],"collection":[{"href":"http:\/\/delikatesy.wineport.pl\/index.php?rest_route=\/wp\/v2\/product"}],"about":[{"href":"http:\/\/delikatesy.wineport.pl\/index.php?rest_route=\/wp\/v2\/types\/product"}],"replies":[{"embeddable":true,"href":"http:\/\/delikatesy.wineport.pl\/index.php?rest_route=%2Fwp%2Fv2%2Fcomments&post=12120"}],"wp:featuredmedia":[{"embeddable":true,"href":"http:\/\/delikatesy.wineport.pl\/index.php?rest_route=\/wp\/v2\/media\/12119"}],"wp:attachment":[{"href":"http:\/\/delikatesy.wineport.pl\/index.php?rest_route=%2Fwp%2Fv2%2Fmedia&parent=12120"}],"wp:term":[{"taxonomy":"product_cat","embeddable":true,"href":"http:\/\/delikatesy.wineport.pl\/index.php?rest_route=%2Fwp%2Fv2%2Fproduct_cat&post=12120"},{"taxonomy":"product_tag","embeddable":true,"href":"http:\/\/delikatesy.wineport.pl\/index.php?rest_route=%2Fwp%2Fv2%2Fproduct_tag&post=12120"}],"curies":[{"name":"wp","href":"https:\/\/api.w.org\/{rel}","templated":true}]}}