{"id":12128,"date":"2024-03-14T13:33:43","date_gmt":"2024-03-14T12:33:43","guid":{"rendered":"http:\/\/delikatesy.wineport.pl\/?product=wino-premium-sparkling-moscatel-075l"},"modified":"2026-05-10T18:32:02","modified_gmt":"2026-05-10T16:32:02","slug":"wino-premium-sparkling-moscatel-075l","status":"publish","type":"product","link":"http:\/\/delikatesy.wineport.pl\/?product=wino-premium-sparkling-moscatel-075l","title":{"rendered":"Wino PREMIUM SPARKLING MOSCATEL 0,75L"},"content":{"rendered":"<p><span style=\"color: #ff0000;\">UWAGA!!! NIE WYSY\u0141AMY ALKOHOLU KURIEREM W PRZYPADKU ZAM\u00d3WIE\u0143 OD OS\u00d3B PRYWATNYCH, TYLKO ODBI\u00d3R OSOBISTY NA UL. \u015aW. STANIS\u0141AWA 12 W WARSZAWIE!!! W przypadku op\u0142acenia zam\u00f3wienia alkoholu z wysy\u0142k\u0105, przy zwrocie pieni\u0119dzy zostanie potr\u0105cona prowizja\u00a0<\/span><strong style=\"color: #ff0000;\">DOTPAY<\/strong><span style=\"color: #ff0000;\">!<\/span><\/p>\n<p>Wino musuj\u0105ce produkowane ze szczepu Moscato. Posiada typowe aromaty, charakterystyczne dla Moscato z dodatkiem kwiat\u00f3w, papai i owoc\u00f3w tropikalnych. Lekko gazowane, o przyjemnym smaku.<\/p>\n","protected":false},"excerpt":{"rendered":"<p>Wino musuj\u0105ce produkowane ze szczepu Moscato. Posiada typowe aromaty, charakterystyczne dla Moscato z dodatkiem kwiat\u00f3w, papai i owoc\u00f3w tropikalnych. Lekko gazowane, o przyjemnym smaku.<\/p>\n","protected":false},"featured_media":12127,"comment_status":"open","ping_status":"closed","template":"","meta":[],"product_cat":[127,80],"product_tag":[],"class_list":{"0":"post-12128","1":"product","2":"type-product","3":"status-publish","4":"has-post-thumbnail","6":"product_cat-brazylia","7":"product_cat-wina-swiata","9":"first","10":"instock","11":"shipping-taxable","12":"purchasable","13":"product-type-simple"},"_links":{"self":[{"href":"http:\/\/delikatesy.wineport.pl\/index.php?rest_route=\/wp\/v2\/product\/12128","targetHints":{"allow":["GET"]}}],"collection":[{"href":"http:\/\/delikatesy.wineport.pl\/index.php?rest_route=\/wp\/v2\/product"}],"about":[{"href":"http:\/\/delikatesy.wineport.pl\/index.php?rest_route=\/wp\/v2\/types\/product"}],"replies":[{"embeddable":true,"href":"http:\/\/delikatesy.wineport.pl\/index.php?rest_route=%2Fwp%2Fv2%2Fcomments&post=12128"}],"wp:featuredmedia":[{"embeddable":true,"href":"http:\/\/delikatesy.wineport.pl\/index.php?rest_route=\/wp\/v2\/media\/12127"}],"wp:attachment":[{"href":"http:\/\/delikatesy.wineport.pl\/index.php?rest_route=%2Fwp%2Fv2%2Fmedia&parent=12128"}],"wp:term":[{"taxonomy":"product_cat","embeddable":true,"href":"http:\/\/delikatesy.wineport.pl\/index.php?rest_route=%2Fwp%2Fv2%2Fproduct_cat&post=12128"},{"taxonomy":"product_tag","embeddable":true,"href":"http:\/\/delikatesy.wineport.pl\/index.php?rest_route=%2Fwp%2Fv2%2Fproduct_tag&post=12128"}],"curies":[{"name":"wp","href":"https:\/\/api.w.org\/{rel}","templated":true}]}}