{"id":12132,"date":"2024-03-14T13:33:43","date_gmt":"2024-03-14T12:33:43","guid":{"rendered":"http:\/\/delikatesy.wineport.pl\/?product=wino-sparkling-wine-miolo-brut-075l"},"modified":"2026-05-10T18:32:03","modified_gmt":"2026-05-10T16:32:03","slug":"wino-sparkling-wine-miolo-brut-075l","status":"publish","type":"product","link":"http:\/\/delikatesy.wineport.pl\/?product=wino-sparkling-wine-miolo-brut-075l","title":{"rendered":"Wino SPARKLING WINE MIOLO BRUT 0,75L"},"content":{"rendered":"<p><span style=\"font-size: 12.0pt;\"><span style=\"color: #ff0000;\">UWAGA!!! NIE WYSY\u0141AMY ALKOHOLU KURIEREM W PRZYPADKU ZAM\u00d3WIE\u0143 OD OS\u00d3B PRYWATNYCH, TYLKO ODBI\u00d3R OSOBISTY NA UL. \u015aW. STANIS\u0141AWA 12 W WARSZAWIE!!! W przypadku op\u0142acenia zam\u00f3wienia alkoholu z wysy\u0142k\u0105, przy zwrocie pieni\u0119dzy zostanie potr\u0105cona prowizja\u00a0<\/span><strong style=\"color: #ff0000;\">DOTPAY<\/strong><span style=\"color: #ff0000;\">!<\/span><\/span><\/p>\n<p><span style=\"font-size: 12.0pt;\">Wino musuj\u0105ce, wytwarzane w 50% z Pinot Noir i w 50% ze szczepu\u00a0 Chardonnay o jasno-\u017c\u00f3\u0142tej barwie z zielonkawymi akcentami. Delikatne i subtelne w smaku o intensywnych, d\u0142ugo utrzymuj\u0105cych si\u0119 b\u0105belkach. Dobrze zbudowane o owocowym, przyjemnym aromacie.<\/span><\/p>\n","protected":false},"excerpt":{"rendered":"<p>Wino musuj\u0105ce, wytwarzane w 50% z Pinot Noir i w 50% ze szczepu Chardonnay o jasno-\u017c\u00f3\u0142tej barwie z zielonkawymi akcentami. Delikatne i subtelne w smaku o intensywnych, d\u0142ugo utrzymuj\u0105cych si\u0119 b\u0105belkach. Dobrze zbudowane o owocowym, przyjemnym aromaci&#8230;<\/p>\n","protected":false},"featured_media":12131,"comment_status":"open","ping_status":"closed","template":"","meta":[],"product_cat":[127,80],"product_tag":[],"class_list":{"0":"post-12132","1":"product","2":"type-product","3":"status-publish","4":"has-post-thumbnail","6":"product_cat-brazylia","7":"product_cat-wina-swiata","9":"first","10":"instock","11":"shipping-taxable","12":"purchasable","13":"product-type-simple"},"_links":{"self":[{"href":"http:\/\/delikatesy.wineport.pl\/index.php?rest_route=\/wp\/v2\/product\/12132","targetHints":{"allow":["GET"]}}],"collection":[{"href":"http:\/\/delikatesy.wineport.pl\/index.php?rest_route=\/wp\/v2\/product"}],"about":[{"href":"http:\/\/delikatesy.wineport.pl\/index.php?rest_route=\/wp\/v2\/types\/product"}],"replies":[{"embeddable":true,"href":"http:\/\/delikatesy.wineport.pl\/index.php?rest_route=%2Fwp%2Fv2%2Fcomments&post=12132"}],"wp:featuredmedia":[{"embeddable":true,"href":"http:\/\/delikatesy.wineport.pl\/index.php?rest_route=\/wp\/v2\/media\/12131"}],"wp:attachment":[{"href":"http:\/\/delikatesy.wineport.pl\/index.php?rest_route=%2Fwp%2Fv2%2Fmedia&parent=12132"}],"wp:term":[{"taxonomy":"product_cat","embeddable":true,"href":"http:\/\/delikatesy.wineport.pl\/index.php?rest_route=%2Fwp%2Fv2%2Fproduct_cat&post=12132"},{"taxonomy":"product_tag","embeddable":true,"href":"http:\/\/delikatesy.wineport.pl\/index.php?rest_route=%2Fwp%2Fv2%2Fproduct_tag&post=12132"}],"curies":[{"name":"wp","href":"https:\/\/api.w.org\/{rel}","templated":true}]}}