{"id":12138,"date":"2024-03-14T13:33:44","date_gmt":"2024-03-14T12:33:44","guid":{"rendered":"http:\/\/delikatesy.wineport.pl\/?product=wino-chardonnay-casa-valduga-koszerne-polwytrawne-075l"},"modified":"2026-05-10T18:32:03","modified_gmt":"2026-05-10T16:32:03","slug":"wino-chardonnay-casa-valduga-koszerne-polwytrawne-075l","status":"publish","type":"product","link":"http:\/\/delikatesy.wineport.pl\/?product=wino-chardonnay-casa-valduga-koszerne-polwytrawne-075l","title":{"rendered":"Wino CHARDONNAY Casa Valduga &#8211; Koszerne p\u00f3\u0142wytrawne 0,75L"},"content":{"rendered":"<p><span style=\"font-size: 12.0pt;\"><span style=\"color: #ff0000;\">UWAGA!!! NIE WYSY\u0141AMY ALKOHOLU KURIEREM W PRZYPADKU ZAM\u00d3WIE\u0143 OD OS\u00d3B PRYWATNYCH, TYLKO ODBI\u00d3R OSOBISTY NA UL. \u015aW. STANIS\u0141AWA 12 W WARSZAWIE!!! W przypadku op\u0142acenia zam\u00f3wienia alkoholu z wysy\u0142k\u0105, przy zwrocie pieni\u0119dzy zostanie potr\u0105cona prowizja\u00a0<\/span><strong style=\"color: #ff0000;\">DOTPAY<\/strong><span style=\"color: #ff0000;\">!<\/span><\/span><\/p>\n<p><span style=\"font-size: 12.0pt;\">Wino o jasno\u017c\u00f3\u0142tym przejrzystym kolorze. Smak pe\u0142ny i zr\u00f3wnowa\u017cony o delikatnej kwasowo\u015bci.\u00a0<\/span><\/p>\n","protected":false},"excerpt":{"rendered":"<p>Wino o jasno\u017c\u00f3\u0142tym przejrzystym kolorze. Smak pe\u0142ny i zr\u00f3wnowa\u017cony o delikatnej kwasowo\u015bci.<\/p>\n","protected":false},"featured_media":12137,"comment_status":"open","ping_status":"closed","template":"","meta":[],"product_cat":[127,80],"product_tag":[],"class_list":{"0":"post-12138","1":"product","2":"type-product","3":"status-publish","4":"has-post-thumbnail","6":"product_cat-brazylia","7":"product_cat-wina-swiata","9":"first","10":"instock","11":"shipping-taxable","12":"purchasable","13":"product-type-simple"},"_links":{"self":[{"href":"http:\/\/delikatesy.wineport.pl\/index.php?rest_route=\/wp\/v2\/product\/12138","targetHints":{"allow":["GET"]}}],"collection":[{"href":"http:\/\/delikatesy.wineport.pl\/index.php?rest_route=\/wp\/v2\/product"}],"about":[{"href":"http:\/\/delikatesy.wineport.pl\/index.php?rest_route=\/wp\/v2\/types\/product"}],"replies":[{"embeddable":true,"href":"http:\/\/delikatesy.wineport.pl\/index.php?rest_route=%2Fwp%2Fv2%2Fcomments&post=12138"}],"wp:featuredmedia":[{"embeddable":true,"href":"http:\/\/delikatesy.wineport.pl\/index.php?rest_route=\/wp\/v2\/media\/12137"}],"wp:attachment":[{"href":"http:\/\/delikatesy.wineport.pl\/index.php?rest_route=%2Fwp%2Fv2%2Fmedia&parent=12138"}],"wp:term":[{"taxonomy":"product_cat","embeddable":true,"href":"http:\/\/delikatesy.wineport.pl\/index.php?rest_route=%2Fwp%2Fv2%2Fproduct_cat&post=12138"},{"taxonomy":"product_tag","embeddable":true,"href":"http:\/\/delikatesy.wineport.pl\/index.php?rest_route=%2Fwp%2Fv2%2Fproduct_tag&post=12138"}],"curies":[{"name":"wp","href":"https:\/\/api.w.org\/{rel}","templated":true}]}}