{"id":12140,"date":"2024-03-14T13:33:44","date_gmt":"2024-03-14T12:33:44","guid":{"rendered":"http:\/\/delikatesy.wineport.pl\/?product=wino-cabernet-sauvignon-casa-valduga-koszerne-polwytrawne-075l"},"modified":"2026-05-10T18:32:04","modified_gmt":"2026-05-10T16:32:04","slug":"wino-cabernet-sauvignon-casa-valduga-koszerne-polwytrawne-075l","status":"publish","type":"product","link":"http:\/\/delikatesy.wineport.pl\/?product=wino-cabernet-sauvignon-casa-valduga-koszerne-polwytrawne-075l","title":{"rendered":"Wino CABERNET SAUVIGNON Casa Valduga &#8211; Koszerne p\u00f3\u0142wytrawne 0,75L"},"content":{"rendered":"<p><span style=\"font-size: 12.0pt;\"><span style=\"color: #ff0000;\">UWAGA!!! NIE WYSY\u0141AMY ALKOHOLU KURIEREM W PRZYPADKU ZAM\u00d3WIE\u0143 OD OS\u00d3B PRYWATNYCH, TYLKO ODBI\u00d3R OSOBISTY NA UL. \u015aW. STANIS\u0141AWA 12 W WARSZAWIE!!! W przypadku op\u0142acenia zam\u00f3wienia alkoholu z wysy\u0142k\u0105, przy zwrocie pieni\u0119dzy zostanie potr\u0105cona prowizja\u00a0<\/span><strong style=\"color: #ff0000;\">DOTPAY<\/strong><span style=\"color: #ff0000;\">!<\/span><\/span><\/p>\n<p><span style=\"font-size: 12.0pt;\">Intensywne przejrzyste ciemnofioletowe wino, \u0142\u0105cz\u0105ce w sobie nuty owocu \u015bliwki i je\u017cyny. W smaku delikatne z mi\u0119kkimi taninami i d\u0142ugim zako\u0144czeniem.\u00a0<\/span><\/p>\n","protected":false},"excerpt":{"rendered":"<p>Intensywne przejrzyste ciemnofioletowe wino, \u0142\u0105cz\u0105ce w sobie nuty owocu \u015bliwki i je\u017cyny. W smaku delikatne z mi\u0119kkimi taninami i d\u0142ugim zako\u0144czeniem.<\/p>\n","protected":false},"featured_media":12139,"comment_status":"open","ping_status":"closed","template":"","meta":[],"product_cat":[127,80],"product_tag":[],"class_list":{"0":"post-12140","1":"product","2":"type-product","3":"status-publish","4":"has-post-thumbnail","6":"product_cat-brazylia","7":"product_cat-wina-swiata","9":"first","10":"instock","11":"shipping-taxable","12":"purchasable","13":"product-type-simple"},"_links":{"self":[{"href":"http:\/\/delikatesy.wineport.pl\/index.php?rest_route=\/wp\/v2\/product\/12140","targetHints":{"allow":["GET"]}}],"collection":[{"href":"http:\/\/delikatesy.wineport.pl\/index.php?rest_route=\/wp\/v2\/product"}],"about":[{"href":"http:\/\/delikatesy.wineport.pl\/index.php?rest_route=\/wp\/v2\/types\/product"}],"replies":[{"embeddable":true,"href":"http:\/\/delikatesy.wineport.pl\/index.php?rest_route=%2Fwp%2Fv2%2Fcomments&post=12140"}],"wp:featuredmedia":[{"embeddable":true,"href":"http:\/\/delikatesy.wineport.pl\/index.php?rest_route=\/wp\/v2\/media\/12139"}],"wp:attachment":[{"href":"http:\/\/delikatesy.wineport.pl\/index.php?rest_route=%2Fwp%2Fv2%2Fmedia&parent=12140"}],"wp:term":[{"taxonomy":"product_cat","embeddable":true,"href":"http:\/\/delikatesy.wineport.pl\/index.php?rest_route=%2Fwp%2Fv2%2Fproduct_cat&post=12140"},{"taxonomy":"product_tag","embeddable":true,"href":"http:\/\/delikatesy.wineport.pl\/index.php?rest_route=%2Fwp%2Fv2%2Fproduct_tag&post=12140"}],"curies":[{"name":"wp","href":"https:\/\/api.w.org\/{rel}","templated":true}]}}