{"id":12142,"date":"2024-03-14T13:33:45","date_gmt":"2024-03-14T12:33:45","guid":{"rendered":"http:\/\/delikatesy.wineport.pl\/?product=wino-duetto-cabernet-sauvignon-merlot-075l"},"modified":"2026-05-10T18:32:04","modified_gmt":"2026-05-10T16:32:04","slug":"wino-duetto-cabernet-sauvignon-merlot-075l","status":"publish","type":"product","link":"http:\/\/delikatesy.wineport.pl\/?product=wino-duetto-cabernet-sauvignon-merlot-075l","title":{"rendered":"Wino DUETTO CABERNET SAUVIGNON \/ MERLOT 0,75L"},"content":{"rendered":"<div>\n<table cellspacing=\"0\" cellpadding=\"0\" align=\"center\">\n<tbody>\n<tr>\n<td style=\"padding: 0cm 7.05pt 0cm 7.05pt;\" align=\"left\" valign=\"top\">\n<p class=\"MsoNormal\" style=\"text-align: justify; mso-element: frame; mso-element-frame-hspace: 7.05pt; mso-element-wrap: around; mso-element-anchor-vertical: paragraph; mso-element-anchor-horizontal: margin; mso-element-left: center; mso-element-top: .05pt; mso-height-rule: exactly;\"><span><span style=\"color: #ff0000;\">UWAGA!!! NIE WYSY\u0141AMY ALKOHOLU KURIEREM W PRZYPADKU ZAM\u00d3WIE\u0143 OD OS\u00d3B PRYWATNYCH, TYLKO ODBI\u00d3R OSOBISTY NA UL. \u015aW. STANIS\u0141AWA 12 W WARSZAWIE!!! W przypadku op\u0142acenia zam\u00f3wienia alkoholu z wysy\u0142k\u0105, przy zwrocie pieni\u0119dzy zostanie potr\u0105cona prowizja\u00a0<\/span><strong style=\"color: #ff0000;\">DOTPAY<\/strong><span style=\"color: #ff0000;\">!<\/span><\/span><\/p>\n<p class=\"MsoNormal\" style=\"text-align: justify; mso-element: frame; mso-element-frame-hspace: 7.05pt; mso-element-wrap: around; mso-element-anchor-vertical: paragraph; mso-element-anchor-horizontal: margin; mso-element-left: center; mso-element-top: .05pt; mso-height-rule: exactly;\"><span>Wino produkowane z r\u0119cznie zbieranych winogron, dojrzewaj\u0105ce w d\u0119bowych beczkach. W bukiecie dominuj\u0105 aromaty czerwonych owoc\u00f3w i przypraw korzennych. Dojrza\u0142e, dobrze zbudowane, g\u0142adkie w smaku. <\/span><\/p>\n<\/td>\n<\/tr>\n<\/tbody>\n<\/table><\/div>\n","protected":false},"excerpt":{"rendered":"<p>Wino produkowane z r\u0119cznie zbieranych winogron, dojrzewaj\u0105ce w d\u0119bowych beczkach. W bukiecie dominuj\u0105 aromaty czerwonych owoc\u00f3w i przypraw korzennych. Dojrza\u0142e, dobrze zbudowane, g\u0142adkie w smaku.<\/p>\n","protected":false},"featured_media":12141,"comment_status":"open","ping_status":"closed","template":"","meta":[],"product_cat":[127,80],"product_tag":[],"class_list":{"0":"post-12142","1":"product","2":"type-product","3":"status-publish","4":"has-post-thumbnail","6":"product_cat-brazylia","7":"product_cat-wina-swiata","9":"first","10":"instock","11":"shipping-taxable","12":"purchasable","13":"product-type-simple"},"_links":{"self":[{"href":"http:\/\/delikatesy.wineport.pl\/index.php?rest_route=\/wp\/v2\/product\/12142","targetHints":{"allow":["GET"]}}],"collection":[{"href":"http:\/\/delikatesy.wineport.pl\/index.php?rest_route=\/wp\/v2\/product"}],"about":[{"href":"http:\/\/delikatesy.wineport.pl\/index.php?rest_route=\/wp\/v2\/types\/product"}],"replies":[{"embeddable":true,"href":"http:\/\/delikatesy.wineport.pl\/index.php?rest_route=%2Fwp%2Fv2%2Fcomments&post=12142"}],"wp:featuredmedia":[{"embeddable":true,"href":"http:\/\/delikatesy.wineport.pl\/index.php?rest_route=\/wp\/v2\/media\/12141"}],"wp:attachment":[{"href":"http:\/\/delikatesy.wineport.pl\/index.php?rest_route=%2Fwp%2Fv2%2Fmedia&parent=12142"}],"wp:term":[{"taxonomy":"product_cat","embeddable":true,"href":"http:\/\/delikatesy.wineport.pl\/index.php?rest_route=%2Fwp%2Fv2%2Fproduct_cat&post=12142"},{"taxonomy":"product_tag","embeddable":true,"href":"http:\/\/delikatesy.wineport.pl\/index.php?rest_route=%2Fwp%2Fv2%2Fproduct_tag&post=12142"}],"curies":[{"name":"wp","href":"https:\/\/api.w.org\/{rel}","templated":true}]}}