{"id":12147,"date":"2024-03-14T13:33:46","date_gmt":"2024-03-14T12:33:46","guid":{"rendered":"http:\/\/delikatesy.wineport.pl\/?product=wino-premium-merlot-075l"},"modified":"2026-05-10T18:32:05","modified_gmt":"2026-05-10T16:32:05","slug":"wino-premium-merlot-075l","status":"publish","type":"product","link":"http:\/\/delikatesy.wineport.pl\/?product=wino-premium-merlot-075l","title":{"rendered":"Wino PREMIUM MERLOT 0,75L"},"content":{"rendered":"<p><span style=\"font-size: 12.0pt;\"><span style=\"color: #ff0000;\">UWAGA!!! NIE WYSY\u0141AMY ALKOHOLU KURIEREM W PRZYPADKU ZAM\u00d3WIE\u0143 OD OS\u00d3B PRYWATNYCH, TYLKO ODBI\u00d3R OSOBISTY NA UL. \u015aW. STANIS\u0141AWA 12 W WARSZAWIE!!! W przypadku op\u0142acenia zam\u00f3wienia alkoholu z wysy\u0142k\u0105, przy zwrocie pieni\u0119dzy zostanie potr\u0105cona prowizja\u00a0<\/span><strong style=\"color: #ff0000;\">DOTPAY<\/strong><span style=\"color: #ff0000;\">!<\/span><\/span><\/p>\n<p><span style=\"font-size: 12.0pt;\">Wino otrzymywane z r\u0119cznie zbieranych winogron. Dojrzewa w beczkach z d\u0119bu francuskiego przez 8 m-cy, nast\u0119pnie jest butelkowane i le\u017cakuje w piwnicach,\u00a0 w sta\u0142ej temperaturze.Posiada purpurowy kolor, aromaty przypraw korzennych, wi\u015bni, z nutk\u0105 wanilii, czekolady i migda\u0142\u00f3w. Jedwabiste i g\u0142adkie w smaku, z przyjemnym, d\u0142ugim posmakiem<\/span> <span style=\"font-size: 12pt; font-family: 'Times New Roman', serif; font-weight: bold;\">.<\/span><\/p>\n","protected":false},"excerpt":{"rendered":"<p>Wino otrzymywane z r\u0119cznie zbieranych winogron. Dojrzewa w beczkach z d\u0119bu francuskiego przez 8 m-cy, nast\u0119pnie jest butelkowane i le\u017cakuje w piwnicach, w sta\u0142ej temperaturze.Posiada purpurowy kolor, aromaty przypraw korzennych, wi\u015bni, z nutk\u0105 wanili&#8230;<\/p>\n","protected":false},"featured_media":0,"comment_status":"open","ping_status":"closed","template":"","meta":[],"product_cat":[127,80],"product_tag":[],"class_list":{"0":"post-12147","1":"product","2":"type-product","3":"status-publish","5":"product_cat-brazylia","6":"product_cat-wina-swiata","8":"first","9":"instock","10":"shipping-taxable","11":"purchasable","12":"product-type-simple"},"_links":{"self":[{"href":"http:\/\/delikatesy.wineport.pl\/index.php?rest_route=\/wp\/v2\/product\/12147","targetHints":{"allow":["GET"]}}],"collection":[{"href":"http:\/\/delikatesy.wineport.pl\/index.php?rest_route=\/wp\/v2\/product"}],"about":[{"href":"http:\/\/delikatesy.wineport.pl\/index.php?rest_route=\/wp\/v2\/types\/product"}],"replies":[{"embeddable":true,"href":"http:\/\/delikatesy.wineport.pl\/index.php?rest_route=%2Fwp%2Fv2%2Fcomments&post=12147"}],"wp:attachment":[{"href":"http:\/\/delikatesy.wineport.pl\/index.php?rest_route=%2Fwp%2Fv2%2Fmedia&parent=12147"}],"wp:term":[{"taxonomy":"product_cat","embeddable":true,"href":"http:\/\/delikatesy.wineport.pl\/index.php?rest_route=%2Fwp%2Fv2%2Fproduct_cat&post=12147"},{"taxonomy":"product_tag","embeddable":true,"href":"http:\/\/delikatesy.wineport.pl\/index.php?rest_route=%2Fwp%2Fv2%2Fproduct_tag&post=12147"}],"curies":[{"name":"wp","href":"https:\/\/api.w.org\/{rel}","templated":true}]}}