{"id":12149,"date":"2024-03-14T13:33:46","date_gmt":"2024-03-14T12:33:46","guid":{"rendered":"http:\/\/delikatesy.wineport.pl\/?product=wino-vistamar-gran-reserva-cabernet-sauvignon-shiraz-075l"},"modified":"2026-05-10T18:32:05","modified_gmt":"2026-05-10T16:32:05","slug":"wino-vistamar-gran-reserva-cabernet-sauvignon-shiraz-075l","status":"publish","type":"product","link":"http:\/\/delikatesy.wineport.pl\/?product=wino-vistamar-gran-reserva-cabernet-sauvignon-shiraz-075l","title":{"rendered":"Wino Vistamar Gran Reserva Cabernet Sauvignon Shiraz 0,75L"},"content":{"rendered":"<h3 style=\"color: #cc0000; font-size: 14px;\"><span style=\"color: #ff0000;\">UWAGA!!! NIE WYSY\u0141AMY ALKOHOLU KURIEREM W PRZYPADKU ZAM\u00d3WIE\u0143 OD OS\u00d3B PRYWATNYCH, TYLKO ODBI\u00d3R OSOBISTY NA UL. \u015aW. STANIS\u0141AWA 12 W WARSZAWIE!!! W przypadku op\u0142acenia zam\u00f3wienia alkoholu z wysy\u0142k\u0105, przy zwrocie pieni\u0119dzy zostanie potr\u0105cona prowizja\u00a0<\/span><strong style=\"color: #ff0000;\">DOTPAY<\/strong><span style=\"color: #ff0000;\">!<\/span><\/h3>\n<h3 style=\"color: #cc0000; font-size: 14px;\">\u00a0<\/h3>\n<h3 style=\"color: #cc0000; font-size: 14px;\">Vistamar Gran Reserva Cabernet Sauvignon Shiraz<\/h3>\n<p style=\"margin-top: 7px; margin-bottom: 7px; margin-left: 20px;\"><span style=\"text-decoration: line-through;\"><br \/> <\/span><\/p>\n<p style=\"margin-top: 7px; margin-bottom: 7px; margin-left: 20px;\">Wino wysokiej jako\u015bci (88-94pt)<\/p>\n<p style=\"margin-top: 7px; margin-bottom: 7px; margin-left: 20px;\">Rewelacyjny stosunek jako\u015bci do ceny<\/p>\n<p><span class=\"Apple-style-span\" style=\"color: #444444; font-family: Tahoma, Verdana, sans-serif; font-size: 12px; background-color: #ffffff;\">Niesamowicie g\u0119ste i intensywne wino. S\u0142oneczne i owocowe, ale bardzo ci\u0119\u017ckie w budowie. Ko\u0144c\u00f3wka bardzo waniliowa z nutami czarnej porzeczki zatopionej w czekoladzie.<\/span><\/p>\n","protected":false},"excerpt":{"rendered":"<p>Vistamar Gran Reserva Cabernet Sauvignon Shiraz Wino wysokiej jako\u015bci (88-94pt) Rewelacyjny stosunek jako\u015bci do ceny Niesamowicie g\u0119ste i intensywne wino. S\u0142oneczne i owocowe, ale bardzo ci\u0119\u017ckie w budowie. Ko\u0144c\u00f3wka bardzo waniliowa z nutami czarnej p&#8230;<\/p>\n","protected":false},"featured_media":12148,"comment_status":"open","ping_status":"closed","template":"","meta":[],"product_cat":[82,80],"product_tag":[],"class_list":{"0":"post-12149","1":"product","2":"type-product","3":"status-publish","4":"has-post-thumbnail","6":"product_cat-chile","7":"product_cat-wina-swiata","9":"first","10":"instock","11":"shipping-taxable","12":"purchasable","13":"product-type-simple"},"_links":{"self":[{"href":"http:\/\/delikatesy.wineport.pl\/index.php?rest_route=\/wp\/v2\/product\/12149","targetHints":{"allow":["GET"]}}],"collection":[{"href":"http:\/\/delikatesy.wineport.pl\/index.php?rest_route=\/wp\/v2\/product"}],"about":[{"href":"http:\/\/delikatesy.wineport.pl\/index.php?rest_route=\/wp\/v2\/types\/product"}],"replies":[{"embeddable":true,"href":"http:\/\/delikatesy.wineport.pl\/index.php?rest_route=%2Fwp%2Fv2%2Fcomments&post=12149"}],"wp:featuredmedia":[{"embeddable":true,"href":"http:\/\/delikatesy.wineport.pl\/index.php?rest_route=\/wp\/v2\/media\/12148"}],"wp:attachment":[{"href":"http:\/\/delikatesy.wineport.pl\/index.php?rest_route=%2Fwp%2Fv2%2Fmedia&parent=12149"}],"wp:term":[{"taxonomy":"product_cat","embeddable":true,"href":"http:\/\/delikatesy.wineport.pl\/index.php?rest_route=%2Fwp%2Fv2%2Fproduct_cat&post=12149"},{"taxonomy":"product_tag","embeddable":true,"href":"http:\/\/delikatesy.wineport.pl\/index.php?rest_route=%2Fwp%2Fv2%2Fproduct_tag&post=12149"}],"curies":[{"name":"wp","href":"https:\/\/api.w.org\/{rel}","templated":true}]}}