{"id":12301,"date":"2024-03-14T13:34:15","date_gmt":"2024-03-14T12:34:15","guid":{"rendered":"http:\/\/delikatesy.wineport.pl\/?product=wino-sassomato-toscana-sensi-075l"},"modified":"2026-05-10T18:35:06","modified_gmt":"2026-05-10T16:35:06","slug":"wino-sassomato-toscana-sensi-075l","status":"publish","type":"product","link":"http:\/\/delikatesy.wineport.pl\/?product=wino-sassomato-toscana-sensi-075l","title":{"rendered":"WINO SASSOMATO TOSCANA SENSI 0,75L"},"content":{"rendered":"<p><span class=\"Apple-style-span\" style=\"background-color: #fdfaf9; border-collapse: collapse; color: #2a3c54; font-family: Georgia, 'Times New Roman', Times, serif; font-size: 12px; line-height: 18px; -webkit-border-horizontal-spacing: 2px; -webkit-border-vertical-spacing: 2px;\"><span style=\"color: #ff0000;\">UWAGA!!! NIE WYSY\u0141AMY ALKOHOLU KURIEREM W PRZYPADKU ZAM\u00d3WIE\u0143 OD OS\u00d3B PRYWATNYCH, TYLKO ODBI\u00d3R OSOBISTY NA UL. \u015aW. STANIS\u0141AWA 12 W WARSZAWIE!!! W przypadku op\u0142acenia zam\u00f3wienia alkoholu z wysy\u0142k\u0105, przy zwrocie pieni\u0119dzy zostanie potr\u0105cona prowizja\u00a0<\/span><strong style=\"color: #ff0000;\">DOTPAY<\/strong><span style=\"color: #ff0000;\">!<\/span><\/span><\/p>\n<p><span class=\"Apple-style-span\" style=\"background-color: #fdfaf9; border-collapse: collapse; color: #2a3c54; font-family: Georgia, 'Times New Roman', Times, serif; font-size: 12px; line-height: 18px; -webkit-border-horizontal-spacing: 2px; -webkit-border-vertical-spacing: 2px;\">Harmonijne i soczyste w ustach \u0142agodnie prowadzi do przyjemnego ko\u0144ca. Stanowi doskona\u0142y akompaniament do wielu lekkich potraw mi\u0119snych i ser\u00f3w. Sugerowana temp. podania 16-18\u2019C.<\/span> <span style=\"color: #323232; font-family: tahoma, helvetica, sans-serif; font-size: 11px; line-height: 17px; background-color: #fdfaf9;\">\u00a0<\/span> <span class=\"Apple-style-span\" style=\"background-color: #fdfaf9; border-collapse: collapse; color: #2a3c54; font-family: Georgia, 'Times New Roman', Times, serif; font-size: 12px; line-height: 18px; -webkit-border-horizontal-spacing: 2px; -webkit-border-vertical-spacing: 2px;\">\u00a0<\/span><\/p>\n","protected":false},"excerpt":{"rendered":"<p>Harmonijne i soczyste w ustach \u0142agodnie prowadzi do przyjemnego ko\u0144ca. Stanowi doskona\u0142y akompaniament do wielu lekkich potraw mi\u0119snych i ser\u00f3w. Sugerowana temp. podania 16-18\u2019C.<\/p>\n","protected":false},"featured_media":12300,"comment_status":"open","ping_status":"closed","template":"","meta":[],"product_cat":[80,95,96],"product_tag":[],"class_list":{"0":"post-12301","1":"product","2":"type-product","3":"status-publish","4":"has-post-thumbnail","6":"product_cat-wina-swiata","7":"product_cat-wlochy","8":"product_cat-wlochy-toscania","10":"first","11":"instock","12":"shipping-taxable","13":"purchasable","14":"product-type-simple"},"_links":{"self":[{"href":"http:\/\/delikatesy.wineport.pl\/index.php?rest_route=\/wp\/v2\/product\/12301","targetHints":{"allow":["GET"]}}],"collection":[{"href":"http:\/\/delikatesy.wineport.pl\/index.php?rest_route=\/wp\/v2\/product"}],"about":[{"href":"http:\/\/delikatesy.wineport.pl\/index.php?rest_route=\/wp\/v2\/types\/product"}],"replies":[{"embeddable":true,"href":"http:\/\/delikatesy.wineport.pl\/index.php?rest_route=%2Fwp%2Fv2%2Fcomments&post=12301"}],"wp:featuredmedia":[{"embeddable":true,"href":"http:\/\/delikatesy.wineport.pl\/index.php?rest_route=\/wp\/v2\/media\/12300"}],"wp:attachment":[{"href":"http:\/\/delikatesy.wineport.pl\/index.php?rest_route=%2Fwp%2Fv2%2Fmedia&parent=12301"}],"wp:term":[{"taxonomy":"product_cat","embeddable":true,"href":"http:\/\/delikatesy.wineport.pl\/index.php?rest_route=%2Fwp%2Fv2%2Fproduct_cat&post=12301"},{"taxonomy":"product_tag","embeddable":true,"href":"http:\/\/delikatesy.wineport.pl\/index.php?rest_route=%2Fwp%2Fv2%2Fproduct_tag&post=12301"}],"curies":[{"name":"wp","href":"https:\/\/api.w.org\/{rel}","templated":true}]}}