{"id":12303,"date":"2024-03-14T13:34:15","date_gmt":"2024-03-14T12:34:15","guid":{"rendered":"http:\/\/delikatesy.wineport.pl\/?product=montemar-sauvignon-blanc-central-valley"},"modified":"2026-03-31T23:35:11","modified_gmt":"2026-03-31T21:35:11","slug":"montemar-sauvignon-blanc-central-valley","status":"publish","type":"product","link":"http:\/\/delikatesy.wineport.pl\/?product=montemar-sauvignon-blanc-central-valley","title":{"rendered":"MONTEMAR Sauvignon Blanc Central Valley"},"content":{"rendered":"<p class=\"MsoBodyText\" style=\"text-align: justify;\"><span style=\"font-weight: bold;\"><span style=\"color: #ff0000;\">UWAGA!!! NIE WYSY\u0141AMY ALKOHOLU KURIEREM W PRZYPADKU ZAM\u00d3WIE\u0143 OD OS\u00d3B PRYWATNYCH, TYLKO ODBI\u00d3R OSOBISTY NA UL. \u015aW. STANIS\u0141AWA 12 W WARSZAWIE!!! W przypadku op\u0142acenia zam\u00f3wienia alkoholu z wysy\u0142k\u0105, przy zwrocie pieni\u0119dzy zostanie potr\u0105cona prowizja\u00a0<\/span><strong style=\"color: #ff0000;\">DOTPAY<\/strong><span style=\"color: #ff0000;\">!<\/span><\/span><\/p>\n<p class=\"MsoBodyText\" style=\"text-align: justify;\"><span style=\"font-weight: bold;\">MONTEMAR Sauvignon Blanc <\/span>\u00a0 <span style=\"font-weight: bold;\">Central Valley<\/span>, <span style=\"font-style: italic;\">producent Aresti Chile Wines Limitada <\/span><\/p>\n<p class=\"MsoBodyText\" style=\"text-align: justify;\">100% Sauvignon Blanc, 12% alk.<\/p>\n<p class=\"MsoNormal\" style=\"text-align: justify;\">Delikatne, bia\u0142e, wytrawne wino &#8211; klasyczny Sauvignon Blanc z Doliny Curic\u00f3, o aromacie dojrza\u0142ego agrestu, melona i grapefruita. W ustach \u0142agodne, przyjemnie \u015bwie\u017ce, o naturalnej kwasowo\u015bci i d\u0142ugim, cytrusowym finiszu.<\/p>\n<p class=\"MsoNormal\" style=\"text-align: justify;\">Doskonale komponuje si\u0119 z bia\u0142ymi rybami, krewetkami, sa\u0142atkami, \u015bwie\u017cymi ostrygami i bia\u0142ym serem. Podawa\u0107 sch\u0142odzone do temp.\u00a0 8\u00b0-10\u00b0C.<\/p>\n","protected":false},"excerpt":{"rendered":"<p>MONTEMAR Sauvignon Blanc Central Valley , producent Aresti Chile Wines Limitada 100% Sauvignon Blanc, 12% alk. Delikatne, bia\u0142e, wytrawne wino &#8211; klasyczny Sauvignon Blanc z Doliny Curic\u00f3, o aromacie dojrza\u0142ego agrestu, melona i grapefruita. W ustach &#8230;<\/p>\n","protected":false},"featured_media":12302,"comment_status":"open","ping_status":"closed","template":"","meta":[],"product_cat":[82,80],"product_tag":[],"class_list":{"0":"post-12303","1":"product","2":"type-product","3":"status-publish","4":"has-post-thumbnail","6":"product_cat-chile","7":"product_cat-wina-swiata","9":"first","10":"instock","11":"shipping-taxable","12":"purchasable","13":"product-type-simple"},"_links":{"self":[{"href":"http:\/\/delikatesy.wineport.pl\/index.php?rest_route=\/wp\/v2\/product\/12303","targetHints":{"allow":["GET"]}}],"collection":[{"href":"http:\/\/delikatesy.wineport.pl\/index.php?rest_route=\/wp\/v2\/product"}],"about":[{"href":"http:\/\/delikatesy.wineport.pl\/index.php?rest_route=\/wp\/v2\/types\/product"}],"replies":[{"embeddable":true,"href":"http:\/\/delikatesy.wineport.pl\/index.php?rest_route=%2Fwp%2Fv2%2Fcomments&post=12303"}],"wp:featuredmedia":[{"embeddable":true,"href":"http:\/\/delikatesy.wineport.pl\/index.php?rest_route=\/wp\/v2\/media\/12302"}],"wp:attachment":[{"href":"http:\/\/delikatesy.wineport.pl\/index.php?rest_route=%2Fwp%2Fv2%2Fmedia&parent=12303"}],"wp:term":[{"taxonomy":"product_cat","embeddable":true,"href":"http:\/\/delikatesy.wineport.pl\/index.php?rest_route=%2Fwp%2Fv2%2Fproduct_cat&post=12303"},{"taxonomy":"product_tag","embeddable":true,"href":"http:\/\/delikatesy.wineport.pl\/index.php?rest_route=%2Fwp%2Fv2%2Fproduct_tag&post=12303"}],"curies":[{"name":"wp","href":"https:\/\/api.w.org\/{rel}","templated":true}]}}