{"id":12309,"date":"2024-03-14T13:34:16","date_gmt":"2024-03-14T12:34:16","guid":{"rendered":"http:\/\/delikatesy.wineport.pl\/?product=montemar-andes-gewurztraminer-central-valley"},"modified":"2026-03-31T23:44:08","modified_gmt":"2026-03-31T21:44:08","slug":"montemar-andes-gewurztraminer-central-valley","status":"publish","type":"product","link":"http:\/\/delikatesy.wineport.pl\/?product=montemar-andes-gewurztraminer-central-valley","title":{"rendered":"MONTEMAR ANDES Gew\u00fcrztraminer Central Valley"},"content":{"rendered":"<p class=\"MsoNormal\" style=\"text-align: justify;\"><span style=\"font-weight: bold;\"><span style=\"color: #ff0000;\">UWAGA!!! NIE WYSY\u0141AMY ALKOHOLU KURIEREM W PRZYPADKU ZAM\u00d3WIE\u0143 OD OS\u00d3B PRYWATNYCH, TYLKO ODBI\u00d3R OSOBISTY NA UL. \u015aW. STANIS\u0141AWA 12 W WARSZAWIE!!! W przypadku op\u0142acenia zam\u00f3wienia alkoholu z wysy\u0142k\u0105, przy zwrocie pieni\u0119dzy zostanie potr\u0105cona prowizja\u00a0<\/span><strong style=\"color: #ff0000;\">DOTPAY<\/strong><span style=\"color: #ff0000;\">!<\/span><\/span><\/p>\n<p class=\"MsoNormal\" style=\"text-align: justify;\"><span style=\"font-weight: bold;\">MONTEMAR ANDES Gew\u00fcrztraminer <\/span>Central Valley, <span style=\"font-style: italic;\">producent<\/span> <span style=\"font-style: italic;\">Aresti Chile Wines Limitada <\/span><\/p>\n<p class=\"MsoNormal\" style=\"text-align: justify;\">100% Gewurztraminer; 13,00% alk.<\/p>\n<p class=\"MsoNormal\" style=\"text-align: justify;\">Soczyste, rze\u015bkie, bia\u0142e, wytrawne wino, produkowane ze szczepu niecz\u0119sto spotykanego w Chile. Ma do zaoferowania nuty zielonych jab\u0142ek, imbiru i sk\u00f3rki pomara\u0144czowej, wyra\u017an\u0105 kwasowo\u015b\u0107, \u015bwie\u017co\u015b\u0107 oraz d\u0142ug\u0105, owocow\u0105 ko\u0144c\u00f3wk\u0119.<\/p>\n<p class=\"MsoNormal\" style=\"text-align: justify;\">Wybornie smakuje sch\u0142odzone do temp.\u00a0 10\u00b0-12\u00b0C, z potrawami przygotowanymi na bazie drobiu, szczeg\u00f3lnie tego bardziej wykwintnego, \u015brednio doprawionymi daniami wegetaria\u0144skich, pikantn\u0105 tart\u0105, owocami morza i curry.<\/p>\n<p class=\"MsoNormal\" style=\"text-align: justify;\">\u00a0<\/p>\n","protected":false},"excerpt":{"rendered":"<p>MONTEMAR ANDES Gew\u00fcrztraminer Central Valley, producent Aresti Chile Wines Limitada 100% Gewurztraminer; 13,00% alk. Soczyste, rze\u015bkie, bia\u0142e, wytrawne wino, produkowane ze szczepu niecz\u0119sto spotykanego w Chile. Ma do zaoferowania nuty zielonych jab\u0142&#8230;<\/p>\n","protected":false},"featured_media":12308,"comment_status":"open","ping_status":"closed","template":"","meta":[],"product_cat":[82,80],"product_tag":[],"class_list":{"0":"post-12309","1":"product","2":"type-product","3":"status-publish","4":"has-post-thumbnail","6":"product_cat-chile","7":"product_cat-wina-swiata","9":"first","10":"instock","11":"shipping-taxable","12":"purchasable","13":"product-type-simple"},"_links":{"self":[{"href":"http:\/\/delikatesy.wineport.pl\/index.php?rest_route=\/wp\/v2\/product\/12309","targetHints":{"allow":["GET"]}}],"collection":[{"href":"http:\/\/delikatesy.wineport.pl\/index.php?rest_route=\/wp\/v2\/product"}],"about":[{"href":"http:\/\/delikatesy.wineport.pl\/index.php?rest_route=\/wp\/v2\/types\/product"}],"replies":[{"embeddable":true,"href":"http:\/\/delikatesy.wineport.pl\/index.php?rest_route=%2Fwp%2Fv2%2Fcomments&post=12309"}],"wp:featuredmedia":[{"embeddable":true,"href":"http:\/\/delikatesy.wineport.pl\/index.php?rest_route=\/wp\/v2\/media\/12308"}],"wp:attachment":[{"href":"http:\/\/delikatesy.wineport.pl\/index.php?rest_route=%2Fwp%2Fv2%2Fmedia&parent=12309"}],"wp:term":[{"taxonomy":"product_cat","embeddable":true,"href":"http:\/\/delikatesy.wineport.pl\/index.php?rest_route=%2Fwp%2Fv2%2Fproduct_cat&post=12309"},{"taxonomy":"product_tag","embeddable":true,"href":"http:\/\/delikatesy.wineport.pl\/index.php?rest_route=%2Fwp%2Fv2%2Fproduct_tag&post=12309"}],"curies":[{"name":"wp","href":"https:\/\/api.w.org\/{rel}","templated":true}]}}