{"id":12325,"date":"2024-03-14T13:34:19","date_gmt":"2024-03-14T12:34:19","guid":{"rendered":"http:\/\/delikatesy.wineport.pl\/?product=montemar-andes-torrontes-i-p-mendoza"},"modified":"2026-05-10T18:37:08","modified_gmt":"2026-05-10T16:37:08","slug":"montemar-andes-torrontes-i-p-mendoza","status":"publish","type":"product","link":"http:\/\/delikatesy.wineport.pl\/?product=montemar-andes-torrontes-i-p-mendoza","title":{"rendered":"MONTEMAR ANDES Torront\u00e9s I.P. Mendoza"},"content":{"rendered":"<p class=\"MsoNormal\" style=\"text-align: justify;\"><span style=\"font-weight: bold;\"><span style=\"color: #ff0000; font-size: 16px; font-family: arial, helvetica, sans-serif;\">UWAGA!!! NIE WYSY\u0141AMY ALKOHOLU KURIEREM W PRZYPADKU ZAM\u00d3WIE\u0143 OD OS\u00d3B PRYWATNYCH, TYLKO ODBI\u00d3R OSOBISTY NA UL. \u015aW. STANIS\u0141AWA 12 W WARSZAWIE!!! W przypadku op\u0142acenia zam\u00f3wienia alkoholu z wysy\u0142k\u0105, przy zwrocie pieni\u0119dzy zostanie potr\u0105cona prowizja dotpay!<\/span><\/span><\/p>\n<p class=\"MsoNormal\" style=\"text-align: justify;\"><span style=\"font-weight: bold;\">MONTEMAR ANDES<\/span> Torront\u00e9s , I.P. Mendoza, <span style=\"font-style: italic;\">producent <\/span> <span style=\"font-family: Calibri, sans-serif; font-style: italic;\">Esp\u00edritu de Argentina <\/span><\/p>\n<p class=\"MsoNormal\" style=\"text-align: justify;\"><span style=\"font-family: Calibri, sans-serif;\">100% <\/span>Torront\u00e9s, <span style=\"font-family: Calibri, sans-serif;\">13,0% alk. <\/span><\/p>\n<p class=\"MsoNormal\" style=\"text-align: justify;\">Typowy, argenty\u0144ski, wytrawny Torront\u00e9s z niewielk\u0105 domieszk\u0105 Chardonnay, dojrzewaj\u0105cy przez 4 miesi\u0105ce na osadzie. Zosta\u0142 wyprodukowany z owoc\u00f3w, pochodz\u0105cych z rejonu o du\u017cym wp\u0142ywie And\u00f3w na klimat, zbawiennym dla bia\u0142ych winogron.<\/p>\n<p class=\"MsoNormal\" style=\"text-align: justify;\">Cz\u0119\u015b\u0107 z tych owoc\u00f3w by\u0142a zbierana r\u0119cznie w po\u0142owie lutego, a druga cz\u0119\u015b\u0107 w trzecim tygodniu marca, aby po\u0142\u0105czy\u0107 tak charakterystyczny dla tej odmiany, smak i aromat r\u00f3\u017c i ja\u015bminu z nutami owoc\u00f3w cytrusowych. Uzyskano w ten spos\u00f3b wino eleganckie, pe\u0142ne, odrobin\u0119 korzenne, jedyne w swoim rodzaju.<\/p>\n<p class=\"MsoNormal\" style=\"text-align: justify;\">Podawa\u0107 sch\u0142odzone do temp.\u00a0 8-10\u00b0C, tak\u017ce do potraw azjatyckich, r\u00f3\u017cnych sos\u00f3w i sa\u0142atek, guacamole oraz argenty\u0144skich pierog\u00f3w.\u00a0<\/p>\n","protected":false},"excerpt":{"rendered":"<p>MONTEMAR ANDES Torront\u00e9s , I.P. Mendoza, producent Esp\u00edritu de Argentina 100% Torront\u00e9s, 13,0% alk. Typowy, argenty\u0144ski, wytrawny Torront\u00e9s z niewielk\u0105 domieszk\u0105 Chardonnay, dojrzewaj\u0105cy przez 4 miesi\u0105ce na osadzie. Zosta\u0142 wyprodukowany z owoc\u00f3w, poc&#8230;<\/p>\n","protected":false},"featured_media":12324,"comment_status":"open","ping_status":"closed","template":"","meta":[],"product_cat":[81,80],"product_tag":[],"class_list":{"0":"post-12325","1":"product","2":"type-product","3":"status-publish","4":"has-post-thumbnail","6":"product_cat-argentyna","7":"product_cat-wina-swiata","9":"first","10":"instock","11":"shipping-taxable","12":"purchasable","13":"product-type-simple"},"_links":{"self":[{"href":"http:\/\/delikatesy.wineport.pl\/index.php?rest_route=\/wp\/v2\/product\/12325","targetHints":{"allow":["GET"]}}],"collection":[{"href":"http:\/\/delikatesy.wineport.pl\/index.php?rest_route=\/wp\/v2\/product"}],"about":[{"href":"http:\/\/delikatesy.wineport.pl\/index.php?rest_route=\/wp\/v2\/types\/product"}],"replies":[{"embeddable":true,"href":"http:\/\/delikatesy.wineport.pl\/index.php?rest_route=%2Fwp%2Fv2%2Fcomments&post=12325"}],"wp:featuredmedia":[{"embeddable":true,"href":"http:\/\/delikatesy.wineport.pl\/index.php?rest_route=\/wp\/v2\/media\/12324"}],"wp:attachment":[{"href":"http:\/\/delikatesy.wineport.pl\/index.php?rest_route=%2Fwp%2Fv2%2Fmedia&parent=12325"}],"wp:term":[{"taxonomy":"product_cat","embeddable":true,"href":"http:\/\/delikatesy.wineport.pl\/index.php?rest_route=%2Fwp%2Fv2%2Fproduct_cat&post=12325"},{"taxonomy":"product_tag","embeddable":true,"href":"http:\/\/delikatesy.wineport.pl\/index.php?rest_route=%2Fwp%2Fv2%2Fproduct_tag&post=12325"}],"curies":[{"name":"wp","href":"https:\/\/api.w.org\/{rel}","templated":true}]}}