{"id":12342,"date":"2024-03-14T13:34:23","date_gmt":"2024-03-14T12:34:23","guid":{"rendered":"http:\/\/delikatesy.wineport.pl\/?product=anthon-berg-buteleczki-czekoladowe-z-koktailami-alkoholowymi-250g"},"modified":"2026-05-10T18:37:11","modified_gmt":"2026-05-10T16:37:11","slug":"anthon-berg-buteleczki-czekoladowe-z-koktailami-alkoholowymi-250g","status":"publish","type":"product","link":"http:\/\/delikatesy.wineport.pl\/?product=anthon-berg-buteleczki-czekoladowe-z-koktailami-alkoholowymi-250g","title":{"rendered":"ANTHON BERG &#8211; buteleczki czekoladowe z koktailami alkoholowymi 250g"},"content":{"rendered":"<div style=\"color: rgb(50, 50, 50); font-size: 11px; line-height: 17px; background-color: rgb(253, 250, 249); \">\n<p class=\"MsoNormal\" style=\"margin-bottom: 0.0001pt; line-height: 12.75pt; background-image: initial; background-attachment: initial; background-origin: initial; background-clip: initial; background-position: initial initial; background-repeat: initial initial; \">  \t\t  \t\t<span style=\"font-size: 8.5pt; font-family: Tahoma, sans-serif; \">Anthon Berg to znany w\u015br\u00f3d koneser\u00f3w synonim jako\u015bci, jedna z najstarszych  marek w Danii, z presti\u017cowym tytu\u0142em &#8220;Nadwornego Dostawcy&#8221;.Anthon Berg  to topowy du\u0144ski producent slodyczy klasy ultra premium. Ka\u017cdy wyr\u00f3b tej firmy  to poezja smaku..&nbsp;  \t\t\t  \t\t\t<o:p><\/o:p><\/span><\/p>\n<p class=\"MsoNormal\" style=\"margin-bottom: 0.0001pt; line-height: 12.75pt; background-image: initial; background-attachment: initial; background-origin: initial; background-clip: initial; background-position: initial initial; background-repeat: initial initial; \">  \t\t  \t\t<span style=\"font-size: 8.5pt; font-family: Tahoma, sans-serif; \">&nbsp;<\/span><\/p>\n<p class=\"MsoNormal\" style=\"margin-bottom: 0.0001pt; line-height: 12.75pt; background-image: initial; background-attachment: initial; background-origin: initial; background-clip: initial; background-position: initial initial; background-repeat: initial initial; \">  \t\t  \t\t<span style=\"font-size: 8.5pt; font-family: Tahoma, sans-serif; \"><a href=\"http:\/\/www.anthonberg.com\/\">  \t\t\t\t  \t\t\t\t<span style=\"color:#323232;text-decoration: none;text-underline:none\">http:\/\/www.anthonberg.com\/<\/span><\/a>  \t\t\t  \t\t\t<o:p><\/o:p><\/span><\/p>\n<\/div>\n","protected":false},"excerpt":{"rendered":"<p>Anthon Berg to znany w\u015br\u00f3d koneser\u00f3w synonim jako\u015bci, jedna z najstarszych marek w Danii, z presti\u017cowym tytu\u0142em &#8220;Nadwornego Dostawcy&#8221;.Anthon Berg to topowy du\u0144ski producent slodyczy klasy ultra premium. Ka\u017cdy wyr\u00f3b tej firmy to poezja smaku.. http:\/\/&#8230;<\/p>\n","protected":false},"featured_media":12341,"comment_status":"open","ping_status":"closed","template":"","meta":[],"product_cat":[173,185],"product_tag":[],"class_list":{"0":"post-12342","1":"product","2":"type-product","3":"status-publish","4":"has-post-thumbnail","6":"product_cat-artykuly-delikatesowe","7":"product_cat-wyroby-czekoladowe","9":"first","10":"instock","11":"shipping-taxable","12":"purchasable","13":"product-type-simple"},"_links":{"self":[{"href":"http:\/\/delikatesy.wineport.pl\/index.php?rest_route=\/wp\/v2\/product\/12342","targetHints":{"allow":["GET"]}}],"collection":[{"href":"http:\/\/delikatesy.wineport.pl\/index.php?rest_route=\/wp\/v2\/product"}],"about":[{"href":"http:\/\/delikatesy.wineport.pl\/index.php?rest_route=\/wp\/v2\/types\/product"}],"replies":[{"embeddable":true,"href":"http:\/\/delikatesy.wineport.pl\/index.php?rest_route=%2Fwp%2Fv2%2Fcomments&post=12342"}],"wp:featuredmedia":[{"embeddable":true,"href":"http:\/\/delikatesy.wineport.pl\/index.php?rest_route=\/wp\/v2\/media\/12341"}],"wp:attachment":[{"href":"http:\/\/delikatesy.wineport.pl\/index.php?rest_route=%2Fwp%2Fv2%2Fmedia&parent=12342"}],"wp:term":[{"taxonomy":"product_cat","embeddable":true,"href":"http:\/\/delikatesy.wineport.pl\/index.php?rest_route=%2Fwp%2Fv2%2Fproduct_cat&post=12342"},{"taxonomy":"product_tag","embeddable":true,"href":"http:\/\/delikatesy.wineport.pl\/index.php?rest_route=%2Fwp%2Fv2%2Fproduct_tag&post=12342"}],"curies":[{"name":"wp","href":"https:\/\/api.w.org\/{rel}","templated":true}]}}