{"id":12354,"date":"2024-03-14T13:34:33","date_gmt":"2024-03-14T12:34:33","guid":{"rendered":"http:\/\/delikatesy.wineport.pl\/?product=belgian-65g-czekoladki-kawowe"},"modified":"2026-05-10T18:37:12","modified_gmt":"2026-05-10T16:37:12","slug":"belgian-65g-czekoladki-kawowe","status":"publish","type":"product","link":"http:\/\/delikatesy.wineport.pl\/?product=belgian-65g-czekoladki-kawowe","title":{"rendered":"BELGIAN 65g Czekoladki kawowe"},"content":{"rendered":"<p class=\"MsoNormal\">  \t<span style=\"font-size: 13.5pt; line-height: 115%; \">Nie  od dzi\u015b wiadomo \u017ce Belgowie s\u0142yn\u0105 z najwy\u017cszej jako\u015bci na \u015bwiecie wyrob\u00f3w z  czekolady, produkty marki BELGIAN absolutnie to potwierdzaja!<\/span>  \t<o:p><\/o:p><\/p>\n","protected":false},"excerpt":{"rendered":"<p>Nie od dzi\u015b wiadomo \u017ce Belgowie s\u0142yn\u0105 z najwy\u017cszej jako\u015bci na \u015bwiecie wyrob\u00f3w z czekolady, produkty marki BELGIAN absolutnie to potwierdzaja!<\/p>\n","protected":false},"featured_media":12353,"comment_status":"open","ping_status":"closed","template":"","meta":[],"product_cat":[173,185],"product_tag":[],"class_list":{"0":"post-12354","1":"product","2":"type-product","3":"status-publish","4":"has-post-thumbnail","6":"product_cat-artykuly-delikatesowe","7":"product_cat-wyroby-czekoladowe","9":"first","10":"instock","11":"shipping-taxable","12":"purchasable","13":"product-type-simple"},"_links":{"self":[{"href":"http:\/\/delikatesy.wineport.pl\/index.php?rest_route=\/wp\/v2\/product\/12354","targetHints":{"allow":["GET"]}}],"collection":[{"href":"http:\/\/delikatesy.wineport.pl\/index.php?rest_route=\/wp\/v2\/product"}],"about":[{"href":"http:\/\/delikatesy.wineport.pl\/index.php?rest_route=\/wp\/v2\/types\/product"}],"replies":[{"embeddable":true,"href":"http:\/\/delikatesy.wineport.pl\/index.php?rest_route=%2Fwp%2Fv2%2Fcomments&post=12354"}],"wp:featuredmedia":[{"embeddable":true,"href":"http:\/\/delikatesy.wineport.pl\/index.php?rest_route=\/wp\/v2\/media\/12353"}],"wp:attachment":[{"href":"http:\/\/delikatesy.wineport.pl\/index.php?rest_route=%2Fwp%2Fv2%2Fmedia&parent=12354"}],"wp:term":[{"taxonomy":"product_cat","embeddable":true,"href":"http:\/\/delikatesy.wineport.pl\/index.php?rest_route=%2Fwp%2Fv2%2Fproduct_cat&post=12354"},{"taxonomy":"product_tag","embeddable":true,"href":"http:\/\/delikatesy.wineport.pl\/index.php?rest_route=%2Fwp%2Fv2%2Fproduct_tag&post=12354"}],"curies":[{"name":"wp","href":"https:\/\/api.w.org\/{rel}","templated":true}]}}