{"id":12390,"date":"2024-03-14T13:34:47","date_gmt":"2024-03-14T12:34:47","guid":{"rendered":"http:\/\/delikatesy.wineport.pl\/?product=wino-joseph-castan-sav-blanc-075l"},"modified":"2026-05-10T18:37:54","modified_gmt":"2026-05-10T16:37:54","slug":"wino-joseph-castan-sav-blanc-075l","status":"publish","type":"product","link":"http:\/\/delikatesy.wineport.pl\/?product=wino-joseph-castan-sav-blanc-075l","title":{"rendered":"Wino Joseph Castan SAV. BLANC 0,75l"},"content":{"rendered":"<p><span style=\"color: #ff0000;\">UWAGA!!! NIE WYSY\u0141AMY ALKOHOLU KURIEREM W PRZYPADKU ZAM\u00d3WIE\u0143 OD OS\u00d3B PRYWATNYCH, TYLKO ODBI\u00d3R OSOBISTY NA UL. \u015aW. STANIS\u0141AWA 12 W WARSZAWIE!!! W przypadku op\u0142acenia zam\u00f3wienia alkoholu z wysy\u0142k\u0105, przy zwrocie pieni\u0119dzy zostanie potr\u0105cona prowizja\u00a0<\/span><strong style=\"color: #ff0000;\">DOTPAY<\/strong><span style=\"color: #ff0000;\">!<\/span><\/p>\n<p>\u015awietnie zrobione vin de pays \u00a0d&#8217;Oc. Je\u015bli kto\u015b szuka \u015bwietnie zrobionego wina w dobej cenie to dobrze trafil.\u00a0<\/p>\n<div>Wiecej na temat wina tu\u00a0<a href=\"http:\/\/josephcastan.jimdo.com\/english\/el%C3%A9gance\/elegance-sauvignon\/\">http:\/\/josephcastan.jimdo.com\/english\/el%C3%A9gance\/elegance-sauvignon\/<\/a><\/div>\n","protected":false},"excerpt":{"rendered":"<p>\u015awietnie zrobione vin de pays d&#8217;Oc. Je\u015bli kto\u015b szuka \u015bwietnie zrobionego wina w dobej cenie to dobrze trafil. Wiecej na temat wina tu http:\/\/josephcastan.jimdo.com\/english\/el%C3%A9gance\/elegance-sauvignon\/<\/p>\n","protected":false},"featured_media":12389,"comment_status":"open","ping_status":"closed","template":"","meta":[],"product_cat":[83,88,80],"product_tag":[],"class_list":{"0":"post-12390","1":"product","2":"type-product","3":"status-publish","4":"has-post-thumbnail","6":"product_cat-francja","7":"product_cat-francja-langwedocja-roussillion","8":"product_cat-wina-swiata","10":"first","11":"instock","12":"shipping-taxable","13":"purchasable","14":"product-type-simple"},"_links":{"self":[{"href":"http:\/\/delikatesy.wineport.pl\/index.php?rest_route=\/wp\/v2\/product\/12390","targetHints":{"allow":["GET"]}}],"collection":[{"href":"http:\/\/delikatesy.wineport.pl\/index.php?rest_route=\/wp\/v2\/product"}],"about":[{"href":"http:\/\/delikatesy.wineport.pl\/index.php?rest_route=\/wp\/v2\/types\/product"}],"replies":[{"embeddable":true,"href":"http:\/\/delikatesy.wineport.pl\/index.php?rest_route=%2Fwp%2Fv2%2Fcomments&post=12390"}],"wp:featuredmedia":[{"embeddable":true,"href":"http:\/\/delikatesy.wineport.pl\/index.php?rest_route=\/wp\/v2\/media\/12389"}],"wp:attachment":[{"href":"http:\/\/delikatesy.wineport.pl\/index.php?rest_route=%2Fwp%2Fv2%2Fmedia&parent=12390"}],"wp:term":[{"taxonomy":"product_cat","embeddable":true,"href":"http:\/\/delikatesy.wineport.pl\/index.php?rest_route=%2Fwp%2Fv2%2Fproduct_cat&post=12390"},{"taxonomy":"product_tag","embeddable":true,"href":"http:\/\/delikatesy.wineport.pl\/index.php?rest_route=%2Fwp%2Fv2%2Fproduct_tag&post=12390"}],"curies":[{"name":"wp","href":"https:\/\/api.w.org\/{rel}","templated":true}]}}