{"id":12412,"date":"2024-03-14T13:35:39","date_gmt":"2024-03-14T12:35:39","guid":{"rendered":"http:\/\/delikatesy.wineport.pl\/?product=porto-tawny-caves-de-murca-075l"},"modified":"2026-05-10T18:37:56","modified_gmt":"2026-05-10T16:37:56","slug":"porto-tawny-caves-de-murca-075l","status":"publish","type":"product","link":"http:\/\/delikatesy.wineport.pl\/?product=porto-tawny-caves-de-murca-075l","title":{"rendered":"Porto Tawny Caves De Murca 0,75l"},"content":{"rendered":"<p><span style=\"color: #ff0000;\">UWAGA!!! NIE WYSY\u0141AMY ALKOHOLU KURIEREM W PRZYPADKU ZAM\u00d3WIE\u0143 OD OS\u00d3B PRYWATNYCH, TYLKO ODBI\u00d3R OSOBISTY NA UL. \u015aW. STANIS\u0141AWA 12 W WARSZAWIE!!! W przypadku op\u0142acenia zam\u00f3wienia alkoholu z wysy\u0142k\u0105, przy zwrocie pieni\u0119dzy zostanie potr\u0105cona prowizja\u00a0<\/span><strong style=\"color: #ff0000;\">DOTPAY<\/strong><span style=\"color: #ff0000;\">!<\/span><\/p>\n<p>Dobre Porto w dobrej cenie!\u00a0<\/p>\n<table border=\"0\" width=\"100%\" cellspacing=\"0\" cellpadding=\"0\">\n<tbody>\n<tr>\n<td class=\"extraFieldsName\" style=\"background-color: #ffffff; font-size: 11px; font-weight: bold; padding-left: 10px; padding-top: 5px; padding-bottom: 5px; border-bottom-width: 1px; border-bottom-style: solid; border-bottom-color: #f5f4e9; font-family: Tahoma, Arial, Verdana; width: 260px; background-position: initial initial; background-repeat: initial initial;\">Zawarto\u015b\u0107 alkoholu 19,5%<\/td>\n<td class=\"extraFieldsValue\" style=\"background-color: #ffffff; font-size: 11px; border-bottom-width: 1px; border-bottom-style: solid; border-bottom-color: #f5f4e9; font-family: Tahoma, Arial, Verdana; padding-top: 5px; padding-bottom: 5px; width: 270px; background-position: initial initial; background-repeat: initial initial;\">\u00a0<\/td>\n<\/tr>\n<\/tbody>\n<\/table>\n","protected":false},"excerpt":{"rendered":"<p>Dobre Porto w dobrej cenie! Zawarto\u015b\u0107 alkoholu 19,5%<\/p>\n","protected":false},"featured_media":12411,"comment_status":"open","ping_status":"closed","template":"","meta":[],"product_cat":[94,80],"product_tag":[],"class_list":{"0":"post-12412","1":"product","2":"type-product","3":"status-publish","4":"has-post-thumbnail","6":"product_cat-portugalia","7":"product_cat-wina-swiata","9":"first","10":"instock","11":"shipping-taxable","12":"purchasable","13":"product-type-simple"},"_links":{"self":[{"href":"http:\/\/delikatesy.wineport.pl\/index.php?rest_route=\/wp\/v2\/product\/12412","targetHints":{"allow":["GET"]}}],"collection":[{"href":"http:\/\/delikatesy.wineport.pl\/index.php?rest_route=\/wp\/v2\/product"}],"about":[{"href":"http:\/\/delikatesy.wineport.pl\/index.php?rest_route=\/wp\/v2\/types\/product"}],"replies":[{"embeddable":true,"href":"http:\/\/delikatesy.wineport.pl\/index.php?rest_route=%2Fwp%2Fv2%2Fcomments&post=12412"}],"wp:featuredmedia":[{"embeddable":true,"href":"http:\/\/delikatesy.wineport.pl\/index.php?rest_route=\/wp\/v2\/media\/12411"}],"wp:attachment":[{"href":"http:\/\/delikatesy.wineport.pl\/index.php?rest_route=%2Fwp%2Fv2%2Fmedia&parent=12412"}],"wp:term":[{"taxonomy":"product_cat","embeddable":true,"href":"http:\/\/delikatesy.wineport.pl\/index.php?rest_route=%2Fwp%2Fv2%2Fproduct_cat&post=12412"},{"taxonomy":"product_tag","embeddable":true,"href":"http:\/\/delikatesy.wineport.pl\/index.php?rest_route=%2Fwp%2Fv2%2Fproduct_tag&post=12412"}],"curies":[{"name":"wp","href":"https:\/\/api.w.org\/{rel}","templated":true}]}}