{"id":12414,"date":"2024-03-14T13:35:39","date_gmt":"2024-03-14T12:35:39","guid":{"rendered":"http:\/\/delikatesy.wineport.pl\/?product=porto-offley-ruby-075l"},"modified":"2026-05-10T18:37:56","modified_gmt":"2026-05-10T16:37:56","slug":"porto-offley-ruby-075l","status":"publish","type":"product","link":"http:\/\/delikatesy.wineport.pl\/?product=porto-offley-ruby-075l","title":{"rendered":"Porto Offley Ruby 0,75l"},"content":{"rendered":"<div class=\"wines_opt_right\" style=\"margin: 0px; padding: 0px; border: 0px; outline: none 0px; font-size: 12px; background-color: #ffffff; font-weight: normal; line-height: normal;\"><span style=\"color: #ff0000;\">UWAGA!!! NIE WYSY\u0141AMY ALKOHOLU KURIEREM W PRZYPADKU ZAM\u00d3WIE\u0143 OD OS\u00d3B PRYWATNYCH, TYLKO ODBI\u00d3R OSOBISTY NA UL. \u015aW. STANIS\u0141AWA 12 W WARSZAWIE!!! W przypadku op\u0142acenia zam\u00f3wienia alkoholu z wysy\u0142k\u0105, przy zwrocie pieni\u0119dzy zostanie potr\u0105cona prowizja\u00a0<\/span><strong style=\"color: #ff0000;\">DOTPAY<\/strong><span style=\"color: #ff0000;\">!<\/span><\/div>\n<div class=\"wines_opt_right\" style=\"margin: 0px; padding: 0px; border: 0px; outline: none 0px; font-size: 12px; background-color: #ffffff; font-weight: normal; line-height: normal;\">Znakomite czerwone portugalskie wino wzmacniane, kt\u00f3remu zawdzi\u0119cza zawarto\u015b\u0107 do 20% alkoholu. W procesie produkcji grona Tauriga National, Tinta Roiz, Bastardo s\u0105 poddawane fermentacji do osi\u0105gni\u0119cia siedmioprocentowej zawarto\u015bci alkoholu, a nast\u0119pnie mieszane z winnym spirytusem. Kupa\u017c tworzony jest z przynajmniej jednorocznych win, po czym dojrzewa w d\u0119bowych, wielkich balseiros nawet powy\u017cej trzech lat a nast\u0119pnie jest rozlewany do butelek, zanim utraci sw\u0105 charakterystyczn\u0105 &#8220;m\u0142odo\u015b\u0107&#8221;. Nazwa Ruby podkre\u015bla \u015bwie\u017cy, pe\u0142en owocowych niuans\u00f3w aromat oraz pi\u0119kn\u0105, g\u0142\u0119bok\u0105 barw\u0119. W smaku dominuj\u0105 s\u0142odkie nuty czere\u015bni i truskawki, pe\u0142ne prostoty ale i zmys\u0142owo\u015bci.<\/div>\n<p style=\"margin: 0px 0px 1em; padding: 0px; border: 0px; outline: none 0px; font-size: 12px; background-color: #ffffff; font-weight: normal; line-height: normal;\">\u00a0<\/p>\n<p style=\"margin: 0px 0px 1em; padding: 0px; border: 0px; outline: none 0px; font-size: 12px; background-color: #ffffff; font-weight: normal; line-height: normal;\">\u00a0<\/p>\n","protected":false},"excerpt":{"rendered":"<p>Znakomite czerwone portugalskie wino wzmacniane, kt\u00f3remu zawdzi\u0119cza zawarto\u015b\u0107 do 20% alkoholu. W procesie produkcji grona Tauriga National, Tinta Roiz, Bastardo s\u0105 poddawane fermentacji do osi\u0105gni\u0119cia siedmioprocentowej zawarto\u015bci alkoholu, a nast\u0119pn&#8230;<\/p>\n","protected":false},"featured_media":12413,"comment_status":"open","ping_status":"closed","template":"","meta":[],"product_cat":[94,80],"product_tag":[],"class_list":{"0":"post-12414","1":"product","2":"type-product","3":"status-publish","4":"has-post-thumbnail","6":"product_cat-portugalia","7":"product_cat-wina-swiata","9":"first","10":"instock","11":"shipping-taxable","12":"purchasable","13":"product-type-simple"},"_links":{"self":[{"href":"http:\/\/delikatesy.wineport.pl\/index.php?rest_route=\/wp\/v2\/product\/12414","targetHints":{"allow":["GET"]}}],"collection":[{"href":"http:\/\/delikatesy.wineport.pl\/index.php?rest_route=\/wp\/v2\/product"}],"about":[{"href":"http:\/\/delikatesy.wineport.pl\/index.php?rest_route=\/wp\/v2\/types\/product"}],"replies":[{"embeddable":true,"href":"http:\/\/delikatesy.wineport.pl\/index.php?rest_route=%2Fwp%2Fv2%2Fcomments&post=12414"}],"wp:featuredmedia":[{"embeddable":true,"href":"http:\/\/delikatesy.wineport.pl\/index.php?rest_route=\/wp\/v2\/media\/12413"}],"wp:attachment":[{"href":"http:\/\/delikatesy.wineport.pl\/index.php?rest_route=%2Fwp%2Fv2%2Fmedia&parent=12414"}],"wp:term":[{"taxonomy":"product_cat","embeddable":true,"href":"http:\/\/delikatesy.wineport.pl\/index.php?rest_route=%2Fwp%2Fv2%2Fproduct_cat&post=12414"},{"taxonomy":"product_tag","embeddable":true,"href":"http:\/\/delikatesy.wineport.pl\/index.php?rest_route=%2Fwp%2Fv2%2Fproduct_tag&post=12414"}],"curies":[{"name":"wp","href":"https:\/\/api.w.org\/{rel}","templated":true}]}}