{"id":12430,"date":"2024-03-14T13:35:43","date_gmt":"2024-03-14T12:35:43","guid":{"rendered":"http:\/\/delikatesy.wineport.pl\/?product=wino-gran-reserva-chardonnay-casa-valduga-075l"},"modified":"2026-05-10T18:37:57","modified_gmt":"2026-05-10T16:37:57","slug":"wino-gran-reserva-chardonnay-casa-valduga-075l","status":"publish","type":"product","link":"http:\/\/delikatesy.wineport.pl\/?product=wino-gran-reserva-chardonnay-casa-valduga-075l","title":{"rendered":"Wino GRAN RESERVA CHARDONNAY Casa Valduga 0,75L"},"content":{"rendered":"<p class=\"MsoNormal\"><span style=\"color: #ff0000;\">UWAGA!!! NIE WYSY\u0141AMY ALKOHOLU KURIEREM W PRZYPADKU ZAM\u00d3WIE\u0143 OD OS\u00d3B PRYWATNYCH, TYLKO ODBI\u00d3R OSOBISTY NA UL. \u015aW. STANIS\u0141AWA 12 W WARSZAWIE!!! W przypadku op\u0142acenia zam\u00f3wienia alkoholu z wysy\u0142k\u0105, przy zwrocie pieni\u0119dzy zostanie potr\u0105cona prowizja\u00a0<\/span><strong style=\"color: #ff0000;\">DOTPAY<\/strong><span style=\"color: #ff0000;\">!<\/span><\/p>\n<p class=\"MsoNormal\">Chardonnay absolutnie w najlepszym wydaniu, por\u00f3wnywalne za najlepszymi chablis premier cru!\u00a0\u00a0Nos przepe\u0142niony jest aromatami dojrza\u0142ej brzoskwini w kremie waniliowym, migda\u0142\u00f3w, pieczonego chleba, gruszki w karmelu, go\u017adzik\u00f3w i wanilii.\u00a0<br \/> W smaku bogate, pozostawiaj\u0105ce d\u0142ugie zako\u0144czenie. Znakomite do kotleta schabowego, w\u0119dzonej szynki, pieczonej kaczki czy g\u0119si, ryby, homara, makaron\u00f3w i kremowych zup.<\/p>\n","protected":false},"excerpt":{"rendered":"<p>Chardonnay absolutnie w najlepszym wydaniu, por\u00f3wnywalne za najlepszymi chablis premier cru! Nos przepe\u0142niony jest aromatami dojrza\u0142ej brzoskwini w kremie waniliowym, migda\u0142\u00f3w, pieczonego chleba, gruszki w karmelu, go\u017adzik\u00f3w i wanilii. W smaku bogate&#8230;<\/p>\n","protected":false},"featured_media":12429,"comment_status":"open","ping_status":"closed","template":"","meta":[],"product_cat":[127,80],"product_tag":[],"class_list":{"0":"post-12430","1":"product","2":"type-product","3":"status-publish","4":"has-post-thumbnail","6":"product_cat-brazylia","7":"product_cat-wina-swiata","9":"first","10":"instock","11":"shipping-taxable","12":"purchasable","13":"product-type-simple"},"_links":{"self":[{"href":"http:\/\/delikatesy.wineport.pl\/index.php?rest_route=\/wp\/v2\/product\/12430","targetHints":{"allow":["GET"]}}],"collection":[{"href":"http:\/\/delikatesy.wineport.pl\/index.php?rest_route=\/wp\/v2\/product"}],"about":[{"href":"http:\/\/delikatesy.wineport.pl\/index.php?rest_route=\/wp\/v2\/types\/product"}],"replies":[{"embeddable":true,"href":"http:\/\/delikatesy.wineport.pl\/index.php?rest_route=%2Fwp%2Fv2%2Fcomments&post=12430"}],"wp:featuredmedia":[{"embeddable":true,"href":"http:\/\/delikatesy.wineport.pl\/index.php?rest_route=\/wp\/v2\/media\/12429"}],"wp:attachment":[{"href":"http:\/\/delikatesy.wineport.pl\/index.php?rest_route=%2Fwp%2Fv2%2Fmedia&parent=12430"}],"wp:term":[{"taxonomy":"product_cat","embeddable":true,"href":"http:\/\/delikatesy.wineport.pl\/index.php?rest_route=%2Fwp%2Fv2%2Fproduct_cat&post=12430"},{"taxonomy":"product_tag","embeddable":true,"href":"http:\/\/delikatesy.wineport.pl\/index.php?rest_route=%2Fwp%2Fv2%2Fproduct_tag&post=12430"}],"curies":[{"name":"wp","href":"https:\/\/api.w.org\/{rel}","templated":true}]}}