{"id":12432,"date":"2024-03-14T13:35:43","date_gmt":"2024-03-14T12:35:43","guid":{"rendered":"http:\/\/delikatesy.wineport.pl\/?product=wino-gran-reserva-cabernet-sav-casa-valduga-075l"},"modified":"2026-05-10T18:37:58","modified_gmt":"2026-05-10T16:37:58","slug":"wino-gran-reserva-cabernet-sav-casa-valduga-075l","status":"publish","type":"product","link":"http:\/\/delikatesy.wineport.pl\/?product=wino-gran-reserva-cabernet-sav-casa-valduga-075l","title":{"rendered":"Wino GRAN RESERVA Cabernet Sav. Casa Valduga 0,75L"},"content":{"rendered":"<p><span style=\"color: #ff0000;\">UWAGA!!! NIE WYSY\u0141AMY ALKOHOLU KURIEREM W PRZYPADKU ZAM\u00d3WIE\u0143 OD OS\u00d3B PRYWATNYCH, TYLKO ODBI\u00d3R OSOBISTY NA UL. \u015aW. STANIS\u0141AWA 12 W WARSZAWIE!!! W przypadku op\u0142acenia zam\u00f3wienia alkoholu z wysy\u0142k\u0105, przy zwrocie pieni\u0119dzy zostanie potr\u0105cona prowizja\u00a0<\/span><strong style=\"color: #ff0000;\">DOTPAY<\/strong><span style=\"color: #ff0000;\">!<\/span><\/p>\n<p>Wielkie Brazylijskie wini nic doda\u0107 nic uja\u0107. Zapraszam do przeczytania trafnej recenzji na portalu moje wino\u00a0<a href=\"http:\/\/www.mojewino.pl\/mwi_6521368915\">http:\/\/www.mojewino.pl\/mwi_6521368915<\/a><\/p>\n","protected":false},"excerpt":{"rendered":"<p>Wielkie Brazylijskie wini nic doda\u0107 nic uja\u0107. Zapraszam do przeczytania trafnej recenzji na portalu moje wino http:\/\/www.mojewino.pl\/mwi_6521368915<\/p>\n","protected":false},"featured_media":12431,"comment_status":"open","ping_status":"closed","template":"","meta":[],"product_cat":[127,80],"product_tag":[],"class_list":{"0":"post-12432","1":"product","2":"type-product","3":"status-publish","4":"has-post-thumbnail","6":"product_cat-brazylia","7":"product_cat-wina-swiata","9":"first","10":"instock","11":"shipping-taxable","12":"purchasable","13":"product-type-simple"},"_links":{"self":[{"href":"http:\/\/delikatesy.wineport.pl\/index.php?rest_route=\/wp\/v2\/product\/12432","targetHints":{"allow":["GET"]}}],"collection":[{"href":"http:\/\/delikatesy.wineport.pl\/index.php?rest_route=\/wp\/v2\/product"}],"about":[{"href":"http:\/\/delikatesy.wineport.pl\/index.php?rest_route=\/wp\/v2\/types\/product"}],"replies":[{"embeddable":true,"href":"http:\/\/delikatesy.wineport.pl\/index.php?rest_route=%2Fwp%2Fv2%2Fcomments&post=12432"}],"wp:featuredmedia":[{"embeddable":true,"href":"http:\/\/delikatesy.wineport.pl\/index.php?rest_route=\/wp\/v2\/media\/12431"}],"wp:attachment":[{"href":"http:\/\/delikatesy.wineport.pl\/index.php?rest_route=%2Fwp%2Fv2%2Fmedia&parent=12432"}],"wp:term":[{"taxonomy":"product_cat","embeddable":true,"href":"http:\/\/delikatesy.wineport.pl\/index.php?rest_route=%2Fwp%2Fv2%2Fproduct_cat&post=12432"},{"taxonomy":"product_tag","embeddable":true,"href":"http:\/\/delikatesy.wineport.pl\/index.php?rest_route=%2Fwp%2Fv2%2Fproduct_tag&post=12432"}],"curies":[{"name":"wp","href":"https:\/\/api.w.org\/{rel}","templated":true}]}}