{"id":12462,"date":"2024-03-14T13:36:38","date_gmt":"2024-03-14T12:36:38","guid":{"rendered":"http:\/\/delikatesy.wineport.pl\/?product=wodka-finlandia-07l-40"},"modified":"2026-05-10T18:39:03","modified_gmt":"2026-05-10T16:39:03","slug":"wodka-finlandia-07l-40","status":"publish","type":"product","link":"http:\/\/delikatesy.wineport.pl\/?product=wodka-finlandia-07l-40","title":{"rendered":"W\u00f3dka FINLANDIA 0,7L 40 %"},"content":{"rendered":"<div>\n<p><span style=\"color: #ff0000; font-size: 16px; font-family: arial, helvetica, sans-serif;\">UWAGA!!! NIE WYSY\u0141AMY ALKOHOLU W PRZYPADKU ZAM\u00d3WIE\u0143 OD OS\u00d3B PRYWATNYCH, TYLKO ODBI\u00d3R OSOBISTY NA UL. \u015aW. STANIS\u0141AWA 12 W WARSZAWIE!!! W przypadku op\u0142acenia zam\u00f3wienia alkoholu z wysy\u0142k\u0105, przy zwrocie pieni\u0119dzy zostanie potr\u0105cona prowizja\u00a0DOTPAY!<\/span><\/p>\n<p><span style=\"color: #ff0000; font-size: 16px; font-family: arial, helvetica, sans-serif;\">\u00a0<\/span><\/p>\n<p>  zgodnie z systemem rabatowym:\u00a0<\/p><\/div>\n<div><span style=\"background-color: #fdfaf9; color: #575757; font-family: tahoma, helvetica, sans-serif; font-size: 11px; line-height: 17px;\"><br \/> <\/span><\/div>\n<div><span style=\"background-color: #fdfaf9; color: #575757; font-family: tahoma, helvetica, sans-serif; font-size: 11px; line-height: 17px; font-weight: bold;\">3% Rabatu &#8211; przy zakupach powy\u017cej 500PLN Brutto\u00a0<\/span><\/div>\n<div><span style=\"font-weight: bold;\"> <span style=\"color: #575757; font-family: tahoma, helvetica, sans-serif; font-size: 11px; line-height: 17px; background-color: #fdfaf9;\">5% Rabatu &#8211; przy zakupach powy\u017cej 1000PLN Brutto<\/span><br style=\"color: #575757; font-family: tahoma, helvetica, sans-serif; font-size: 11px; line-height: 17px; background-color: #fdfaf9;\" \/> <span style=\"color: #575757; font-family: tahoma, helvetica, sans-serif; font-size: 11px; line-height: 17px; background-color: #fdfaf9;\">7% Rabatu &#8211; przy zakupach powy\u017cej 1500PLN Brutto\u00a0<\/span><br style=\"color: #575757; font-family: tahoma, helvetica, sans-serif; font-size: 11px; line-height: 17px; background-color: #fdfaf9;\" \/> <span style=\"color: #575757; font-family: tahoma, helvetica, sans-serif; font-size: 11px; line-height: 17px; background-color: #fdfaf9;\">10% Rabatu &#8211; przy zakupach powyzej 4000PLN Brutto\u00a0<\/span><\/span><\/div>\n<div><span style=\"color: #575757; font-family: tahoma, helvetica, sans-serif; font-size: 11px; line-height: 17px; background-color: #fdfaf9; font-weight: bold;\"><br \/> <\/span><\/div>\n<div><span style=\"color: #575757; font-family: tahoma, helvetica, sans-serif; font-size: 11px; line-height: 17px; background-color: #fdfaf9; font-weight: bold;\">rabat naliczy sie automatycznie robi\u0105c zakupy w sklepie internetowym!!!<\/span><\/div>\n<div>\u00a0<\/div>\n","protected":false},"excerpt":{"rendered":"<div>zgodnie z systemem rabatowym:\u00a0<\/div>\n<div><span style=\"background-color: #fdfaf9; color: #575757; font-family: tahoma, helvetica, sans-serif; font-size: 11px; line-height: 17px;\">\u00a0<\/span><\/div>\n<div><span style=\"background-color: #fdfaf9; color: #575757; font-family: tahoma, helvetica, sans-serif; font-size: 11px; line-height: 17px; font-weight: bold;\">3% Rabatu &#8211; przy zakupach powy\u017cej 500PLN Brutto\u00a0<\/span><\/div>\n<div><span style=\"color: #575757; font-family: tahoma, helvetica, sans-serif; font-size: 11px; line-height: 17px; background-color: #fdfaf9;\">5% Rabatu &#8211; przy zakupach powy\u017cej 1000PLN Brutto<\/span><br style=\"color: #575757; font-family: tahoma, helvetica, sans-serif; font-size: 11px; line-height: 17px; background-color: #fdfaf9;\" \/><span style=\"color: #575757; font-family: tahoma, helvetica, sans-serif; font-size: 11px; line-height: 17px; background-color: #fdfaf9;\">7% Rabatu &#8211; przy zakupach powy\u017cej 1500PLN Brutto\u00a0<\/span><br style=\"color: #575757; font-family: tahoma, helvetica, sans-serif; font-size: 11px; line-height: 17px; background-color: #fdfaf9;\" \/><span style=\"color: #575757; font-family: tahoma, helvetica, sans-serif; font-size: 11px; line-height: 17px; background-color: #fdfaf9;\">10% Rabatu &#8211; przy zakupach powyzej 4000PLN Brutto\u00a0<\/span><\/div>\n<div><span style=\"color: #575757; font-family: tahoma, helvetica, sans-serif; font-size: 11px; line-height: 17px; background-color: #fdfaf9; font-weight: bold;\">\u00a0<\/span><\/div>\n<div><span style=\"color: #575757; font-family: tahoma, helvetica, sans-serif; font-size: 11px; line-height: 17px; background-color: #fdfaf9; font-weight: bold;\">rabat naliczy sie automatycznie robi\u0105c zakupy w sklepie internetowym!!!<\/span><\/div>\n","protected":false},"featured_media":12461,"comment_status":"open","ping_status":"closed","template":"","meta":[],"product_cat":[190,142],"product_tag":[],"class_list":{"0":"post-12462","1":"product","2":"type-product","3":"status-publish","4":"has-post-thumbnail","6":"product_cat-wodka","7":"product_cat-alkohole-mocne","9":"first","10":"instock","11":"shipping-taxable","12":"purchasable","13":"product-type-simple"},"_links":{"self":[{"href":"http:\/\/delikatesy.wineport.pl\/index.php?rest_route=\/wp\/v2\/product\/12462","targetHints":{"allow":["GET"]}}],"collection":[{"href":"http:\/\/delikatesy.wineport.pl\/index.php?rest_route=\/wp\/v2\/product"}],"about":[{"href":"http:\/\/delikatesy.wineport.pl\/index.php?rest_route=\/wp\/v2\/types\/product"}],"replies":[{"embeddable":true,"href":"http:\/\/delikatesy.wineport.pl\/index.php?rest_route=%2Fwp%2Fv2%2Fcomments&post=12462"}],"wp:featuredmedia":[{"embeddable":true,"href":"http:\/\/delikatesy.wineport.pl\/index.php?rest_route=\/wp\/v2\/media\/12461"}],"wp:attachment":[{"href":"http:\/\/delikatesy.wineport.pl\/index.php?rest_route=%2Fwp%2Fv2%2Fmedia&parent=12462"}],"wp:term":[{"taxonomy":"product_cat","embeddable":true,"href":"http:\/\/delikatesy.wineport.pl\/index.php?rest_route=%2Fwp%2Fv2%2Fproduct_cat&post=12462"},{"taxonomy":"product_tag","embeddable":true,"href":"http:\/\/delikatesy.wineport.pl\/index.php?rest_route=%2Fwp%2Fv2%2Fproduct_tag&post=12462"}],"curies":[{"name":"wp","href":"https:\/\/api.w.org\/{rel}","templated":true}]}}