{"id":12468,"date":"2024-03-14T13:36:41","date_gmt":"2024-03-14T12:36:41","guid":{"rendered":"http:\/\/delikatesy.wineport.pl\/?product=roses-grenadine-cordial-mixer-1000ml"},"modified":"2026-05-10T18:39:03","modified_gmt":"2026-05-10T16:39:03","slug":"roses-grenadine-cordial-mixer-1000ml","status":"publish","type":"product","link":"http:\/\/delikatesy.wineport.pl\/?product=roses-grenadine-cordial-mixer-1000ml","title":{"rendered":"ROSE&#8217;S GRENADINE CORDIAL MIXER 1000ML"},"content":{"rendered":"<div class=\"product-details\" style=\"font-family: tahoma, helvetica, sans-serif; background-color: rgb(253, 250, 249); \">\n<div class=\"basic-data\" style=\"width: 514px; overflow: hidden; padding-bottom: 24px; padding-top: 10px; \">\n<div class=\"col-left\" style=\"float: left; padding-left: 16px; padding-top: 13px; width: 150px; \">\n<dl style=\"margin: 0px; padding: 0px; \">\n<dt style=\"font-size: 11px; line-height: 1.8em; float: left; margin-right: 2px; color: rgb(117, 107, 110); \">  \t\t\t\t\t  \t\t\t\t\t  \t\t\t\t\t  \t\t\t\t\t<span class=\"Apple-style-span\" style=\"font-weight: bold; color: rgb(255, 0, 0); line-height: 1.6em; font-size: 19px; \">Rose&#8217;s to numer 1 na \u015bwiecie w syropach do drink\u00f3w&nbsp;<\/span>  \t\t\t\t\t  \t\t\t\t\t<span style=\"font-weight: bold; color: rgb(255, 0, 0); line-height: 1.6em; \">&nbsp;<\/span>  \t\t\t\t\t  \t\t\t\t\t<span class=\"Apple-style-span\" style=\"font-weight: bold; color: rgb(255, 0, 0); line-height: 1.6em; font-size: 19px; \"><a href=\"http:\/\/www.rosesmixers.com\/\" style=\"color: rgb(50, 50, 50); text-decoration: none; \">http:\/\/www.rosesmixers.com\/<\/a><\/span><\/dt>\n<\/dl>\n<\/div>\n<\/div>\n<\/div>\n<div class=\"text border-top\" style=\"border-top-width: 1px; border-top-style: solid; border-top-color: rgb(217, 217, 217); padding: 5px 15px 15px; line-height: 1.6em; font-family: tahoma, helvetica, sans-serif; background-color: rgb(253, 250, 249); \">\n<div style=\"color: rgb(50, 50, 50); font-size: 11px; \">  \t\t  \t\t<span class=\"Apple-style-span\" style=\"color: rgb(255, 0, 0); \"><br \/>  \t\t\t  \t\t\t<\/span><\/div>\n<div style=\"color: rgb(50, 50, 50); font-size: 11px; \">\n<p class=\"MsoNormal\" style=\"margin: 1.5pt 0cm 12pt; color: rgb(255, 0, 0); \">  \t\t\t  \t\t\t<span style=\"color: black; \">NAJPOPULARNIEJSZE&nbsp; DRINKI:  \t\t\t\t  \t\t\t\t<o:p><\/o:p><\/span><\/p>\n<p class=\"MsoNormal\" style=\"margin-top: 1.5pt; margin-bottom: 1em; color: rgb(255, 0, 0); \">  \t\t\t  \t\t\t<span style=\"color: black; \">&nbsp;  \t\t\t\t  \t\t\t\t<o:p><\/o:p><\/span><\/p>\n<p class=\"MsoNormal\" style=\"margin-top: 1.5pt; margin-bottom: 1em; color: rgb(255, 0, 0); \">  \t\t\t  \t\t\t<span style=\"color: black; \"><a href=\"http:\/\/www.barnonedrinks.com\/drinks\/m\/mission-accomplished-3378.html\" title=\"Mission Accomplished drink recipe\" style=\"color: rgb(50, 50, 50); text-decoration: none; \">  \t\t\t\t\t  \t\t\t\t\t<span style=\"color: black; \">Mission Accomplished<\/span><\/a>&nbsp;(Cocktail)  \t\t\t\t  \t\t\t\t<o:p><\/o:p><\/span><\/p>\n<p class=\"MsoNormal\" style=\"margin-top: 1.5pt; margin-bottom: 1em; color: rgb(255, 0, 0); \">  \t\t\t  \t\t\t<span style=\"color: black; \">&nbsp;  \t\t\t\t  \t\t\t\t<o:p><\/o:p><\/span><\/p>\n<p class=\"MsoNormal\" style=\"margin-top: 1.5pt; margin-bottom: 1em; color: rgb(255, 0, 0); \">  \t\t\t  \t\t\t<span style=\"color: black; \">20 ml<\/span>&nbsp;&nbsp;  \t\t\t  \t\t\t<span style=\"color: black; \"><a href=\"http:\/\/www.barnonedrinks.com\/tips\/dictionary\/v\/vodka-944.html\" title=\"Read about Vodka in Bar None's Drink Dictionary\" style=\"color: rgb(50, 50, 50); text-decoration: none; \">  \t\t\t\t\t  \t\t\t\t\t<span style=\"color: windowtext; \">W\u00f3dka<\/span><\/a><\/span>&nbsp;&nbsp;  \t\t\t  \t\t\t<span style=\"color: black; \"><br \/>  \t\t\t\t  \t\t\t\t10 ml Rose\u2019s<\/span>&nbsp;&nbsp;  \t\t\t  \t\t\t<span style=\"color: black; \"><a href=\"http:\/\/www.barnonedrinks.com\/tips\/dictionary\/g\/grenadine-525.html\" title=\"Read about Grenadine in Bar None's Drink Dictionary\" style=\"color: rgb(50, 50, 50); text-decoration: none; \">  \t\t\t\t\t  \t\t\t\t\t<span style=\"color: windowtext; \">Grenadine<\/span><\/a><\/span>&nbsp;&nbsp;  \t\t\t  \t\t\t<span style=\"color: black; \"><br \/>  \t\t\t\t  \t\t\t\t10 ml<\/span>&nbsp;&nbsp;  \t\t\t  \t\t\t<span style=\"color: black; \"><a href=\"http:\/\/www.barnonedrinks.com\/tips\/dictionary\/r\/roses-lime-juice-773.html\" title=\"Read about Rose's Lime Juice in Bar None's Drink Dictionary\" style=\"color: rgb(50, 50, 50); text-decoration: none; \">  \t\t\t\t\t  \t\t\t\t\t<span style=\"color: windowtext; \">Rose&#8217;s Lime Juice<\/span><\/a><\/span>&nbsp;&nbsp;  \t\t\t  \t\t\t<span style=\"color: black; \"><br \/>  \t\t\t\t  \t\t\t\t10 oz.<\/span>&nbsp;&nbsp;  \t\t\t  \t\t\t<span style=\"color: black; \"><a href=\"http:\/\/www.barnonedrinks.com\/tips\/dictionary\/t\/triple-sec-922.html\" title=\"Read about Triple Sec in Bar None's Drink Dictionary\" style=\"color: rgb(50, 50, 50); text-decoration: none; \">  \t\t\t\t\t  \t\t\t\t\t<span style=\"color: windowtext; \">Triple Sec<\/span><\/a>  \t\t\t\t  \t\t\t\t<o:p><\/o:p><\/span><\/p>\n<p class=\"MsoNormal\" style=\"margin-top: 1.5pt; margin-bottom: 1em; color: rgb(255, 0, 0); \">  \t\t\t  \t\t\t<span style=\"color: black; \">&nbsp;  \t\t\t\t  \t\t\t\t<o:p><\/o:p><\/span><\/p>\n<p class=\"MsoNormal\" style=\"margin-top: 1.5pt; margin-bottom: 1em; color: rgb(255, 0, 0); \">  \t\t\t  \t\t\t<span style=\"color: black; \">Przepis  \t\t\t\t  \t\t\t\t<o:p><\/o:p><\/span><\/p>\n<p class=\"MsoNormal\" style=\"margin-top: 1.5pt; margin-bottom: 1em; color: rgb(255, 0, 0); \">Wla\u0107&nbsp;w\u00f3dk\u0119,&nbsp;Triple sec&nbsp;  \t\t\t  \t\t\t<span style=\"color: black; \">,<\/span>&nbsp;Rose&nbsp;  \t\t\t  \t\t\t<span style=\"color: black; \">\u2019s<\/span>&nbsp;&nbsp;  \t\t\t  \t\t\t<span style=\"color: black; \">Lime<\/span>&nbsp;, Rose\u2019s&nbsp;Grenadine&nbsp;do szejkera wype\u0142nionego do&nbsp;po\u0142owy lodem&nbsp;  \t\t\t  \t\t\t<span style=\"color: black; \"><br \/>  \t\t\t\t  \t\t\t\t&nbsp;<\/span>Dobrze wstrz\u0105sn\u0105\u0107,&nbsp;przela\u0107 do odpowiedniej szklanki.  \t\t\t  \t\t\t<span style=\"color: black; \">  \t\t\t\t  \t\t\t\t<o:p><\/o:p><\/span><\/p>\n<p class=\"MsoNormal\" style=\"margin-top: 1.5pt; margin-bottom: 1em; color: rgb(255, 0, 0); \">  \t\t\t  \t\t\t<span style=\"color: black; \">&nbsp;<\/span><\/p>\n<p class=\"MsoNormal\" style=\"margin-top: 1.5pt; margin-bottom: 1em; color: rgb(255, 0, 0); \">  \t\t\t  \t\t\t<span style=\"color: black; \">Tequila Sunrise  \t\t\t\t  \t\t\t\t<o:p><\/o:p><\/span><\/p>\n<p class=\"MsoNormal\" style=\"margin-top: 1.5pt; margin-bottom: 1em; color: rgb(255, 0, 0); \">  \t\t\t  \t\t\t<span style=\"color: black; \">40 ml tequili  \t\t\t\t  \t\t\t\t<o:p><\/o:p><\/span><\/p>\n<p class=\"MsoNormal\" style=\"margin-top: 1.5pt; margin-bottom: 1em; color: rgb(255, 0, 0); \">  \t\t\t  \t\t\t<span style=\"color: black; \">10 ml Rose\u2019s Grenadine  \t\t\t\t  \t\t\t\t<o:p><\/o:p><\/span><\/p>\n<p class=\"MsoNormal\" style=\"margin-top: 1.5pt; margin-bottom: 1em; color: rgb(255, 0, 0); \">  \t\t\t  \t\t\t<span style=\"color: black; \">100 ml soku pomara\u0144czowego  \t\t\t\t  \t\t\t\t<o:p><\/o:p><\/span><\/p>\n<p class=\"MsoNormal\" style=\"margin-top: 1.5pt; margin-bottom: 1em; color: rgb(255, 0, 0); \">  \t\t\t  \t\t\t<span style=\"color: black; \">Przepis:  \t\t\t\t  \t\t\t\t<o:p><\/o:p><\/span><\/p>\n<p class=\"MsoNormal\" style=\"margin-top: 1.5pt; margin-bottom: 1em; color: rgb(255, 0, 0); \">  \t\t\t  \t\t\t<span style=\"color: black; \">Do wysokiej szklanki wrzuci\u0107 l\u00f3d, wla\u0107 tequil\u0119 i sok. Powoli wla\u0107 Rose\u2019s Grenadine po szklance, g\u0119sty syrop osi\u0105dzie na dnie.  \t\t\t\t  \t\t\t\t<o:p><\/o:p><\/span><\/p>\n<p class=\"MsoNormal\" style=\"margin-top: 1.5pt; margin-bottom: 1em; color: rgb(255, 0, 0); \">  \t\t\t  \t\t\t<span style=\"color: black; \">&nbsp;Podawa\u0107 niewymieszane. Zamiesza\u0107 przed wypiciem.  \t\t\t\t  \t\t\t\t<o:p><\/o:p><\/span><\/p>\n<p class=\"MsoNormal\" style=\"margin-top: 1.5pt; margin-bottom: 1em; color: rgb(255, 0, 0); \">  \t\t\t  \t\t\t<span style=\"color: black; \">&nbsp;  \t\t\t\t  \t\t\t\t<o:p><\/o:p><\/span><\/p>\n<p class=\"MsoNormal\" style=\"margin-top: 1.5pt; margin-bottom: 1em; color: rgb(255, 0, 0); \">  \t\t\t  \t\t\t<span style=\"color: black; \">W\u00f3dka Daisy  \t\t\t\t  \t\t\t\t<o:p><\/o:p><\/span><\/p>\n<p class=\"MsoNormal\" style=\"margin-top: 1.5pt; margin-bottom: 1em; color: rgb(255, 0, 0); \">  \t\t\t  \t\t\t<span style=\"color: black; \">10 ml Rose\u2019s Grenadine  \t\t\t\t  \t\t\t\t<o:p><\/o:p><\/span><\/p>\n<p class=\"MsoNormal\" style=\"margin-top: 1.5pt; margin-bottom: 1em; color: rgb(255, 0, 0); \">  \t\t\t  \t\t\t<span style=\"color: black; \">10 ml Rose\u2019s Lemon  \t\t\t\t  \t\t\t\t<o:p><\/o:p><\/span><\/p>\n<p class=\"MsoNormal\" style=\"margin-top: 1.5pt; margin-bottom: 1em; color: rgb(255, 0, 0); \">  \t\t\t  \t\t\t<span style=\"color: black; \">20 ml W\u00f3dka  \t\t\t\t  \t\t\t\t<o:p><\/o:p><\/span><\/p>\n<p class=\"MsoNormal\" style=\"margin-top: 1.5pt; margin-bottom: 1em; color: rgb(255, 0, 0); \">  \t\t\t  \t\t\t<span style=\"color: black; \">Przepis;  \t\t\t\t  \t\t\t\t<o:p><\/o:p><\/span><\/p>\n<p class=\"MsoNormal\" style=\"margin: 1.5pt 0cm 12pt; color: rgb(255, 0, 0); \">  \t\t\t  \t\t\t<span style=\"color: black; \">Wszystkie sk\u0142adniki wymiesza\u0107 , przela\u0107 do szklanki wype\u0142nionej lodem.  \t\t\t\t  \t\t\t\t<o:p><\/o:p><\/span><\/p>\n<p class=\"MsoNormal\" style=\"margin-top: 1.5pt; margin-bottom: 1em; color: rgb(255, 0, 0); \">  \t\t\t  \t\t\t<span style=\"color: black; \">&nbsp;RED TONIC  \t\t\t\t  \t\t\t\t<o:p><\/o:p><\/span><\/p>\n<p class=\"MsoNormal\" style=\"margin-top: 1.5pt; margin-bottom: 1em; color: rgb(255, 0, 0); \">  \t\t\t  \t\t\t<span style=\"color: black; \">30 ml w\u00f3dki  \t\t\t\t  \t\t\t\t<o:p><\/o:p><\/span><\/p>\n<p class=\"MsoNormal\" style=\"margin-top: 1.5pt; margin-bottom: 1em; color: rgb(255, 0, 0); \">  \t\t\t  \t\t\t<span style=\"color: black; \">50 ml tonik  \t\t\t\t  \t\t\t\t<o:p><\/o:p><\/span><\/p>\n<p class=\"MsoNormal\" style=\"margin-top: 1.5pt; margin-bottom: 1em; color: rgb(255, 0, 0); \">  \t\t\t  \t\t\t<span style=\"color: black; \">30 ml Rose&#8217;s Grenadine  \t\t\t\t  \t\t\t\t<o:p><\/o:p><\/span><\/p>\n<p class=\"MsoNormal\" style=\"margin-top: 1.5pt; margin-bottom: 1em; color: rgb(255, 0, 0); \">  \t\t\t  \t\t\t<span style=\"color: black; \">1\/2 &nbsp;cytryny  \t\t\t\t  \t\t\t\t<o:p><\/o:p><\/span><\/p>\n<p class=\"MsoNormal\" style=\"margin-top: 1.5pt; margin-bottom: 1em; color: rgb(255, 0, 0); \">  \t\t\t  \t\t\t<span style=\"color: black; \">przepis:  \t\t\t\t  \t\t\t\t<o:p><\/o:p><\/span><\/p>\n<p class=\"MsoNormal\" style=\"margin-top: 1.5pt; margin-bottom: 1em; color: rgb(255, 0, 0); \">  \t\t\t  \t\t\t<span style=\"color: black; \">&nbsp;Do wysokiej szklanki wype\u0142nionej lodem wla\u0107 3 pierwsze sk\u0142adniki po czym wycisn\u0105\u0107 do \u015brodka cytryne.  \t\t\t\t  \t\t\t\t<o:p><\/o:p><\/span><\/p>\n<p class=\"MsoNormal\" style=\"margin-top: 1.5pt; margin-bottom: 1em; color: rgb(255, 0, 0); \">  \t\t\t  \t\t\t<span style=\"color: black; \">Do \u015brodka mo\u017cna te\u017c wkroi\u0107 2 plastry cytryny. Ca\u0142o\u015b\u0107 wygl\u0105da i smakuje rewelacyjnie. POLECAM  \t\t\t\t  \t\t\t\t<o:p><\/o:p><\/span><\/p>\n<p class=\"MsoNormal\" style=\"margin-top: 1.5pt; margin-bottom: 1em; color: rgb(255, 0, 0); \">  \t\t\t  \t\t\t<span style=\"color: black; \">&nbsp;<\/span>BEZALKOHOLOWE<\/p>\n<p class=\"MsoNormal\" style=\"margin-top: 1.5pt; margin-bottom: 1em; color: rgb(255, 0, 0); \">  \t\t\t  \t\t\t<span style=\"color: black; \">15 ml Rose&#8217;s Grenadine  \t\t\t\t  \t\t\t\t<o:p><\/o:p><\/span><\/p>\n<p class=\"MsoNormal\" style=\"margin-top: 1.5pt; margin-bottom: 1em; color: rgb(255, 0, 0); \">  \t\t\t  \t\t\t<span style=\"color: black; \">sok pomara\u0144czowy  \t\t\t\t  \t\t\t\t<o:p><\/o:p><\/span><\/p>\n<p class=\"MsoNormal\" style=\"margin-top: 1.5pt; margin-bottom: 1em; color: rgb(255, 0, 0); \">  \t\t\t  \t\t\t<span style=\"color: black; \">przepis  \t\t\t\t  \t\t\t\t<o:p><\/o:p><\/span><\/p>\n<p class=\"MsoNormal\" style=\"margin-top: 1.5pt; margin-bottom: 1em; color: rgb(255, 0, 0); \">  \t\t\t  \t\t\t<span style=\"color: black; \">Wla\u0107 do szklanki sok pomara\u0144czowy nast\u0119pnie doda\u0107 syrop Rose&#8217;s Grenadine.  \t\t\t\t  \t\t\t\t<o:p><\/o:p><\/span><\/p>\n<p class=\"MsoNormal\" style=\"margin-top: 1em; margin-bottom: 1em; color: rgb(255, 0, 0); \">  \t\t\t  \t\t\t<span times=\"\" new=\"\" roman\",\"serif\";=\"\" mso-fareast-font-family:\"times=\"\" roman\";color:black;mso-fareast-language:=\"\" pl\"=\"\" style=\"font-size: 12pt; \">&nbsp;<\/span><\/p>\n<\/div>\n<\/div>\n","protected":false},"excerpt":{"rendered":"<p>Rose&#8217;s to numer 1 na \u015bwiecie w syropach do drink\u00f3w http:\/\/www.rosesmixers.com\/ NAJPOPULARNIEJSZE DRINKI: Mission Accomplished (Cocktail) 20 ml W\u00f3dka 10 ml Rose\u2019s Grenadine 10 ml Rose&#8217;s Lime Juice 10 oz. Triple Sec Przepis Wla\u0107 w\u00f3dk\u0119, Triple sec , Ros&#8230;<\/p>\n","protected":false},"featured_media":12467,"comment_status":"open","ping_status":"closed","template":"","meta":[],"product_cat":[173,174],"product_tag":[],"class_list":{"0":"post-12468","1":"product","2":"type-product","3":"status-publish","4":"has-post-thumbnail","6":"product_cat-artykuly-delikatesowe","7":"product_cat-syropy","9":"first","10":"instock","11":"shipping-taxable","12":"purchasable","13":"product-type-simple"},"_links":{"self":[{"href":"http:\/\/delikatesy.wineport.pl\/index.php?rest_route=\/wp\/v2\/product\/12468","targetHints":{"allow":["GET"]}}],"collection":[{"href":"http:\/\/delikatesy.wineport.pl\/index.php?rest_route=\/wp\/v2\/product"}],"about":[{"href":"http:\/\/delikatesy.wineport.pl\/index.php?rest_route=\/wp\/v2\/types\/product"}],"replies":[{"embeddable":true,"href":"http:\/\/delikatesy.wineport.pl\/index.php?rest_route=%2Fwp%2Fv2%2Fcomments&post=12468"}],"wp:featuredmedia":[{"embeddable":true,"href":"http:\/\/delikatesy.wineport.pl\/index.php?rest_route=\/wp\/v2\/media\/12467"}],"wp:attachment":[{"href":"http:\/\/delikatesy.wineport.pl\/index.php?rest_route=%2Fwp%2Fv2%2Fmedia&parent=12468"}],"wp:term":[{"taxonomy":"product_cat","embeddable":true,"href":"http:\/\/delikatesy.wineport.pl\/index.php?rest_route=%2Fwp%2Fv2%2Fproduct_cat&post=12468"},{"taxonomy":"product_tag","embeddable":true,"href":"http:\/\/delikatesy.wineport.pl\/index.php?rest_route=%2Fwp%2Fv2%2Fproduct_tag&post=12468"}],"curies":[{"name":"wp","href":"https:\/\/api.w.org\/{rel}","templated":true}]}}