{"id":12474,"date":"2024-03-14T13:36:43","date_gmt":"2024-03-14T12:36:43","guid":{"rendered":"http:\/\/delikatesy.wineport.pl\/?product=roses-triplesec-cordial-mixer-1000ml"},"modified":"2026-05-10T18:39:04","modified_gmt":"2026-05-10T16:39:04","slug":"roses-triplesec-cordial-mixer-1000ml","status":"publish","type":"product","link":"http:\/\/delikatesy.wineport.pl\/?product=roses-triplesec-cordial-mixer-1000ml","title":{"rendered":"Rose&#8217;s TripleSec Cordial Mixer 1000ml"},"content":{"rendered":"<div>  \t<span class=\"Apple-style-span\" style=\"font-family: tahoma, helvetica, sans-serif; line-height: 17px; background-color: rgb(253, 250, 249); color: rgb(50, 205, 50); font-size: 19px; font-weight: bold; \">Rose&#8217;s to numer 1 na \u015bwiecie w syropach do drink\u00f3w&nbsp;<\/span>  \t<span style=\"color: rgb(50, 50, 50); font-family: tahoma, helvetica, sans-serif; font-size: 11px; line-height: 17px; background-color: rgb(253, 250, 249); \">&nbsp;<\/span>  \t<span class=\"Apple-style-span\" style=\"font-family: tahoma, helvetica, sans-serif; line-height: 17px; background-color: rgb(253, 250, 249); color: rgb(50, 205, 50); font-size: 19px; font-weight: bold; \"><a href=\"http:\/\/www.rosesmixers.com\/\" style=\"color: rgb(50, 50, 50); text-decoration: none; \">http:\/\/www.rosesmixers.com\/<\/a><\/span>  <\/div>\n<p>  <span style=\"font-weight: bold; \">  \t<\/p>\n<div>  \t\t<span style=\"font-weight: bold; \"><br \/>  \t\t\t<\/span><\/div>\n<p>Triple sec<\/span>  <span style=\"font-family: sans-serif; font-size: 13px; line-height: 20px; background-color: rgb(255, 255, 255); \">&nbsp;\u2013 grupa s\u0142odkich&nbsp;<\/span><a href=\"http:\/\/pl.wikipedia.org\/wiki\/Likier\" title=\"Likier\" style=\"text-decoration: none; color: rgb(11, 0, 128); background-image: none; background-color: rgb(255, 255, 255); font-family: sans-serif; font-size: 13px; line-height: 20px; \">likier\u00f3w<\/a>  <span style=\"font-family: sans-serif; font-size: 13px; line-height: 20px; background-color: rgb(255, 255, 255); \">&nbsp;pomara\u0144czowych (sporz\u0105dzany jest z nalewu na \u015bwie\u017ce i suszone sk\u00f3rki r\u00f3\u017cnych odmian pomara\u0144czy, \u0142\u0105cznie z odmian\u0105 Curacao)&nbsp;<\/span>  <\/p>\n<div>  \t<span style=\"font-family: sans-serif; font-size: 13px; line-height: 20px; background-color: rgb(255, 255, 255); \"><br \/>  \t\t<\/span><\/div>\n<div><a href=\"http:\/\/www.smaczajama.pl\/sklep\/pl\/c\/Syropy-smakowe\/31\">http:\/\/www.smaczajama.pl\/sklep\/pl\/c\/Syropy-smakowe\/31<\/a>&nbsp;&#8211; syropy Monin kosztuja w detalu ok 49pln za 0,7l.<\/div>\n","protected":false},"excerpt":{"rendered":"<p>Rose&#8217;s to numer 1 na \u015bwiecie w syropach do drink\u00f3w http:\/\/www.rosesmixers.com\/ Triple sec \u2013 grupa s\u0142odkich likier\u00f3w pomara\u0144czowych (sporz\u0105dzany jest z nalewu na \u015bwie\u017ce i suszone sk\u00f3rki r\u00f3\u017cnych odmian pomara\u0144czy, \u0142\u0105cznie z odmian\u0105 Curacao) http:\/\/www&#8230;.<\/p>\n","protected":false},"featured_media":12473,"comment_status":"open","ping_status":"closed","template":"","meta":[],"product_cat":[173,174],"product_tag":[],"class_list":{"0":"post-12474","1":"product","2":"type-product","3":"status-publish","4":"has-post-thumbnail","6":"product_cat-artykuly-delikatesowe","7":"product_cat-syropy","9":"first","10":"instock","11":"shipping-taxable","12":"purchasable","13":"product-type-simple"},"_links":{"self":[{"href":"http:\/\/delikatesy.wineport.pl\/index.php?rest_route=\/wp\/v2\/product\/12474","targetHints":{"allow":["GET"]}}],"collection":[{"href":"http:\/\/delikatesy.wineport.pl\/index.php?rest_route=\/wp\/v2\/product"}],"about":[{"href":"http:\/\/delikatesy.wineport.pl\/index.php?rest_route=\/wp\/v2\/types\/product"}],"replies":[{"embeddable":true,"href":"http:\/\/delikatesy.wineport.pl\/index.php?rest_route=%2Fwp%2Fv2%2Fcomments&post=12474"}],"wp:featuredmedia":[{"embeddable":true,"href":"http:\/\/delikatesy.wineport.pl\/index.php?rest_route=\/wp\/v2\/media\/12473"}],"wp:attachment":[{"href":"http:\/\/delikatesy.wineport.pl\/index.php?rest_route=%2Fwp%2Fv2%2Fmedia&parent=12474"}],"wp:term":[{"taxonomy":"product_cat","embeddable":true,"href":"http:\/\/delikatesy.wineport.pl\/index.php?rest_route=%2Fwp%2Fv2%2Fproduct_cat&post=12474"},{"taxonomy":"product_tag","embeddable":true,"href":"http:\/\/delikatesy.wineport.pl\/index.php?rest_route=%2Fwp%2Fv2%2Fproduct_tag&post=12474"}],"curies":[{"name":"wp","href":"https:\/\/api.w.org\/{rel}","templated":true}]}}