{"id":12480,"date":"2024-03-14T13:36:45","date_gmt":"2024-03-14T12:36:45","guid":{"rendered":"http:\/\/delikatesy.wineport.pl\/?product=champagne-pascal-walczak"},"modified":"2026-05-10T18:39:05","modified_gmt":"2026-05-10T16:39:05","slug":"champagne-pascal-walczak","status":"publish","type":"product","link":"http:\/\/delikatesy.wineport.pl\/?product=champagne-pascal-walczak","title":{"rendered":"Champagne Pascal Walczak"},"content":{"rendered":"<p class=\"MsoNormal\">lekko  z\u0142oty kolor, eleganckie, malutkie b\u0105belki, zapach kwiat\u00f3w, aromat bia\u0142ych  owoc\u00f3w migda\u0142\u00f3w i orzech\u00f3w w  ustach okr\u0105g\u0142e, \u015bwie\u017ce i harmonijne uniwersalny \u2013 pasuje do wielu da\u0144. Rewelacyjny  wytrawny Szampan charakteryzuj\u0105cy si\u0119 \u015bwietna relacja jako\u015bci do ceny wi\u0119cej na  stronie producenta.<\/p>\n<p class=\"MsoNormal\">  \t<o:p><\/o:p><\/p>\n<div>  \t  \t<\/div>\n<div><a href=\"http:\/\/www.champagne-walczak.fr\/gb\/index.html#\/Home\">http:\/\/www.champagne-walczak.fr\/gb\/index.html#\/Home<\/a>  <\/div>\n","protected":false},"excerpt":{"rendered":"<p>lekko z\u0142oty kolor, eleganckie, malutkie b\u0105belki, zapach kwiat\u00f3w, aromat bia\u0142ych owoc\u00f3w migda\u0142\u00f3w i orzech\u00f3w w ustach okr\u0105g\u0142e, \u015bwie\u017ce i harmonijne uniwersalny \u2013 pasuje do wielu da\u0144. Rewelacyjny wytrawny Szampan charakteryzuj\u0105cy si\u0119 \u015bwietna relacja jako&#8230;<\/p>\n","protected":false},"featured_media":12479,"comment_status":"open","ping_status":"closed","template":"","meta":[],"product_cat":[191,80],"product_tag":[],"class_list":{"0":"post-12480","1":"product","2":"type-product","3":"status-publish","4":"has-post-thumbnail","6":"product_cat-wina-musujace","7":"product_cat-wina-swiata","9":"first","10":"instock","11":"shipping-taxable","12":"purchasable","13":"product-type-simple"},"_links":{"self":[{"href":"http:\/\/delikatesy.wineport.pl\/index.php?rest_route=\/wp\/v2\/product\/12480","targetHints":{"allow":["GET"]}}],"collection":[{"href":"http:\/\/delikatesy.wineport.pl\/index.php?rest_route=\/wp\/v2\/product"}],"about":[{"href":"http:\/\/delikatesy.wineport.pl\/index.php?rest_route=\/wp\/v2\/types\/product"}],"replies":[{"embeddable":true,"href":"http:\/\/delikatesy.wineport.pl\/index.php?rest_route=%2Fwp%2Fv2%2Fcomments&post=12480"}],"wp:featuredmedia":[{"embeddable":true,"href":"http:\/\/delikatesy.wineport.pl\/index.php?rest_route=\/wp\/v2\/media\/12479"}],"wp:attachment":[{"href":"http:\/\/delikatesy.wineport.pl\/index.php?rest_route=%2Fwp%2Fv2%2Fmedia&parent=12480"}],"wp:term":[{"taxonomy":"product_cat","embeddable":true,"href":"http:\/\/delikatesy.wineport.pl\/index.php?rest_route=%2Fwp%2Fv2%2Fproduct_cat&post=12480"},{"taxonomy":"product_tag","embeddable":true,"href":"http:\/\/delikatesy.wineport.pl\/index.php?rest_route=%2Fwp%2Fv2%2Fproduct_tag&post=12480"}],"curies":[{"name":"wp","href":"https:\/\/api.w.org\/{rel}","templated":true}]}}