{"id":12508,"date":"2024-03-14T13:36:58","date_gmt":"2024-03-14T12:36:58","guid":{"rendered":"http:\/\/delikatesy.wineport.pl\/?product=miod-jadwiga-poltorak-w-pozlacanej-karafce-075l"},"modified":"2026-05-10T18:40:03","modified_gmt":"2026-05-10T16:40:03","slug":"miod-jadwiga-poltorak-w-pozlacanej-karafce-075l","status":"publish","type":"product","link":"http:\/\/delikatesy.wineport.pl\/?product=miod-jadwiga-poltorak-w-pozlacanej-karafce-075l","title":{"rendered":"Mi\u00f3d Jadwiga p\u00f3\u0142torak w poz\u0142acanej karafce 0,75l"},"content":{"rendered":"<p><span style=\"color: #ff0000; font-size: 16px; font-family: arial, helvetica, sans-serif;\">UWAGA!!! NIE WYSY\u0141AMY ALKOHOLU W PRZYPADKU ZAM\u00d3WIE\u0143 OD OS\u00d3B PRYWATNYCH, TYLKO ODBI\u00d3R OSOBISTY NA UL. \u015aW. STANIS\u0141AWA 12 W WARSZAWIE!!! W przypadku op\u0142acenia zam\u00f3wienia alkoholu z wysy\u0142k\u0105, przy zwrocie pieni\u0119dzy zostanie potr\u0105cona prowizja\u00a0DOTPAY!<\/span><\/p>\n<p><span style=\"color: #ff0000; font-size: 16px; font-family: arial, helvetica, sans-serif;\">\u00a0<\/span><\/p>\n<p class=\"MsoNormal\">P\u00f3\u0142torak Jadwiga\u00a0to mi\u00f3d pitny o wyrazistym, g\u0142\u0119bokim bukiecie smakowym. Produkowany z miodu pszczelego nektarowego z dodatkiem owoc\u00f3w maliny i dzikiej r\u00f3\u017cy. 1 litr miodu pitnego zawiera 720 g miodu naturalnego. W okresie wieloletniego okresu dojrzewania staje si\u0119 stabilny o pe\u0142nej klarowno\u015bci. W efekcie tego dojrzewania otrzymujemy trunek najszlachetniejszy o zawartoci alkoholu 16%.<\/p>\n<p class=\"MsoNormal\">\u00a0<\/p>\n<p class=\"MsoNormal\">Mi\u00f3d nalany jest do zdobionej z\u0142otem karafki.<\/p>\n<p class=\"MsoNormal\">Pojemno\u015b\u0107:\u00a0750ml<\/p>\n<p class=\"MsoNormal\">Moc:\u00a016%<\/p>\n<p class=\"MsoNormal\">Opakowanie:\u00a0karafka<\/p>\n","protected":false},"excerpt":{"rendered":"<p>P\u00f3\u0142torak Jadwiga to mi\u00f3d pitny o wyrazistym, g\u0142\u0119bokim bukiecie smakowym. Produkowany z miodu pszczelego nektarowego z dodatkiem owoc\u00f3w maliny i dzikiej r\u00f3\u017cy. 1 litr miodu pitnego zawiera 720 g miodu naturalnego. W okresie wieloletniego okresu dojrzew&#8230;<\/p>\n","protected":false},"featured_media":12507,"comment_status":"open","ping_status":"closed","template":"","meta":[],"product_cat":[105,104,139,106],"product_tag":[],"class_list":{"0":"post-12508","1":"product","2":"type-product","3":"status-publish","4":"has-post-thumbnail","6":"product_cat-kremy","7":"product_cat-likiery","8":"product_cat-miody","9":"product_cat-nalewki-i-miody","11":"first","12":"instock","13":"shipping-taxable","14":"purchasable","15":"product-type-simple"},"_links":{"self":[{"href":"http:\/\/delikatesy.wineport.pl\/index.php?rest_route=\/wp\/v2\/product\/12508","targetHints":{"allow":["GET"]}}],"collection":[{"href":"http:\/\/delikatesy.wineport.pl\/index.php?rest_route=\/wp\/v2\/product"}],"about":[{"href":"http:\/\/delikatesy.wineport.pl\/index.php?rest_route=\/wp\/v2\/types\/product"}],"replies":[{"embeddable":true,"href":"http:\/\/delikatesy.wineport.pl\/index.php?rest_route=%2Fwp%2Fv2%2Fcomments&post=12508"}],"wp:featuredmedia":[{"embeddable":true,"href":"http:\/\/delikatesy.wineport.pl\/index.php?rest_route=\/wp\/v2\/media\/12507"}],"wp:attachment":[{"href":"http:\/\/delikatesy.wineport.pl\/index.php?rest_route=%2Fwp%2Fv2%2Fmedia&parent=12508"}],"wp:term":[{"taxonomy":"product_cat","embeddable":true,"href":"http:\/\/delikatesy.wineport.pl\/index.php?rest_route=%2Fwp%2Fv2%2Fproduct_cat&post=12508"},{"taxonomy":"product_tag","embeddable":true,"href":"http:\/\/delikatesy.wineport.pl\/index.php?rest_route=%2Fwp%2Fv2%2Fproduct_tag&post=12508"}],"curies":[{"name":"wp","href":"https:\/\/api.w.org\/{rel}","templated":true}]}}