{"id":12532,"date":"2024-03-14T13:37:09","date_gmt":"2024-03-14T12:37:09","guid":{"rendered":"http:\/\/delikatesy.wineport.pl\/?product=wino-amarone-della-valpolicella-custodia-doc-075l"},"modified":"2026-05-10T18:40:09","modified_gmt":"2026-05-10T16:40:09","slug":"wino-amarone-della-valpolicella-custodia-doc-075l","status":"publish","type":"product","link":"http:\/\/delikatesy.wineport.pl\/?product=wino-amarone-della-valpolicella-custodia-doc-075l","title":{"rendered":"Wino Amarone della Valpolicella Custodia DOC 0,75L"},"content":{"rendered":"<p class=\"MsoNormal\"><span style=\"color: #ff0000;\">UWAGA!!! NIE WYSY\u0141AMY ALKOHOLU KURIEREM W PRZYPADKU ZAM\u00d3WIE\u0143 OD OS\u00d3B PRYWATNYCH, TYLKO ODBI\u00d3R OSOBISTY NA UL. \u015aW. STANIS\u0141AWA 12 W WARSZAWIE!!! W przypadku op\u0142acenia zam\u00f3wienia alkoholu z wysy\u0142k\u0105, przy zwrocie pieni\u0119dzy zostanie potr\u0105cona prowizja\u00a0<\/span><strong style=\"color: #ff0000;\">DOTPAY<\/strong><span style=\"color: #ff0000;\">!<\/span><\/p>\n<p class=\"MsoNormal\">G\u0142\u0119boki, rubinowy kolor, bardzo intensywny, ostry bukiet, w kt\u00f3rym przewijaj\u0105 si\u0119 nuty suszonych owoc\u00f3w, wi\u015bni, \u015bliwek, tytoniu i korzennych przypraw. W zako\u0144czeniu wyczuwalny odcie\u0144 lukrecji. Wino pe\u0142ne, bogate, doskonale zbalansowane, przeznaczone do d\u0142ugiego le\u017cakowania. alk.15.5%<\/p>\n","protected":false},"excerpt":{"rendered":"<p>G\u0142\u0119boki, rubinowy kolor, bardzo intensywny, ostry bukiet, w kt\u00f3rym przewijaj\u0105 si\u0119 nuty suszonych owoc\u00f3w, wi\u015bni, \u015bliwek, tytoniu i korzennych przypraw. W zako\u0144czeniu wyczuwalny odcie\u0144 lukrecji. Wino pe\u0142ne, bogate, doskonale zbalansowane, przeznaczone &#8230;<\/p>\n","protected":false},"featured_media":12531,"comment_status":"open","ping_status":"closed","template":"","meta":[],"product_cat":[80,95,97],"product_tag":[],"class_list":{"0":"post-12532","1":"product","2":"type-product","3":"status-publish","4":"has-post-thumbnail","6":"product_cat-wina-swiata","7":"product_cat-wlochy","8":"product_cat-wlochy-veneto","10":"first","11":"instock","12":"shipping-taxable","13":"purchasable","14":"product-type-simple"},"_links":{"self":[{"href":"http:\/\/delikatesy.wineport.pl\/index.php?rest_route=\/wp\/v2\/product\/12532","targetHints":{"allow":["GET"]}}],"collection":[{"href":"http:\/\/delikatesy.wineport.pl\/index.php?rest_route=\/wp\/v2\/product"}],"about":[{"href":"http:\/\/delikatesy.wineport.pl\/index.php?rest_route=\/wp\/v2\/types\/product"}],"replies":[{"embeddable":true,"href":"http:\/\/delikatesy.wineport.pl\/index.php?rest_route=%2Fwp%2Fv2%2Fcomments&post=12532"}],"wp:featuredmedia":[{"embeddable":true,"href":"http:\/\/delikatesy.wineport.pl\/index.php?rest_route=\/wp\/v2\/media\/12531"}],"wp:attachment":[{"href":"http:\/\/delikatesy.wineport.pl\/index.php?rest_route=%2Fwp%2Fv2%2Fmedia&parent=12532"}],"wp:term":[{"taxonomy":"product_cat","embeddable":true,"href":"http:\/\/delikatesy.wineport.pl\/index.php?rest_route=%2Fwp%2Fv2%2Fproduct_cat&post=12532"},{"taxonomy":"product_tag","embeddable":true,"href":"http:\/\/delikatesy.wineport.pl\/index.php?rest_route=%2Fwp%2Fv2%2Fproduct_tag&post=12532"}],"curies":[{"name":"wp","href":"https:\/\/api.w.org\/{rel}","templated":true}]}}