{"id":12544,"date":"2024-03-14T13:37:22","date_gmt":"2024-03-14T12:37:22","guid":{"rendered":"http:\/\/delikatesy.wineport.pl\/?product=whisky-bushmills-original-07-l-2-szklanki"},"modified":"2026-05-17T20:49:04","modified_gmt":"2026-05-17T18:49:04","slug":"whisky-bushmills-original-07-l-2-szklanki","status":"publish","type":"product","link":"http:\/\/delikatesy.wineport.pl\/?product=whisky-bushmills-original-07-l-2-szklanki","title":{"rendered":"Whisky Bushmills Original 0,7 l + 2 szklanki"},"content":{"rendered":"<h1 style=\"margin: 0px; padding: 0px; border: 0px; outline: none 0px; font-size: 14px; font-family: Tahoma, Arial, sans-serif; line-height: 37px;\">\u00a0<\/h1>\n<p><span style=\"color: #ff0000; font-size: 16px; font-family: arial, helvetica, sans-serif;\">UWAGA!!! NIE WYSY\u0141AMY ALKOHOLU W PRZYPADKU ZAM\u00d3WIE\u0143 OD OS\u00d3B PRYWATNYCH, TYLKO ODBI\u00d3R OSOBISTY NA UL. \u015aW. STANIS\u0141AWA 12 W WARSZAWIE!!! W przypadku op\u0142acenia zam\u00f3wienia alkoholu z wysy\u0142k\u0105, przy zwrocie pieni\u0119dzy zostanie potr\u0105cona prowizja\u00a0DOTPAY!<\/span><\/p>\n<h1 style=\"margin: 0px; padding: 0px; border: 0px; outline: none 0px; font-size: 14px; font-family: Tahoma, Arial, sans-serif; line-height: 37px;\">\u00a0<\/h1>\n<p><span style=\"color: #ff0000; font-size: 16px; font-family: arial, helvetica, sans-serif;\">\u00a0<\/span><\/p>\n<h1 style=\"margin: 0px; padding: 0px; border: 0px; outline: none 0px; font-size: 14px; font-family: Tahoma, Arial, sans-serif; line-height: 37px;\"><span style=\"font-size: 12px; font-weight: normal; line-height: normal; background-color: #ffffff;\">Doskona\u0142a irlandzka whisky pochodz\u0105ca z destylarni Bushmills utworzonej na pocz\u0105tku XVII wieku. Bushmills Original jest potr\u00f3jnie destylowana w w\u0105skich, wysokich kot\u0142ach.\u00a0<\/span> <span style=\"font-size: 12px; font-weight: normal; line-height: normal; background-color: #ffffff;\">Trunek jest mieszank\u0105 whisky j\u0119czmiennych (single malt) i zbo\u017cowych (grain) o minimum trzyletnim czasie le\u017cakowania. Whisky zbo\u017cowe le\u017cakuj\u0105 w beczkach po burbonie co zapewnia Bushmills Original ostry, waniliowy posmak, za\u015b whisky j\u0119czmienne le\u017cakuj\u0105 w beczkach po sherry, co nadaje owocowo &#8211; miodowych akcent\u00f3w.\u00a0<\/span> <span style=\"font-size: 12px; font-weight: normal; line-height: normal; background-color: #ffffff;\">W zestawie z wykwintnym trunkiem znajduj\u0105 si\u0119 2 szklanki, w kt\u00f3rych Bushmills Original smakuje wyj\u0105tkowo dobrze.<\/span><\/h1>\n","protected":false},"excerpt":{"rendered":"<p>Doskona\u0142a irlandzka whisky pochodz\u0105ca z destylarni Bushmills utworzonej na pocz\u0105tku XVII wieku. Bushmills Original jest potr\u00f3jnie destylowana w w\u0105skich, wysokich kot\u0142ach. Trunek jest mieszank\u0105 whisky j\u0119czmiennych (single malt) i zbo\u017cowych (grain) o m&#8230;<\/p>\n","protected":false},"featured_media":12543,"comment_status":"open","ping_status":"closed","template":"","meta":[],"product_cat":[142,193,143],"product_tag":[],"class_list":{"0":"post-12544","1":"product","2":"type-product","3":"status-publish","4":"has-post-thumbnail","6":"product_cat-alkohole-mocne","7":"product_cat-irlandia","8":"product_cat-whisky","10":"first","11":"instock","12":"shipping-taxable","13":"purchasable","14":"product-type-simple"},"_links":{"self":[{"href":"http:\/\/delikatesy.wineport.pl\/index.php?rest_route=\/wp\/v2\/product\/12544","targetHints":{"allow":["GET"]}}],"collection":[{"href":"http:\/\/delikatesy.wineport.pl\/index.php?rest_route=\/wp\/v2\/product"}],"about":[{"href":"http:\/\/delikatesy.wineport.pl\/index.php?rest_route=\/wp\/v2\/types\/product"}],"replies":[{"embeddable":true,"href":"http:\/\/delikatesy.wineport.pl\/index.php?rest_route=%2Fwp%2Fv2%2Fcomments&post=12544"}],"wp:featuredmedia":[{"embeddable":true,"href":"http:\/\/delikatesy.wineport.pl\/index.php?rest_route=\/wp\/v2\/media\/12543"}],"wp:attachment":[{"href":"http:\/\/delikatesy.wineport.pl\/index.php?rest_route=%2Fwp%2Fv2%2Fmedia&parent=12544"}],"wp:term":[{"taxonomy":"product_cat","embeddable":true,"href":"http:\/\/delikatesy.wineport.pl\/index.php?rest_route=%2Fwp%2Fv2%2Fproduct_cat&post=12544"},{"taxonomy":"product_tag","embeddable":true,"href":"http:\/\/delikatesy.wineport.pl\/index.php?rest_route=%2Fwp%2Fv2%2Fproduct_tag&post=12544"}],"curies":[{"name":"wp","href":"https:\/\/api.w.org\/{rel}","templated":true}]}}