{"id":12548,"date":"2024-03-14T13:37:23","date_gmt":"2024-03-14T12:37:23","guid":{"rendered":"http:\/\/delikatesy.wineport.pl\/?product=hennessy-vs-cognac2-szklanki-07l"},"modified":"2026-05-10T18:40:12","modified_gmt":"2026-05-10T16:40:12","slug":"hennessy-vs-cognac2-szklanki-07l","status":"publish","type":"product","link":"http:\/\/delikatesy.wineport.pl\/?product=hennessy-vs-cognac2-szklanki-07l","title":{"rendered":"HENNESSY VS Cognac+2 szklanki 0,7l"},"content":{"rendered":"<p class=\"MsoNormal\"><span style=\"color: #ff0000;\">UWAGA!!! NIE WYSY\u0141AMY ALKOHOLU KURIEREM W PRZYPADKU ZAM\u00d3WIE\u0143 OD OS\u00d3B PRYWATNYCH, TYLKO ODBI\u00d3R OSOBISTY NA UL. \u015aW. STANIS\u0141AWA 12 W WARSZAWIE!!! W przypadku op\u0142acenia zam\u00f3wienia alkoholu z wysy\u0142k\u0105, przy zwrocie pieni\u0119dzy zostanie potr\u0105cona prowizja\u00a0<\/span><strong style=\"color: #ff0000;\">DOTPAY<\/strong><span style=\"color: #ff0000;\">!<\/span><\/p>\n<p class=\"MsoNormal\">Hennessy Very Special to kompozycja oko\u0142o 40 destylat\u00f3w, z okresem dojrzewania od 2,5 do 8 lat. Hennessy V.S. to symbol energii i nowoczesno\u015bci, wykwintne po\u0142\u0105czenie si\u0142y i elegancji.\u00a0 <span style=\"font-weight: bold;\">Koniak<\/span>\u00a0charakteryzuje si\u0119 wyra\u017anym orze\u017awiajacym smakiem, z delikatnym aromatem drewna przechodz\u0105cego w aromat orzecha laskowego. W p\u00f3\u017aniejszych odczuciach smakowych wyczuwalna jest nutka wanilii, powsta\u0142a dzi\u0119ki dojrzewaniu w nowych beczkach d\u0119bowych.\u00a0<br \/> <span style=\"font-weight: bold;\">Koniak<\/span>\u00a0Hennessy jest wytwarzany z winogron rosn\u0105cych tylko w \u015bci\u015ble okre\u015blonym rejonie po\u0142udniowo-zachodniej Francji w okolicach miasta Cognac. Powstaje w wyniku niezmiennego od XVI wieku procesu podw\u00f3jnej destylacji\u00a0 <span style=\"font-weight: bold;\">wina<\/span>, kontrolowanego przez jedn\u0105 rodzin\u0119, kt\u00f3ra do siedmiu pokole\u0144 jest zwi\u0105zana z Hennessy. Po d\u0142ugim okresie le\u017cakowania w d\u0119bowych beczkach destylat\u00f3w u\u017cywa si\u0119 do komponowania poszczeg\u00f3lnych gatunk\u00f3w. Z dziewi\u0119ciu litr\u00f3w wina otrzymuje si\u0119 jeden litr destylatu zwanego eau-de-vie.<br \/> Hennessy to marka nr 1 na \u015bwiecie w kategorii koniak\u00f3w, posiadaj\u0105ca najbogatsze zapasy destylat\u00f3w pochodzacych nawet z 1800 roku. Jest bardzo dobry do spo\u017cycia w formie czystej, z lodem lub wod\u0105 mineraln\u0105 oraz w zestawie wytwornych koktajli.<\/p>\n","protected":false},"excerpt":{"rendered":"<p>Hennessy Very Special to kompozycja oko\u0142o 40 destylat\u00f3w, z okresem dojrzewania od 2,5 do 8 lat. Hennessy V.S. to symbol energii i nowoczesno\u015bci, wykwintne po\u0142\u0105czenie si\u0142y i elegancji. Koniak charakteryzuje si\u0119 wyra\u017anym orze\u017awiajacym smakiem, z delika&#8230;<\/p>\n","protected":false},"featured_media":12547,"comment_status":"open","ping_status":"closed","template":"","meta":[],"product_cat":[142,146,150,145,149],"product_tag":[],"class_list":{"0":"post-12548","1":"product","2":"type-product","3":"status-publish","4":"has-post-thumbnail","6":"product_cat-alkohole-mocne","7":"product_cat-armagnac-i-brandy","8":"product_cat-cognac-francja-armagnac-i-brandy","9":"product_cat-cognac","10":"product_cat-francja-armagnac-i-brandy","12":"first","13":"instock","14":"shipping-taxable","15":"purchasable","16":"product-type-simple"},"_links":{"self":[{"href":"http:\/\/delikatesy.wineport.pl\/index.php?rest_route=\/wp\/v2\/product\/12548","targetHints":{"allow":["GET"]}}],"collection":[{"href":"http:\/\/delikatesy.wineport.pl\/index.php?rest_route=\/wp\/v2\/product"}],"about":[{"href":"http:\/\/delikatesy.wineport.pl\/index.php?rest_route=\/wp\/v2\/types\/product"}],"replies":[{"embeddable":true,"href":"http:\/\/delikatesy.wineport.pl\/index.php?rest_route=%2Fwp%2Fv2%2Fcomments&post=12548"}],"wp:featuredmedia":[{"embeddable":true,"href":"http:\/\/delikatesy.wineport.pl\/index.php?rest_route=\/wp\/v2\/media\/12547"}],"wp:attachment":[{"href":"http:\/\/delikatesy.wineport.pl\/index.php?rest_route=%2Fwp%2Fv2%2Fmedia&parent=12548"}],"wp:term":[{"taxonomy":"product_cat","embeddable":true,"href":"http:\/\/delikatesy.wineport.pl\/index.php?rest_route=%2Fwp%2Fv2%2Fproduct_cat&post=12548"},{"taxonomy":"product_tag","embeddable":true,"href":"http:\/\/delikatesy.wineport.pl\/index.php?rest_route=%2Fwp%2Fv2%2Fproduct_tag&post=12548"}],"curies":[{"name":"wp","href":"https:\/\/api.w.org\/{rel}","templated":true}]}}