{"id":12566,"date":"2024-03-14T13:37:26","date_gmt":"2024-03-14T12:37:26","guid":{"rendered":"http:\/\/delikatesy.wineport.pl\/?product=wodka-j-a-baczewski-05l"},"modified":"2026-05-10T18:42:22","modified_gmt":"2026-05-10T16:42:22","slug":"wodka-j-a-baczewski-05l","status":"publish","type":"product","link":"http:\/\/delikatesy.wineport.pl\/?product=wodka-j-a-baczewski-05l","title":{"rendered":"W\u00f3dka J.A. Baczewski 0,5l"},"content":{"rendered":"<p><span style=\"color: #ff0000; font-size: 16px; font-family: arial, helvetica, sans-serif;\">UWAGA!!! NIE WYSY\u0141AMY ALKOHOLU W PRZYPADKU ZAM\u00d3WIE\u0143 OD OS\u00d3B PRYWATNYCH, TYLKO ODBI\u00d3R OSOBISTY NA UL. \u015aW. STANIS\u0141AWA 12 W WARSZAWIE!!! W przypadku op\u0142acenia zam\u00f3wienia alkoholu z wysy\u0142k\u0105, przy zwrocie pieni\u0119dzy zostanie potr\u0105cona prowizja\u00a0DOTPAY!<\/span><\/p>\n<p><span style=\"color: #ff0000; font-size: 16px; font-family: arial, helvetica, sans-serif;\">\u00a0<\/span><\/p>\n<p class=\"MsoNormal\">W roku 2011, po 72 latach na emigracji, marka J.A. BACZEWSKI powraca na polski rynek!<\/p>\n<p class=\"MsoNormal\">Na t\u0119 okazj\u0119 zaprojektowane zosta\u0142y specjalne butelki w kszta\u0142cie karafek oraz nowe etykiety przeznaczone wy\u0142\u0105cznie na polski rynek.<\/p>\n<p class=\"MsoNormal\">J.A. Baczewski Vodka Monopolowa wytwarzana jest wed\u0142ug tradycyjnej i sprawdzonej receptury.<\/p>\n<p class=\"MsoNormal\">Najwy\u017cszej jako\u015bci spirytus, produkowany jest wy\u0142\u0105cznie z wyselekcjonowanych gatunk\u00f3w ziemniak\u00f3w, destylowany tylko trzykrotnie, aby zapewni\u0107 najwy\u017csz\u0105 jako\u015b\u0107 \u2013 nie poddaje si\u0119 go dalszemu procesowi, poniewa\u017c mo\u017ce to pozbawi\u0107 w\u00f3dk\u0119 smaku i duszy. Uzyskany w ten spos\u00f3b czysty spirytus ziemniaczany rozcie\u0144czany jest jedynie alpejsk\u0105 wod\u0105 do st\u0119\u017cenia 40%.<\/p>\n<p class=\"MsoNormal\">Sami producenci opisuj\u0105 swoj\u0105 w\u00f3dk\u0119 w ten spos\u00f3b:<\/p>\n<p class=\"MsoNormal\">&#8220;Naszym zdaniem w\u00f3dka powinna mie\u0107 tylko jeden smak, a dok\u0142adnie &#8211; smak w\u00f3dki. To w\u0142a\u015bnie ten wyj\u0105tkowo oryginalny smak w\u00f3dki J.A. Baczewski pozwala jej pokonywa\u0107 konkurent\u00f3w w licznych mi\u0119dzynarodowych konkursach, m.in.: w Chicago i San Francisco, wsz\u0119dzie tam, gdzie pojawi\u0105 si\u0119 prawdziwi znawcy i smakosze&#8221;<\/p>\n","protected":false},"excerpt":{"rendered":"<p>W roku 2011, po 72 latach na emigracji, marka J.A. BACZEWSKI powraca na polski rynek! Na t\u0119 okazj\u0119 zaprojektowane zosta\u0142y specjalne butelki w kszta\u0142cie karafek oraz nowe etykiety przeznaczone wy\u0142\u0105cznie na polski rynek. J.A. Baczewski Vodka Monopolowa&#8230;<\/p>\n","protected":false},"featured_media":12565,"comment_status":"open","ping_status":"closed","template":"","meta":[],"product_cat":[190,142],"product_tag":[],"class_list":{"0":"post-12566","1":"product","2":"type-product","3":"status-publish","4":"has-post-thumbnail","6":"product_cat-wodka","7":"product_cat-alkohole-mocne","9":"first","10":"instock","11":"shipping-taxable","12":"purchasable","13":"product-type-simple"},"_links":{"self":[{"href":"http:\/\/delikatesy.wineport.pl\/index.php?rest_route=\/wp\/v2\/product\/12566","targetHints":{"allow":["GET"]}}],"collection":[{"href":"http:\/\/delikatesy.wineport.pl\/index.php?rest_route=\/wp\/v2\/product"}],"about":[{"href":"http:\/\/delikatesy.wineport.pl\/index.php?rest_route=\/wp\/v2\/types\/product"}],"replies":[{"embeddable":true,"href":"http:\/\/delikatesy.wineport.pl\/index.php?rest_route=%2Fwp%2Fv2%2Fcomments&post=12566"}],"wp:featuredmedia":[{"embeddable":true,"href":"http:\/\/delikatesy.wineport.pl\/index.php?rest_route=\/wp\/v2\/media\/12565"}],"wp:attachment":[{"href":"http:\/\/delikatesy.wineport.pl\/index.php?rest_route=%2Fwp%2Fv2%2Fmedia&parent=12566"}],"wp:term":[{"taxonomy":"product_cat","embeddable":true,"href":"http:\/\/delikatesy.wineport.pl\/index.php?rest_route=%2Fwp%2Fv2%2Fproduct_cat&post=12566"},{"taxonomy":"product_tag","embeddable":true,"href":"http:\/\/delikatesy.wineport.pl\/index.php?rest_route=%2Fwp%2Fv2%2Fproduct_tag&post=12566"}],"curies":[{"name":"wp","href":"https:\/\/api.w.org\/{rel}","templated":true}]}}