{"id":12568,"date":"2024-03-14T13:37:27","date_gmt":"2024-03-14T12:37:27","guid":{"rendered":"http:\/\/delikatesy.wineport.pl\/?product=camitz-sparkling-vodka-07l-ultra-premium"},"modified":"2026-05-10T18:42:23","modified_gmt":"2026-05-10T16:42:23","slug":"camitz-sparkling-vodka-07l-ultra-premium","status":"publish","type":"product","link":"http:\/\/delikatesy.wineport.pl\/?product=camitz-sparkling-vodka-07l-ultra-premium","title":{"rendered":"Camitz Sparkling V\u00f3dka 0,7L ultra premium"},"content":{"rendered":"<p>\u00a0<\/p>\n<p><span style=\"color: #ff0000; font-size: 16px; font-family: arial, helvetica, sans-serif;\">UWAGA!!! NIE WYSY\u0141AMY ALKOHOLU W PRZYPADKU ZAM\u00d3WIE\u0143 OD OS\u00d3B PRYWATNYCH, TYLKO ODBI\u00d3R OSOBISTY NA UL. \u015aW. STANIS\u0141AWA 12 W WARSZAWIE!!! W przypadku op\u0142acenia zam\u00f3wienia alkoholu z wysy\u0142k\u0105, przy zwrocie pieni\u0119dzy zostanie potr\u0105cona prowizja\u00a0DOTPAY!<\/span><\/p>\n<p>\u00a0<\/p>\n<p><span style=\"color: #ff0000; font-size: 16px; font-family: arial, helvetica, sans-serif;\">\u00a0<\/span><\/p>\n<p><span style=\"font-size: 11.0pt;\">Camitz Sparkling Vodka jest unikaln\u0105 100% naturaln\u0105 w\u00f3dk\u0105 segmentu ultra-premium. Do produkcji u\u017cywane sa wy\u0142acznie tylko najlepsze plony p\u00f3l pszenicy ozimej w Skandynawii.<\/span> Woda jest pobierany ze s\u0142ynnych \u017ar\u00f3de\u0142 podziemnych z lodowc\u00f3w T\u00f6llsjo, dzi\u0119ki czemu mo\u017ce zachowa\u0107 naturaln\u0105 czysto\u015b\u0107 epoki lodowcowej. Camitz Sparkling Vodka jest destylowany pi\u0119\u0107 razy zanim dwutlenek w\u0119gla jest dodawany. Specjalnie filtrowany dwutlenek w\u0119gla jest wykorzystywany jedynie dla Camitz Vodka jest najczystszy w swoim rodzaju na ca\u0142ym \u015bwiecie.<\/p>\n","protected":false},"excerpt":{"rendered":"<p>Camitz Sparkling Vodka jest unikaln\u0105 100% naturaln\u0105 w\u00f3dk\u0105 segmentu ultra-premium. Do produkcji u\u017cywane sa wy\u0142acznie tylko najlepsze plony p\u00f3l pszenicy ozimej w Skandynawii. Woda jest pobierany ze s\u0142ynnych \u017ar\u00f3de\u0142 podziemnych z lodowc\u00f3w T\u00f6llsjo, dzi\u0119ki&#8230;<\/p>\n","protected":false},"featured_media":12567,"comment_status":"open","ping_status":"closed","template":"","meta":[],"product_cat":[190,142],"product_tag":[],"class_list":{"0":"post-12568","1":"product","2":"type-product","3":"status-publish","4":"has-post-thumbnail","6":"product_cat-wodka","7":"product_cat-alkohole-mocne","9":"first","10":"instock","11":"shipping-taxable","12":"purchasable","13":"product-type-simple"},"_links":{"self":[{"href":"http:\/\/delikatesy.wineport.pl\/index.php?rest_route=\/wp\/v2\/product\/12568","targetHints":{"allow":["GET"]}}],"collection":[{"href":"http:\/\/delikatesy.wineport.pl\/index.php?rest_route=\/wp\/v2\/product"}],"about":[{"href":"http:\/\/delikatesy.wineport.pl\/index.php?rest_route=\/wp\/v2\/types\/product"}],"replies":[{"embeddable":true,"href":"http:\/\/delikatesy.wineport.pl\/index.php?rest_route=%2Fwp%2Fv2%2Fcomments&post=12568"}],"wp:featuredmedia":[{"embeddable":true,"href":"http:\/\/delikatesy.wineport.pl\/index.php?rest_route=\/wp\/v2\/media\/12567"}],"wp:attachment":[{"href":"http:\/\/delikatesy.wineport.pl\/index.php?rest_route=%2Fwp%2Fv2%2Fmedia&parent=12568"}],"wp:term":[{"taxonomy":"product_cat","embeddable":true,"href":"http:\/\/delikatesy.wineport.pl\/index.php?rest_route=%2Fwp%2Fv2%2Fproduct_cat&post=12568"},{"taxonomy":"product_tag","embeddable":true,"href":"http:\/\/delikatesy.wineport.pl\/index.php?rest_route=%2Fwp%2Fv2%2Fproduct_tag&post=12568"}],"curies":[{"name":"wp","href":"https:\/\/api.w.org\/{rel}","templated":true}]}}