{"id":12572,"date":"2024-03-14T13:37:27","date_gmt":"2024-03-14T12:37:27","guid":{"rendered":"http:\/\/delikatesy.wineport.pl\/?product=etui-camitz-sparkling-vodka-07l"},"modified":"2026-05-10T18:42:24","modified_gmt":"2026-05-10T16:42:24","slug":"etui-camitz-sparkling-vodka-07l","status":"publish","type":"product","link":"http:\/\/delikatesy.wineport.pl\/?product=etui-camitz-sparkling-vodka-07l","title":{"rendered":"Etui + Camitz Sparkling V\u00f3dka 0,7L"},"content":{"rendered":"<p><span calibri\",\"sans-serif\";=\"\" mso-ascii-theme-font:minor-latin;mso-fareast-font-family:\"times=\"\" new=\"\" roman\";=\"\" mso-fareast-theme-font:minor-fareast;mso-hansi-theme-font:minor-latin;=\"\" mso-bidi-font-family:\"times=\"\" roman\";mso-bidi-theme-font:minor-bidi;=\"\" mso-ansi-language:pl;mso-fareast-language:pl;mso-bidi-language:ar-sa;=\"\" mso-no-proof:yes\"=\"\" style=\"font-size: 11pt;\">Camitz Sparkling Vodka jest unikaln\u0105 100% naturaln\u0105 w\u00f3dk\u0105 segmentu ultra-premium. Do produkcji u\u017cywane sa wy\u0142acznie tylko najlepsze plony p\u00f3l pszenicy ozimej w Skandynawii.<\/span>&nbsp;Woda jest pobierany ze s\u0142ynnych \u017ar\u00f3de\u0142 podziemnych z lodowc\u00f3w T\u00f6llsjo, dzi\u0119ki czemu mo\u017ce zachowa\u0107 naturaln\u0105 czysto\u015b\u0107 epoki lodowcowej. Camitz Sparkling Vodka jest destylowany pi\u0119\u0107 razy zanim dwutlenek w\u0119gla jest dodawany. Specjalnie filtrowany dwutlenek w\u0119gla jest wykorzystywany jedynie dla Camitz Vodka jest najczystszy w swoim rodzaju na ca\u0142ym \u015bwiecie.<\/p>\n","protected":false},"excerpt":{"rendered":"<p>Camitz Sparkling Vodka jest unikaln\u0105 100% naturaln\u0105 w\u00f3dk\u0105 segmentu ultra-premium. Do produkcji u\u017cywane sa wy\u0142acznie tylko najlepsze plony p\u00f3l pszenicy ozimej w Skandynawii. Woda jest pobierany ze s\u0142ynnych \u017ar\u00f3de\u0142 podziemnych z lodowc\u00f3w T\u00f6llsjo, dzi\u0119ki&#8230;<\/p>\n","protected":false},"featured_media":12571,"comment_status":"open","ping_status":"closed","template":"","meta":[],"product_cat":[190,142],"product_tag":[],"class_list":{"0":"post-12572","1":"product","2":"type-product","3":"status-publish","4":"has-post-thumbnail","6":"product_cat-wodka","7":"product_cat-alkohole-mocne","9":"first","10":"instock","11":"shipping-taxable","12":"purchasable","13":"product-type-simple"},"_links":{"self":[{"href":"http:\/\/delikatesy.wineport.pl\/index.php?rest_route=\/wp\/v2\/product\/12572","targetHints":{"allow":["GET"]}}],"collection":[{"href":"http:\/\/delikatesy.wineport.pl\/index.php?rest_route=\/wp\/v2\/product"}],"about":[{"href":"http:\/\/delikatesy.wineport.pl\/index.php?rest_route=\/wp\/v2\/types\/product"}],"replies":[{"embeddable":true,"href":"http:\/\/delikatesy.wineport.pl\/index.php?rest_route=%2Fwp%2Fv2%2Fcomments&post=12572"}],"wp:featuredmedia":[{"embeddable":true,"href":"http:\/\/delikatesy.wineport.pl\/index.php?rest_route=\/wp\/v2\/media\/12571"}],"wp:attachment":[{"href":"http:\/\/delikatesy.wineport.pl\/index.php?rest_route=%2Fwp%2Fv2%2Fmedia&parent=12572"}],"wp:term":[{"taxonomy":"product_cat","embeddable":true,"href":"http:\/\/delikatesy.wineport.pl\/index.php?rest_route=%2Fwp%2Fv2%2Fproduct_cat&post=12572"},{"taxonomy":"product_tag","embeddable":true,"href":"http:\/\/delikatesy.wineport.pl\/index.php?rest_route=%2Fwp%2Fv2%2Fproduct_tag&post=12572"}],"curies":[{"name":"wp","href":"https:\/\/api.w.org\/{rel}","templated":true}]}}