{"id":12576,"date":"2024-03-14T13:37:28","date_gmt":"2024-03-14T12:37:28","guid":{"rendered":"http:\/\/delikatesy.wineport.pl\/?product=gin-martin-millers-07l-ultra-premium"},"modified":"2026-05-10T18:42:25","modified_gmt":"2026-05-10T16:42:25","slug":"gin-martin-millers-07l-ultra-premium","status":"publish","type":"product","link":"http:\/\/delikatesy.wineport.pl\/?product=gin-martin-millers-07l-ultra-premium","title":{"rendered":"Gin Martin Millers 0,7L &#8211; ultra premium"},"content":{"rendered":"<p><span style=\"color: #ff0000; font-size: 16px; font-family: arial, helvetica, sans-serif;\">UWAGA!!! NIE WYSY\u0141AMY ALKOHOLU W PRZYPADKU ZAM\u00d3WIE\u0143 OD OS\u00d3B PRYWATNYCH, TYLKO ODBI\u00d3R OSOBISTY NA UL. \u015aW. STANIS\u0141AWA 12 W WARSZAWIE!!! W przypadku op\u0142acenia zam\u00f3wienia alkoholu z wysy\u0142k\u0105, przy zwrocie pieni\u0119dzy zostanie potr\u0105cona prowizja\u00a0DOTPAY!<\/span><\/p>\n<p><span style=\"color: #ff0000; font-size: 16px; font-family: arial, helvetica, sans-serif;\">\u00a0<\/span><\/p>\n<p class=\"MsoNormal\">Maria\u017c pomys\u0142\u00f3w trzech za\u0142o\u017cycieli tej marki stworzy\u0142 gin o wyj\u0105tkowym smaku. Efekt ko\u0144cowy to eksplozja aromat\u00f3w zi\u00f3\u0142 wyselekcjonowanych z ca\u0142ego globu. To co wyczujemy to mocno cytrusowe akcenty \u0142\u0105cz\u0105ce si\u0119 ja\u0142owcem. Finisz d\u0142ugi i delikatny. Woda do produkcji tego Ginu pochodzi z islandzkiego lodowca!<\/p>\n<p class=\"MsoNormal\">\u00a0<\/p>\n","protected":false},"excerpt":{"rendered":"<p>Maria\u017c pomys\u0142\u00f3w trzech za\u0142o\u017cycieli tej marki stworzy\u0142 gin o wyj\u0105tkowym smaku. Efekt ko\u0144cowy to eksplozja aromat\u00f3w zi\u00f3\u0142 wyselekcjonowanych z ca\u0142ego globu. To co wyczujemy to mocno cytrusowe akcenty \u0142\u0105cz\u0105ce si\u0119 ja\u0142owcem. Finisz d\u0142ugi i delikatny. Woda &#8230;<\/p>\n","protected":false},"featured_media":12575,"comment_status":"open","ping_status":"closed","template":"","meta":[],"product_cat":[142,194],"product_tag":[],"class_list":{"0":"post-12576","1":"product","2":"type-product","3":"status-publish","4":"has-post-thumbnail","6":"product_cat-alkohole-mocne","7":"product_cat-gin","9":"first","10":"instock","11":"shipping-taxable","12":"purchasable","13":"product-type-simple"},"_links":{"self":[{"href":"http:\/\/delikatesy.wineport.pl\/index.php?rest_route=\/wp\/v2\/product\/12576","targetHints":{"allow":["GET"]}}],"collection":[{"href":"http:\/\/delikatesy.wineport.pl\/index.php?rest_route=\/wp\/v2\/product"}],"about":[{"href":"http:\/\/delikatesy.wineport.pl\/index.php?rest_route=\/wp\/v2\/types\/product"}],"replies":[{"embeddable":true,"href":"http:\/\/delikatesy.wineport.pl\/index.php?rest_route=%2Fwp%2Fv2%2Fcomments&post=12576"}],"wp:featuredmedia":[{"embeddable":true,"href":"http:\/\/delikatesy.wineport.pl\/index.php?rest_route=\/wp\/v2\/media\/12575"}],"wp:attachment":[{"href":"http:\/\/delikatesy.wineport.pl\/index.php?rest_route=%2Fwp%2Fv2%2Fmedia&parent=12576"}],"wp:term":[{"taxonomy":"product_cat","embeddable":true,"href":"http:\/\/delikatesy.wineport.pl\/index.php?rest_route=%2Fwp%2Fv2%2Fproduct_cat&post=12576"},{"taxonomy":"product_tag","embeddable":true,"href":"http:\/\/delikatesy.wineport.pl\/index.php?rest_route=%2Fwp%2Fv2%2Fproduct_tag&post=12576"}],"curies":[{"name":"wp","href":"https:\/\/api.w.org\/{rel}","templated":true}]}}