{"id":12580,"date":"2024-03-14T13:37:30","date_gmt":"2024-03-14T12:37:30","guid":{"rendered":"http:\/\/delikatesy.wineport.pl\/?product=tequila-scorpion-mezcal-blanco-40-07l"},"modified":"2026-05-10T18:42:27","modified_gmt":"2026-05-10T16:42:27","slug":"tequila-scorpion-mezcal-blanco-40-07l","status":"publish","type":"product","link":"http:\/\/delikatesy.wineport.pl\/?product=tequila-scorpion-mezcal-blanco-40-07l","title":{"rendered":"Tequila Scorpion Mezcal blanco 40% 0,7l"},"content":{"rendered":"<p><span style=\"color: #ff0000; font-size: 16px; font-family: arial, helvetica, sans-serif;\">UWAGA!!! NIE WYSY\u0141AMY ALKOHOLU W PRZYPADKU ZAM\u00d3WIE\u0143 OD OS\u00d3B PRYWATNYCH, TYLKO ODBI\u00d3R OSOBISTY NA UL. \u015aW. STANIS\u0141AWA 12 W WARSZAWIE!!! W przypadku op\u0142acenia zam\u00f3wienia alkoholu z wysy\u0142k\u0105, przy zwrocie pieni\u0119dzy zostanie potr\u0105cona prowizja\u00a0DOTPAY!<\/span><\/p>\n<p><span style=\"color: #ff0000; font-size: 16px; font-family: arial, helvetica, sans-serif;\">\u00a0<\/span><\/p>\n<p class=\"MsoNormal\">Wielokrotnie nagradzany Scorpion Mezcal jest produkowany w ma\u0142ych partiach w Meksyku z prawdziwym skorpionem w ka\u017cdej butelce. Wy\u015bmienita tequila 100% Agawy, produkt klasy ultra premium!<\/p>\n<p class=\"MsoNormal\"><span style=\"color: #333333; font-family: 'lucida grande', tahoma, verdana, arial, sans-serif; font-size: 13px; line-height: 18px; background-color: #ffffff;\">Mezcal ma ponad 400 lat tradycji. Mo\u017ce by\u0107 zrobiony z wszystkich rodzai agaw. Mezcal w odr\u00f3\u017cnieniu do Tequili mo\u017ce by\u0107 tylko rozlewany w Mexico i by\u0107 z 100% agawy&#8230;.<\/span><\/p>\n<p class=\"MsoNormal\">\u00a0<\/p>\n","protected":false},"excerpt":{"rendered":"<p>Wielokrotnie nagradzany Scorpion Mezcal jest produkowany w ma\u0142ych partiach w Meksyku z prawdziwym skorpionem w ka\u017cdej butelce. Wy\u015bmienita tequila 100% Agawy, produkt klasy ultra premium! Mezcal ma ponad 400 lat tradycji. Mo\u017ce by\u0107 zrobiony z wszystkic&#8230;<\/p>\n","protected":false},"featured_media":12579,"comment_status":"open","ping_status":"closed","template":"","meta":[],"product_cat":[142,195],"product_tag":[],"class_list":{"0":"post-12580","1":"product","2":"type-product","3":"status-publish","4":"has-post-thumbnail","6":"product_cat-alkohole-mocne","7":"product_cat-tequila","9":"first","10":"instock","11":"shipping-taxable","12":"purchasable","13":"product-type-simple"},"_links":{"self":[{"href":"http:\/\/delikatesy.wineport.pl\/index.php?rest_route=\/wp\/v2\/product\/12580","targetHints":{"allow":["GET"]}}],"collection":[{"href":"http:\/\/delikatesy.wineport.pl\/index.php?rest_route=\/wp\/v2\/product"}],"about":[{"href":"http:\/\/delikatesy.wineport.pl\/index.php?rest_route=\/wp\/v2\/types\/product"}],"replies":[{"embeddable":true,"href":"http:\/\/delikatesy.wineport.pl\/index.php?rest_route=%2Fwp%2Fv2%2Fcomments&post=12580"}],"wp:featuredmedia":[{"embeddable":true,"href":"http:\/\/delikatesy.wineport.pl\/index.php?rest_route=\/wp\/v2\/media\/12579"}],"wp:attachment":[{"href":"http:\/\/delikatesy.wineport.pl\/index.php?rest_route=%2Fwp%2Fv2%2Fmedia&parent=12580"}],"wp:term":[{"taxonomy":"product_cat","embeddable":true,"href":"http:\/\/delikatesy.wineport.pl\/index.php?rest_route=%2Fwp%2Fv2%2Fproduct_cat&post=12580"},{"taxonomy":"product_tag","embeddable":true,"href":"http:\/\/delikatesy.wineport.pl\/index.php?rest_route=%2Fwp%2Fv2%2Fproduct_tag&post=12580"}],"curies":[{"name":"wp","href":"https:\/\/api.w.org\/{rel}","templated":true}]}}