{"id":12610,"date":"2024-03-14T13:37:37","date_gmt":"2024-03-14T12:37:37","guid":{"rendered":"http:\/\/delikatesy.wineport.pl\/?product=wodka-stumbras-05l"},"modified":"2026-05-10T18:42:36","modified_gmt":"2026-05-10T16:42:36","slug":"wodka-stumbras-05l","status":"publish","type":"product","link":"http:\/\/delikatesy.wineport.pl\/?product=wodka-stumbras-05l","title":{"rendered":"W\u00f3dka Stumbras 0,5L"},"content":{"rendered":"<p class=\"MsoNormal\">Stumbras\u201d  \u2013 pierwsza i najstarsza wytw\u00f3rnia w\u00f3dki na Litwie, za\u0142o\u017cona w roku 1906. Sp\u00f3\u0142ka  cieszy si\u0119 stuletnim uznaniem nie tylko dzi\u0119ki umiej\u0119tno\u015bci pod\u0105\u017cania krok w  krok z progresem, ale r\u00f3wnie\u017c \u015bwiadomo\u015bci, i\u017c wyroby wytw\u00f3rni \u201eStumbras\u201d s\u0105  codziennie oceniane przez tysi\u0105ce konsument\u00f3w. Dlatego piel\u0119gnowanie tradycji,  rzeczoznawstwo oraz naturalno\u015b\u0107 jest fundamentem dzia\u0142alno\u015bci sp\u00f3\u0142ki.&nbsp;<br \/>  \t  \t  Technologiami wytw\u00f3rni \u201eStumbras\u201d zachwyca si\u0119 mn\u00f3stwo specjalist\u00f3w.  Rzeczoznawcy sp\u00f3\u0142ki nigdy nie ulegli pokusie do wybrania \u0142atwiejszej oraz  szybszej drogi. Dlatego w\u00f3dka \u201eSTUMBRAS Centenary vodka\u201d (\u201eW\u00f3dka Stulecia\u201d)  produkowana jest tylko w spos\u00f3b klasyczny, znany jeszcze z czas\u00f3w carskiej  Rosji.&nbsp;<br \/>  \t  \t  W w\u00f3dce tej zawarte s\u0105  przekazywane z pokolenia na pokolenie wiedza i do\u015bwiadczenie ekspert\u00f3w wytw\u00f3rni  \u201eStumbras\u201d. I tak ju\u017c sto lat. Doborowe zbo\u017ce i krystaliczna woda stanowi\u0105  podstaw\u0119 w\u00f3dki \u201eSTUMBRAS Centenary vodka\u201d. O jej nieskazitelnej czysto\u015bci i  delikatno\u015bci smaku decyduj\u0105 specjalne srebrne filtry.  \t  \t<o:p><\/o:p><\/p>\n","protected":false},"excerpt":{"rendered":"<p>Stumbras\u201d \u2013 pierwsza i najstarsza wytw\u00f3rnia w\u00f3dki na Litwie, za\u0142o\u017cona w roku 1906. Sp\u00f3\u0142ka cieszy si\u0119 stuletnim uznaniem nie tylko dzi\u0119ki umiej\u0119tno\u015bci pod\u0105\u017cania krok w krok z progresem, ale r\u00f3wnie\u017c \u015bwiadomo\u015bci, i\u017c wyroby wytw\u00f3rni \u201eStumbras\u201d s\u0105 codzien&#8230;<\/p>\n","protected":false},"featured_media":12609,"comment_status":"open","ping_status":"closed","template":"","meta":[],"product_cat":[190,142],"product_tag":[],"class_list":{"0":"post-12610","1":"product","2":"type-product","3":"status-publish","4":"has-post-thumbnail","6":"product_cat-wodka","7":"product_cat-alkohole-mocne","9":"first","10":"instock","11":"shipping-taxable","12":"purchasable","13":"product-type-simple"},"_links":{"self":[{"href":"http:\/\/delikatesy.wineport.pl\/index.php?rest_route=\/wp\/v2\/product\/12610","targetHints":{"allow":["GET"]}}],"collection":[{"href":"http:\/\/delikatesy.wineport.pl\/index.php?rest_route=\/wp\/v2\/product"}],"about":[{"href":"http:\/\/delikatesy.wineport.pl\/index.php?rest_route=\/wp\/v2\/types\/product"}],"replies":[{"embeddable":true,"href":"http:\/\/delikatesy.wineport.pl\/index.php?rest_route=%2Fwp%2Fv2%2Fcomments&post=12610"}],"wp:featuredmedia":[{"embeddable":true,"href":"http:\/\/delikatesy.wineport.pl\/index.php?rest_route=\/wp\/v2\/media\/12609"}],"wp:attachment":[{"href":"http:\/\/delikatesy.wineport.pl\/index.php?rest_route=%2Fwp%2Fv2%2Fmedia&parent=12610"}],"wp:term":[{"taxonomy":"product_cat","embeddable":true,"href":"http:\/\/delikatesy.wineport.pl\/index.php?rest_route=%2Fwp%2Fv2%2Fproduct_cat&post=12610"},{"taxonomy":"product_tag","embeddable":true,"href":"http:\/\/delikatesy.wineport.pl\/index.php?rest_route=%2Fwp%2Fv2%2Fproduct_tag&post=12610"}],"curies":[{"name":"wp","href":"https:\/\/api.w.org\/{rel}","templated":true}]}}