{"id":12644,"date":"2024-03-14T13:37:47","date_gmt":"2024-03-14T12:37:47","guid":{"rendered":"http:\/\/delikatesy.wineport.pl\/?product=wino-miolo-selecao-cabernet-merlot-075l"},"modified":"2026-05-10T18:43:10","modified_gmt":"2026-05-10T16:43:10","slug":"wino-miolo-selecao-cabernet-merlot-075l","status":"publish","type":"product","link":"http:\/\/delikatesy.wineport.pl\/?product=wino-miolo-selecao-cabernet-merlot-075l","title":{"rendered":"Wino Miolo Sele\u00e7\u00e3o Cabernet Merlot 0,75L"},"content":{"rendered":"<p class=\"MsoNormal\" style=\"margin-bottom: 0.0001pt;\"><span style=\"font-weight: bold;\"><span style=\"color: #ff0000;\">UWAGA!!! NIE WYSY\u0141AMY ALKOHOLU KURIEREM W PRZYPADKU ZAM\u00d3WIE\u0143 OD OS\u00d3B PRYWATNYCH, TYLKO ODBI\u00d3R OSOBISTY NA UL. \u015aW. STANIS\u0141AWA 12 W WARSZAWIE!!! W przypadku op\u0142acenia zam\u00f3wienia alkoholu z wysy\u0142k\u0105, przy zwrocie pieni\u0119dzy zostanie potr\u0105cona prowizja\u00a0<\/span><strong style=\"color: #ff0000;\">DOTPAY<\/strong><span style=\"color: #ff0000;\">!<\/span><\/span><\/p>\n<p class=\"MsoNormal\" style=\"margin-bottom: 0.0001pt;\"><span style=\"font-weight: bold;\"> <span lang=\"EN-US\" style=\"font-size: 18pt; font-style: italic;\">Cabernet Sauvignon i Merlot<\/span><\/span> <span lang=\"EN-US\" style=\"font-size: 18pt; font-weight: bold;\">.<\/span> <span lang=\"EN-US\" style=\"font-size: 14pt; font-weight: bold;\"><br \/> <\/span> <span lang=\"EN-US\" style=\"font-size: 14.0pt; mso-bidi-font-family: Calibri; mso-ansi-language: EN-US;\">\u00a0<\/span><\/p>\n<p class=\"MsoNormal\" style=\"margin-bottom: 0.0001pt;\"><span style=\"font-size: 14pt; font-style: italic;\">Region<\/span><\/p>\n<p class=\"MsoNormal\" style=\"margin-bottom: 0.0001pt;\"><span style=\"font-style: italic;\">Fronteira &#8211; RS<\/span><br \/> \u00a0<br \/> <span style=\"font-size: 14pt; font-style: italic;\">Kolor <\/span><\/p>\n<p class=\"MsoNormal\" style=\"margin-bottom: 0.0001pt;\">Srednio intensywne zabarwienie, barwa rubinowa\u00a0 z fioletowymi odcieniami .<br \/> \u00a0<\/p>\n<p class=\"MsoNormal\" style=\"margin-bottom: 0.0001pt;\"><span style=\"font-size: 14pt; font-style: italic;\">Aromat <\/span><\/p>\n<p class=\"MsoNormal\" style=\"margin-bottom: 0.0001pt;\">Przyjemny zapach pokazuj\u0105cy z\u0142ozone aromaty owocowe &#8211;\u00a0\u00a0\u00a0 wi\u015bnia, truskawka, owoce suszone, specjalne przyprawy.\u00a0 Wyczuwalna nuta drewna . <br \/> \u00a0<\/p>\n<p class=\"MsoNormal\" style=\"margin-bottom: 0.0001pt;\"><span style=\"font-size: 14pt; font-style: italic;\">Smak <\/span><\/p>\n<p class=\"MsoNormal\" style=\"margin-bottom: 0.0001pt;\">Wino\u00a0 jest wywa\u017cone i okr\u0105g\u0142e o przyjemnym smaku.<br \/> <!--  \t[if !supportLineBreakNewLine]  \t--> <br \/> <!--  \t[endif]  \t--><\/p>\n<p class=\"MsoNormal\" style=\"margin-bottom: 0.0001pt;\"><span style=\"font-size: 14pt; font-style: italic;\">Alkohol<\/span><br \/> 12,5%.<br \/> <span style=\"font-size: 12.0pt; mso-bidi-font-family: Calibri;\">Idealna temperatura do spo\u017cycia pomi\u0119dzy 14 \u00b0 C i 16 \u00b0 C.<\/span><\/p>\n","protected":false},"excerpt":{"rendered":"<p>Cabernet Sauvignon i Merlot . Region Fronteira &#8211; RS Kolor Srednio intensywne zabarwienie, barwa rubinowa z fioletowymi odcieniami . Aromat Przyjemny zapach pokazuj\u0105cy z\u0142ozone aromaty owocowe &#8211; wi\u015bnia, truskawka, owoce suszone, specjalne przyprawy. Wy&#8230;<\/p>\n","protected":false},"featured_media":12643,"comment_status":"open","ping_status":"closed","template":"","meta":[],"product_cat":[127,80],"product_tag":[],"class_list":{"0":"post-12644","1":"product","2":"type-product","3":"status-publish","4":"has-post-thumbnail","6":"product_cat-brazylia","7":"product_cat-wina-swiata","9":"first","10":"instock","11":"shipping-taxable","12":"purchasable","13":"product-type-simple"},"_links":{"self":[{"href":"http:\/\/delikatesy.wineport.pl\/index.php?rest_route=\/wp\/v2\/product\/12644","targetHints":{"allow":["GET"]}}],"collection":[{"href":"http:\/\/delikatesy.wineport.pl\/index.php?rest_route=\/wp\/v2\/product"}],"about":[{"href":"http:\/\/delikatesy.wineport.pl\/index.php?rest_route=\/wp\/v2\/types\/product"}],"replies":[{"embeddable":true,"href":"http:\/\/delikatesy.wineport.pl\/index.php?rest_route=%2Fwp%2Fv2%2Fcomments&post=12644"}],"wp:featuredmedia":[{"embeddable":true,"href":"http:\/\/delikatesy.wineport.pl\/index.php?rest_route=\/wp\/v2\/media\/12643"}],"wp:attachment":[{"href":"http:\/\/delikatesy.wineport.pl\/index.php?rest_route=%2Fwp%2Fv2%2Fmedia&parent=12644"}],"wp:term":[{"taxonomy":"product_cat","embeddable":true,"href":"http:\/\/delikatesy.wineport.pl\/index.php?rest_route=%2Fwp%2Fv2%2Fproduct_cat&post=12644"},{"taxonomy":"product_tag","embeddable":true,"href":"http:\/\/delikatesy.wineport.pl\/index.php?rest_route=%2Fwp%2Fv2%2Fproduct_tag&post=12644"}],"curies":[{"name":"wp","href":"https:\/\/api.w.org\/{rel}","templated":true}]}}