{"id":12646,"date":"2024-03-14T13:37:54","date_gmt":"2024-03-14T12:37:54","guid":{"rendered":"http:\/\/delikatesy.wineport.pl\/?product=wino-miolo-selecao-tempranillo-touriga-075l"},"modified":"2026-05-10T18:43:11","modified_gmt":"2026-05-10T16:43:11","slug":"wino-miolo-selecao-tempranillo-touriga-075l","status":"publish","type":"product","link":"http:\/\/delikatesy.wineport.pl\/?product=wino-miolo-selecao-tempranillo-touriga-075l","title":{"rendered":"Wino Miolo Sele\u00e7\u00e3o Tempranillo Touriga 0,75L"},"content":{"rendered":"<p class=\"MsoNormal\" style=\"margin-bottom: .0001pt; mso-layout-grid-align: none; text-autospace: none;\"><span style=\"font-weight: bold;\"><span style=\"font-size: 18pt; line-height: 115%; font-style: italic;\"><span style=\"color: #ff0000;\">UWAGA!!! NIE WYSY\u0141AMY ALKOHOLU KURIEREM W PRZYPADKU ZAM\u00d3WIE\u0143 OD OS\u00d3B PRYWATNYCH, TYLKO ODBI\u00d3R OSOBISTY NA UL. \u015aW. STANIS\u0141AWA 12 W WARSZAWIE!!! W przypadku op\u0142acenia zam\u00f3wienia alkoholu z wysy\u0142k\u0105, przy zwrocie pieni\u0119dzy zostanie potr\u0105cona prowizja\u00a0<\/span><strong style=\"color: #ff0000;\">DOTPAY<\/strong><span style=\"color: #ff0000;\">!<\/span><\/span><\/span><\/p>\n<p class=\"MsoNormal\" style=\"margin-bottom: .0001pt; mso-layout-grid-align: none; text-autospace: none;\"><span style=\"font-weight: bold;\"><span style=\"font-size: 18pt; line-height: 115%; font-style: italic;\">Tempranillo i Touriga Nacional<\/span><\/span> <span style=\"font-size: 16pt; line-height: 115%; font-weight: bold;\"><br \/> <!--  \t\t[if !supportLineBreakNewLine]  \t\t--> <br \/> <!--  \t\t[endif]  \t\t--> <\/span><\/p>\n<p class=\"MsoNormal\" style=\"margin-bottom: .0001pt; mso-layout-grid-align: none; text-autospace: none;\"><span style=\"font-size: 14pt; line-height: 115%; font-style: italic;\">Region\u00a0<\/span> <span style=\"font-style: italic;\"><br \/> Fronteira &#8211; RS<\/span><br \/> \u00a0<br \/> <span style=\"font-size: 14pt; line-height: 115%; font-style: italic;\">Kolor<\/span><\/p>\n<p class=\"MsoNormal\" style=\"margin-bottom: .0001pt; mso-layout-grid-align: none; text-autospace: none;\">Czerwona barwa \u015bredniej g\u0142\u0119boko\u015bci, z odcieniem fioletowym.<br \/> \u00a0<\/p>\n<p class=\"MsoNormal\" style=\"margin-bottom: .0001pt; mso-layout-grid-align: none; text-autospace: none;\"><span style=\"font-size: 14pt; line-height: 115%; font-style: italic;\">Aromat<\/span><br \/> Bardzo owocowy aromat, przypominaj\u0105cy wi\u015bni\u0119 i porzeczk\u0119\u00a0 z akcentami drzewno- stolarskimi.<br \/> \u00a0<\/p>\n<p class=\"MsoNormal\" style=\"margin-bottom: .0001pt; mso-layout-grid-align: none; text-autospace: none;\"><span style=\"font-size: 14pt; line-height: 115%; font-style: italic;\">Smak<\/span><br \/> Wino o \u015bredniej strukturze,\u00a0 o ciekawym nat\u0119\u017ceniu, dobra, zr\u00f3wnowa\u017cona kwasowo\u015b\u0107 , bardzo zgrabne w ustach.<br \/> \u00a0<br \/> <span style=\"font-size: 14pt; line-height: 115%; font-style: italic;\">Alkohol<\/span><br \/> 12,5%.<br \/> \u00a0Idealana temperatura podania\u00a0 14 &#8211; 16 stopni C .<\/p>\n","protected":false},"excerpt":{"rendered":"<p>Tempranillo i Touriga Nacional Region Fronteira &#8211; RS Kolor Czerwona barwa \u015bredniej g\u0142\u0119boko\u015bci, z odcieniem fioletowym. Aromat Bardzo owocowy aromat, przypominaj\u0105cy wi\u015bni\u0119 i porzeczk\u0119 z akcentami drzewno- stolarskimi. Smak Wino o \u015bredniej strukturze, &#8230;<\/p>\n","protected":false},"featured_media":12645,"comment_status":"open","ping_status":"closed","template":"","meta":[],"product_cat":[127,80],"product_tag":[],"class_list":{"0":"post-12646","1":"product","2":"type-product","3":"status-publish","4":"has-post-thumbnail","6":"product_cat-brazylia","7":"product_cat-wina-swiata","9":"first","10":"instock","11":"shipping-taxable","12":"purchasable","13":"product-type-simple"},"_links":{"self":[{"href":"http:\/\/delikatesy.wineport.pl\/index.php?rest_route=\/wp\/v2\/product\/12646","targetHints":{"allow":["GET"]}}],"collection":[{"href":"http:\/\/delikatesy.wineport.pl\/index.php?rest_route=\/wp\/v2\/product"}],"about":[{"href":"http:\/\/delikatesy.wineport.pl\/index.php?rest_route=\/wp\/v2\/types\/product"}],"replies":[{"embeddable":true,"href":"http:\/\/delikatesy.wineport.pl\/index.php?rest_route=%2Fwp%2Fv2%2Fcomments&post=12646"}],"wp:featuredmedia":[{"embeddable":true,"href":"http:\/\/delikatesy.wineport.pl\/index.php?rest_route=\/wp\/v2\/media\/12645"}],"wp:attachment":[{"href":"http:\/\/delikatesy.wineport.pl\/index.php?rest_route=%2Fwp%2Fv2%2Fmedia&parent=12646"}],"wp:term":[{"taxonomy":"product_cat","embeddable":true,"href":"http:\/\/delikatesy.wineport.pl\/index.php?rest_route=%2Fwp%2Fv2%2Fproduct_cat&post=12646"},{"taxonomy":"product_tag","embeddable":true,"href":"http:\/\/delikatesy.wineport.pl\/index.php?rest_route=%2Fwp%2Fv2%2Fproduct_tag&post=12646"}],"curies":[{"name":"wp","href":"https:\/\/api.w.org\/{rel}","templated":true}]}}