{"id":12648,"date":"2024-03-14T13:37:55","date_gmt":"2024-03-14T12:37:55","guid":{"rendered":"http:\/\/delikatesy.wineport.pl\/?product=wino-miolo-selecao-chardonnay-viognier-075l"},"modified":"2026-05-10T18:43:11","modified_gmt":"2026-05-10T16:43:11","slug":"wino-miolo-selecao-chardonnay-viognier-075l","status":"publish","type":"product","link":"http:\/\/delikatesy.wineport.pl\/?product=wino-miolo-selecao-chardonnay-viognier-075l","title":{"rendered":"Wino Miolo Sele\u00e7\u00e3o Chardonnay Viognier 0,75L"},"content":{"rendered":"<p class=\"MsoNormal\" style=\"margin-bottom: 0.0001pt;\"><span style=\"font-weight: bold;\"><span style=\"color: #ff0000;\">UWAGA!!! NIE WYSY\u0141AMY ALKOHOLU KURIEREM W PRZYPADKU ZAM\u00d3WIE\u0143 OD OS\u00d3B PRYWATNYCH, TYLKO ODBI\u00d3R OSOBISTY NA UL. \u015aW. STANIS\u0141AWA 12 W WARSZAWIE!!! W przypadku op\u0142acenia zam\u00f3wienia alkoholu z wysy\u0142k\u0105, przy zwrocie pieni\u0119dzy zostanie potr\u0105cona prowizja\u00a0<\/span><strong style=\"color: #ff0000;\">DOTPAY<\/strong><span style=\"color: #ff0000;\">!<\/span><\/span><\/p>\n<p class=\"MsoNormal\" style=\"margin-bottom: 0.0001pt;\"><span style=\"font-weight: bold;\"> <span style=\"font-size: 18pt; font-style: italic;\">Chardonnay \/ Viogner<\/span><\/span> <span style=\"font-size: 18pt; font-weight: bold;\"><br \/> <!--  \t\t[if !supportLineBreakNewLine]  \t\t--> <br \/> <!--  \t\t[endif]  \t\t--> <\/span><\/p>\n<p class=\"MsoNormal\" style=\"margin-bottom: 0.0001pt;\"><span style=\"font-size: 12pt; font-style: italic;\">\u00a0<\/span> <span style=\"font-size: 14pt; font-style: italic;\">Region<\/span> <span style=\"font-size: 12pt; font-style: italic;\"><br \/> <!--  \t\t[if !supportLineBreakNewLine]  \t\t--> <br \/> <!--  \t\t[endif]  \t\t--> <\/span><\/p>\n<p class=\"MsoNormal\" style=\"margin-bottom: 0.0001pt;\"><span style=\"font-style: italic;\">Fronteira &#8211; RS<\/span><br \/> \u00a0<br \/> <!--  \t[if !supportLineBreakNewLine]  \t--> <br \/> <!--  \t[endif]  \t--><\/p>\n<p class=\"MsoNormal\" style=\"margin-bottom: 0.0001pt;\"><span style=\"font-size: 14pt; font-style: italic;\">Kolor<\/span><\/p>\n<p class=\"MsoNormal\" style=\"margin-bottom: 0.0001pt;\">Barwa jasna i klarowna, s\u0142abo intensywne kolory , odcienie \u017c\u00f3\u0142tego \u015bwiat\u0142a z zielonymi tonami .<br \/> <!--  \t[if !supportLineBreakNewLine]  \t--> <br \/> <!--  \t[endif]  \t--><\/p>\n<p class=\"MsoNormal\" style=\"margin-bottom: 0.0001pt;\"><span style=\"font-size: 14pt; font-style: italic;\">Aromat\u00a0<\/span> <span style=\"font-size: 12.0pt;\"><br \/> <\/span>Owocowy aromat, przypominaj\u0105cy owoce cytrusowe i jab\u0142ka <span style=\"font-size: 12.0pt;\"> .<br \/> <!--  \t\t[if !supportLineBreakNewLine]  \t\t--> <br \/> <!--  \t\t[endif]  \t\t--> <\/span><\/p>\n<p class=\"MsoNormal\" style=\"margin-bottom: 0.0001pt;\"><span style=\"font-size: 12.0pt;\">\u00a0<\/span> <span style=\"font-size: 14pt; font-style: italic;\">Smak <\/span><\/p>\n<p class=\"MsoNormal\" style=\"margin-bottom: 0.0001pt;\">Lekkie i przyjemne wino o du\u017cej \u015bwie\u017co\u015bci .<\/p>\n<p> <span style=\"font-size: 14pt; font-style: italic;\">Alkohol<\/span> <span style=\"font-size: 12.0pt;\"><br \/> <\/span>12%.<br \/> Idealna temperatura podania od 8 \u00b0 C do 10 \u00b0 C.<\/p>\n<p class=\"MsoNormal\" style=\"margin-bottom: .0001pt; mso-layout-grid-align: none; text-autospace: none;\">\u00a0<\/p>\n<p class=\"MsoNormal\" style=\"margin-bottom: .0001pt; mso-layout-grid-align: none; text-autospace: none;\">\u00a0<\/p>\n<p class=\"MsoNormal\" style=\"margin-bottom: .0001pt; mso-layout-grid-align: none; text-autospace: none;\">\u00a0<\/p>\n","protected":false},"excerpt":{"rendered":"<p>Chardonnay \/ Viogner Region Fronteira &#8211; RS Kolor Barwa jasna i klarowna, s\u0142abo intensywne kolory , odcienie \u017c\u00f3\u0142tego \u015bwiat\u0142a z zielonymi tonami . Aromat Owocowy aromat, przypominaj\u0105cy owoce cytrusowe i jab\u0142ka . Smak Lekkie i przyjemne wino o du\u017cej \u015bwi&#8230;<\/p>\n","protected":false},"featured_media":12647,"comment_status":"open","ping_status":"closed","template":"","meta":[],"product_cat":[127,80],"product_tag":[],"class_list":{"0":"post-12648","1":"product","2":"type-product","3":"status-publish","4":"has-post-thumbnail","6":"product_cat-brazylia","7":"product_cat-wina-swiata","9":"first","10":"instock","11":"shipping-taxable","12":"purchasable","13":"product-type-simple"},"_links":{"self":[{"href":"http:\/\/delikatesy.wineport.pl\/index.php?rest_route=\/wp\/v2\/product\/12648","targetHints":{"allow":["GET"]}}],"collection":[{"href":"http:\/\/delikatesy.wineport.pl\/index.php?rest_route=\/wp\/v2\/product"}],"about":[{"href":"http:\/\/delikatesy.wineport.pl\/index.php?rest_route=\/wp\/v2\/types\/product"}],"replies":[{"embeddable":true,"href":"http:\/\/delikatesy.wineport.pl\/index.php?rest_route=%2Fwp%2Fv2%2Fcomments&post=12648"}],"wp:featuredmedia":[{"embeddable":true,"href":"http:\/\/delikatesy.wineport.pl\/index.php?rest_route=\/wp\/v2\/media\/12647"}],"wp:attachment":[{"href":"http:\/\/delikatesy.wineport.pl\/index.php?rest_route=%2Fwp%2Fv2%2Fmedia&parent=12648"}],"wp:term":[{"taxonomy":"product_cat","embeddable":true,"href":"http:\/\/delikatesy.wineport.pl\/index.php?rest_route=%2Fwp%2Fv2%2Fproduct_cat&post=12648"},{"taxonomy":"product_tag","embeddable":true,"href":"http:\/\/delikatesy.wineport.pl\/index.php?rest_route=%2Fwp%2Fv2%2Fproduct_tag&post=12648"}],"curies":[{"name":"wp","href":"https:\/\/api.w.org\/{rel}","templated":true}]}}