{"id":12650,"date":"2024-03-14T13:37:55","date_gmt":"2024-03-14T12:37:55","guid":{"rendered":"http:\/\/delikatesy.wineport.pl\/?product=wino-miolo-selecao-pinot-grigio-riesling-075l"},"modified":"2026-05-10T18:43:12","modified_gmt":"2026-05-10T16:43:12","slug":"wino-miolo-selecao-pinot-grigio-riesling-075l","status":"publish","type":"product","link":"http:\/\/delikatesy.wineport.pl\/?product=wino-miolo-selecao-pinot-grigio-riesling-075l","title":{"rendered":"Wino Miolo Sele\u00e7\u00e3o Pinot Grigio Riesling 0,75L"},"content":{"rendered":"<p class=\"MsoNormal\" style=\"margin-bottom: .0001pt; mso-layout-grid-align: none; text-autospace: none;\"><span style=\"font-weight: bold;\"><span style=\"color: #ff0000;\">UWAGA!!! NIE WYSY\u0141AMY ALKOHOLU KURIEREM W PRZYPADKU ZAM\u00d3WIE\u0143 OD OS\u00d3B PRYWATNYCH, TYLKO ODBI\u00d3R OSOBISTY NA UL. \u015aW. STANIS\u0141AWA 12 W WARSZAWIE!!! W przypadku op\u0142acenia zam\u00f3wienia alkoholu z wysy\u0142k\u0105, przy zwrocie pieni\u0119dzy zostanie potr\u0105cona prowizja\u00a0<\/span><strong style=\"color: #ff0000;\">DOTPAY<\/strong><span style=\"color: #ff0000;\">!<\/span><\/span><\/p>\n<p class=\"MsoNormal\" style=\"margin-bottom: .0001pt; mso-layout-grid-align: none; text-autospace: none;\"><span style=\"font-weight: bold;\"> <span lang=\"EN-US\" style=\"font-size: 18pt; line-height: 115%; font-style: italic;\">Pinot Grigio \/ Riesling<\/span><\/span> <span lang=\"EN-US\" style=\"font-size: 18pt; line-height: 115%; font-weight: bold;\"><br \/> <!--  \t\t[if !supportLineBreakNewLine]  \t\t--> <br \/> <!--  \t\t[endif]  \t\t--> <\/span><\/p>\n<p class=\"MsoNormal\" style=\"margin-bottom: .0001pt; mso-layout-grid-align: none; text-autospace: none;\"><span lang=\"EN-US\" style=\"font-size: 14pt; line-height: 115%; font-style: italic;\">Region<\/span> <span lang=\"EN-US\"><br \/> <span style=\"font-style: italic;\">Fronteira &#8211; RS<\/span><br \/> <!--  \t\t[if !supportLineBreakNewLine]  \t\t--> <br \/> <!--  \t\t[endif]  \t\t--> <\/span><\/p>\n<p class=\"MsoNormal\" style=\"margin-bottom: .0001pt; mso-layout-grid-align: none; text-autospace: none;\"><span style=\"font-size: 14pt; line-height: 115%; font-style: italic;\">Kolor<\/span><br \/> Jasny i klarowny, \u017c\u00f3\u0142ty o bardzo jasnym zabarwieniu .<br \/> \u00a0<\/p>\n<p class=\"MsoNormal\" style=\"margin-bottom: .0001pt; mso-layout-grid-align: none; text-autospace: none;\"><span style=\"font-size: 14pt; line-height: 115%; font-style: italic;\">Aromat<\/span><br \/> Elegancki i d\u0142ugotrwa\u0142y aromat bia\u0142ych owoc\u00f3w pestkowych, gruszki i moreli, wyczuwalne przyjemne delikatne nuty kwiatowe.<br \/> \u00a0<\/p>\n<p class=\"MsoNormal\" style=\"margin-bottom: .0001pt; mso-layout-grid-align: none; text-autospace: none;\"><span style=\"font-size: 14pt; line-height: 115%; font-style: italic;\">Smak<\/span><br \/> Dobra r\u00f3wnowaga w ustach, struktura oparta na po\u0142\u0105czeniu\u00a0 zr\u00f3wnowa\u017conej kwasowo\u015bci z orze\u017awiaj\u0105cym posmakiem.<br \/> \u00a0<br \/> <span style=\"font-size: 14pt; line-height: 115%; font-style: italic;\">Alkohol<\/span><br \/> \u00a012%.<br \/> \u00a0Idealna temperatura spo\u017cycia od 8 \u00b0 C do 10 \u00b0 C.<\/p>\n","protected":false},"excerpt":{"rendered":"<p>Pinot Grigio \/ Riesling Region Fronteira &#8211; RS Kolor Jasny i klarowny, \u017c\u00f3\u0142ty o bardzo jasnym zabarwieniu . Aromat Elegancki i d\u0142ugotrwa\u0142y aromat bia\u0142ych owoc\u00f3w pestkowych, gruszki i moreli, wyczuwalne przyjemne delikatne nuty kwiatowe. Smak Dobra r\u00f3wn&#8230;<\/p>\n","protected":false},"featured_media":12649,"comment_status":"open","ping_status":"closed","template":"","meta":[],"product_cat":[127,80],"product_tag":[],"class_list":{"0":"post-12650","1":"product","2":"type-product","3":"status-publish","4":"has-post-thumbnail","6":"product_cat-brazylia","7":"product_cat-wina-swiata","9":"first","10":"instock","11":"shipping-taxable","12":"purchasable","13":"product-type-simple"},"_links":{"self":[{"href":"http:\/\/delikatesy.wineport.pl\/index.php?rest_route=\/wp\/v2\/product\/12650","targetHints":{"allow":["GET"]}}],"collection":[{"href":"http:\/\/delikatesy.wineport.pl\/index.php?rest_route=\/wp\/v2\/product"}],"about":[{"href":"http:\/\/delikatesy.wineport.pl\/index.php?rest_route=\/wp\/v2\/types\/product"}],"replies":[{"embeddable":true,"href":"http:\/\/delikatesy.wineport.pl\/index.php?rest_route=%2Fwp%2Fv2%2Fcomments&post=12650"}],"wp:featuredmedia":[{"embeddable":true,"href":"http:\/\/delikatesy.wineport.pl\/index.php?rest_route=\/wp\/v2\/media\/12649"}],"wp:attachment":[{"href":"http:\/\/delikatesy.wineport.pl\/index.php?rest_route=%2Fwp%2Fv2%2Fmedia&parent=12650"}],"wp:term":[{"taxonomy":"product_cat","embeddable":true,"href":"http:\/\/delikatesy.wineport.pl\/index.php?rest_route=%2Fwp%2Fv2%2Fproduct_cat&post=12650"},{"taxonomy":"product_tag","embeddable":true,"href":"http:\/\/delikatesy.wineport.pl\/index.php?rest_route=%2Fwp%2Fv2%2Fproduct_tag&post=12650"}],"curies":[{"name":"wp","href":"https:\/\/api.w.org\/{rel}","templated":true}]}}