{"id":12690,"date":"2024-03-14T13:38:02","date_gmt":"2024-03-14T12:38:02","guid":{"rendered":"http:\/\/delikatesy.wineport.pl\/?product=anthon-berg-sweet-moments-owoce-w-marcepanie"},"modified":"2026-05-10T18:44:06","modified_gmt":"2026-05-10T16:44:06","slug":"anthon-berg-sweet-moments-owoce-w-marcepanie","status":"publish","type":"product","link":"http:\/\/delikatesy.wineport.pl\/?product=anthon-berg-sweet-moments-owoce-w-marcepanie","title":{"rendered":"Anthon Berg Sweet Moments Owoce w Marcepanie"},"content":{"rendered":"<p class=\"MsoNormal\">Wersja  z miniaturyzowana jednego z najbardziej znanych produkt\u00f3w firmy Anthon Berg  (owoc\u00f3w w marcepanie z alkoholem). Torebka zawiera pakowane pojedynczo  marcepanowe kr\u0105\u017cki w polewie z deserowej czekolady, wype\u0142nione musem w trzech  wersjach smakowych- winogron z muskatem, \u015bliwek z madeir\u0105 oraz truskawek z  szampanem. W ofercie posiadamy tak\u017ce wi\u0119ksze wersje smakowe marcepan\u00f3w firmy  Anthon Berg. &nbsp; Gramatura 165g.  \t<o:p><\/o:p><\/p>\n","protected":false},"excerpt":{"rendered":"<p>Wersja z miniaturyzowana jednego z najbardziej znanych produkt\u00f3w firmy Anthon Berg (owoc\u00f3w w marcepanie z alkoholem). Torebka zawiera pakowane pojedynczo marcepanowe kr\u0105\u017cki w polewie z deserowej czekolady, wype\u0142nione musem w trzech wersjach smakowych&#8230;<\/p>\n","protected":false},"featured_media":12689,"comment_status":"open","ping_status":"closed","template":"","meta":[],"product_cat":[173,185],"product_tag":[],"class_list":{"0":"post-12690","1":"product","2":"type-product","3":"status-publish","4":"has-post-thumbnail","6":"product_cat-artykuly-delikatesowe","7":"product_cat-wyroby-czekoladowe","9":"first","10":"instock","11":"shipping-taxable","12":"purchasable","13":"product-type-simple"},"_links":{"self":[{"href":"http:\/\/delikatesy.wineport.pl\/index.php?rest_route=\/wp\/v2\/product\/12690","targetHints":{"allow":["GET"]}}],"collection":[{"href":"http:\/\/delikatesy.wineport.pl\/index.php?rest_route=\/wp\/v2\/product"}],"about":[{"href":"http:\/\/delikatesy.wineport.pl\/index.php?rest_route=\/wp\/v2\/types\/product"}],"replies":[{"embeddable":true,"href":"http:\/\/delikatesy.wineport.pl\/index.php?rest_route=%2Fwp%2Fv2%2Fcomments&post=12690"}],"wp:featuredmedia":[{"embeddable":true,"href":"http:\/\/delikatesy.wineport.pl\/index.php?rest_route=\/wp\/v2\/media\/12689"}],"wp:attachment":[{"href":"http:\/\/delikatesy.wineport.pl\/index.php?rest_route=%2Fwp%2Fv2%2Fmedia&parent=12690"}],"wp:term":[{"taxonomy":"product_cat","embeddable":true,"href":"http:\/\/delikatesy.wineport.pl\/index.php?rest_route=%2Fwp%2Fv2%2Fproduct_cat&post=12690"},{"taxonomy":"product_tag","embeddable":true,"href":"http:\/\/delikatesy.wineport.pl\/index.php?rest_route=%2Fwp%2Fv2%2Fproduct_tag&post=12690"}],"curies":[{"name":"wp","href":"https:\/\/api.w.org\/{rel}","templated":true}]}}