{"id":12703,"date":"2024-03-14T13:38:08","date_gmt":"2024-03-14T12:38:08","guid":{"rendered":"http:\/\/delikatesy.wineport.pl\/?product=wino-chateau-cojusna-chardonay-b-pw-075l"},"modified":"2026-05-10T18:44:07","modified_gmt":"2026-05-10T16:44:07","slug":"wino-chateau-cojusna-chardonay-b-pw-075l","status":"publish","type":"product","link":"http:\/\/delikatesy.wineport.pl\/?product=wino-chateau-cojusna-chardonay-b-pw-075l","title":{"rendered":"Wino Chateau Cojusna Chardonay b\/pw 0,75L"},"content":{"rendered":"<p class=\"MsoPlainText\"><span style=\"color: #ff0000;\">UWAGA!!! NIE WYSY\u0141AMY ALKOHOLU KURIEREM W PRZYPADKU ZAM\u00d3WIE\u0143 OD OS\u00d3B PRYWATNYCH, TYLKO ODBI\u00d3R OSOBISTY NA UL. \u015aW. STANIS\u0141AWA 12 W WARSZAWIE!!! W przypadku op\u0142acenia zam\u00f3wienia alkoholu z wysy\u0142k\u0105, przy zwrocie pieni\u0119dzy zostanie potr\u0105cona prowizja\u00a0<\/span><strong style=\"color: #ff0000;\">DOTPAY<\/strong><span style=\"color: #ff0000;\">!<\/span><\/p>\n<p class=\"MsoPlainText\">Wino bia\u0142e p\u00f3\u0142wytrawne<\/p>\n<p class=\"MsoPlainText\">Kraj pochodzenia: Mo\u0142dawia<\/p>\n<p class=\"MsoPlainText\">SZCZEP : Chardonnay<\/p>\n<p class=\"MsoPlainText\">\u00a0<\/p>\n<p class=\"MsoPlainText\">Posiada kolor o jaskrawych i \u017c\u00f3\u0142tych tonach z zielonymi odcieniami.<\/p>\n<p class=\"MsoPlainText\">Kompleksowy aromat banan\u00f3w i tropikalnych owoc\u00f3w nadaje mu indywidualny charakter. W ustach pozostawia niezwyk\u0142\u0105 \u015bwie\u017co\u015b\u0107 i d\u0142ugi delikatny posmak.<\/p>\n<p class=\"MsoPlainText\">\u00a0<\/p>\n","protected":false},"excerpt":{"rendered":"<p>Wino bia\u0142e p\u00f3\u0142wytrawne Kraj pochodzenia: Mo\u0142dawia SZCZEP : Chardonnay Posiada kolor o jaskrawych i \u017c\u00f3\u0142tych tonach z zielonymi odcieniami. Kompleksowy aromat banan\u00f3w i tropikalnych owoc\u00f3w nadaje mu indywidualny charakter. W ustach pozostawia niezwyk\u0142\u0105&#8230;<\/p>\n","protected":false},"featured_media":12702,"comment_status":"open","ping_status":"closed","template":"","meta":[],"product_cat":[102,80],"product_tag":[],"class_list":{"0":"post-12703","1":"product","2":"type-product","3":"status-publish","4":"has-post-thumbnail","6":"product_cat-moldawia","7":"product_cat-wina-swiata","9":"first","10":"instock","11":"shipping-taxable","12":"purchasable","13":"product-type-simple"},"_links":{"self":[{"href":"http:\/\/delikatesy.wineport.pl\/index.php?rest_route=\/wp\/v2\/product\/12703","targetHints":{"allow":["GET"]}}],"collection":[{"href":"http:\/\/delikatesy.wineport.pl\/index.php?rest_route=\/wp\/v2\/product"}],"about":[{"href":"http:\/\/delikatesy.wineport.pl\/index.php?rest_route=\/wp\/v2\/types\/product"}],"replies":[{"embeddable":true,"href":"http:\/\/delikatesy.wineport.pl\/index.php?rest_route=%2Fwp%2Fv2%2Fcomments&post=12703"}],"wp:featuredmedia":[{"embeddable":true,"href":"http:\/\/delikatesy.wineport.pl\/index.php?rest_route=\/wp\/v2\/media\/12702"}],"wp:attachment":[{"href":"http:\/\/delikatesy.wineport.pl\/index.php?rest_route=%2Fwp%2Fv2%2Fmedia&parent=12703"}],"wp:term":[{"taxonomy":"product_cat","embeddable":true,"href":"http:\/\/delikatesy.wineport.pl\/index.php?rest_route=%2Fwp%2Fv2%2Fproduct_cat&post=12703"},{"taxonomy":"product_tag","embeddable":true,"href":"http:\/\/delikatesy.wineport.pl\/index.php?rest_route=%2Fwp%2Fv2%2Fproduct_tag&post=12703"}],"curies":[{"name":"wp","href":"https:\/\/api.w.org\/{rel}","templated":true}]}}